{"id":10311,"date":"2014-12-05T11:50:45","date_gmt":"2014-12-05T17:50:45","guid":{"rendered":"http:\/\/www.congresocoahuila.gob.mx\/portal\/?page_id=10311"},"modified":"2015-01-06T03:22:05","modified_gmt":"2015-01-06T03:22:05","slug":"primer-periodo-extraordinario-2012","status":"publish","type":"page","link":"https:\/\/www.congresocoahuila.gob.mx\/portal\/primer-periodo-extraordinario-2012\/","title":{"rendered":"PRIMER PER\u00cdODO EXTRAORDINARIO-2012"},"content":{"rendered":"<p><strong>PRIMER A\u00d1O DE EJERCICIO CONSTITUCIONAL 2012<br \/>\nPRIMER PER\u00cdODO EXTRAORDINARIO <\/strong><\/p>\n<p><a href=\"http:\/\/www.congresocoahuila.gob.mx\/portal\/wp-content\/uploads\/2014\/11\/20121pe1.pdf\">Sesi\u00f3n del d\u00eda 7 de mayo de 2012<\/a><br \/>\n<a href=\"http:\/\/www.congresocoahuila.gob.mx\/portal\/wp-content\/uploads\/2014\/11\/20121pe2.pdf\">Sesi\u00f3n del d\u00eda 18 de mayo de 2012<\/a><br \/>\n<a href=\"http:\/\/www.congresocoahuila.gob.mx\/portal\/wp-content\/uploads\/2014\/11\/20121pe3.pdf\">Sesi\u00f3n del d\u00eda 22 de mayo de 2012<\/a><br \/>\n<a href=\"http:\/\/www.congresocoahuila.gob.mx\/portal\/wp-content\/uploads\/2014\/11\/20121pe4.pdf\">Sesi\u00f3n del d\u00eda 29 de mayo de 2012<\/a><br \/>\n<a href=\"http:\/\/www.congresocoahuila.gob.mx\/portal\/wp-content\/uploads\/2014\/11\/20121pe5.pdf\">Sesi\u00f3n del d\u00eda 11 de junio de 2012<\/a><br \/>\n<a href=\"http:\/\/www.congresocoahuila.gob.mx\/portal\/wp-content\/uploads\/2014\/11\/20121pe6.pdf\">Sesi\u00f3n del d\u00eda 19 de junio de 2012<\/a><br \/>\n<a href=\"http:\/\/www.congresocoahuila.gob.mx\/portal\/wp-content\/uploads\/2014\/11\/20121pe7.pdf\">Sesi\u00f3n del d\u00eda 26 de junio de 2012<\/a><br \/>\n<a href=\"http:\/\/www.congresocoahuila.gob.mx\/portal\/wp-content\/uploads\/2014\/11\/20121pe8.pdf\">Sesi\u00f3n del d\u00eda 10 de julio de 2012<\/a><br \/>\n<a href=\"http:\/\/www.congresocoahuila.gob.mx\/portal\/wp-content\/uploads\/2014\/11\/20121pe9.pdf\">Sesi\u00f3n del d\u00eda 14 de agosto de 2012<\/a><br \/>\n<a href=\"http:\/\/www.congresocoahuila.gob.mx\/portal\/wp-content\/uploads\/2014\/11\/20121pe10.pdf\">Sesi\u00f3n del d\u00eda 21 de agosto de 2012<\/a><\/p>\n","protected":false},"excerpt":{"rendered":"<p>PRIMER A\u00d1O DE EJERCICIO CONSTITUCIONAL 2012 PRIMER PER\u00cdODO EXTRAORDINARIO Sesi\u00f3n del d\u00eda 7 de mayo de 2012 Sesi\u00f3n del d\u00eda 18 de mayo de 2012 Sesi\u00f3n del d\u00eda 22 de mayo de 2012 Sesi\u00f3n del d\u00eda 29 de mayo de 2012 Sesi\u00f3n del d\u00eda 11 de junio de 2012 Sesi\u00f3n del d\u00eda 19 de junio [&hellip;]<\/p>\n","protected":false},"author":3,"featured_media":0,"parent":0,"menu_order":0,"comment_status":"closed","ping_status":"closed","template":"","meta":{"footnotes":""},"categories":[],"tags":[],"class_list":["post-10311","page","type-page","status-publish","hentry"],"_links":{"self":[{"href":"https:\/\/www.congresocoahuila.gob.mx\/portal\/wp-json\/wp\/v2\/pages\/10311","targetHints":{"allow":["GET"]}}],"collection":[{"href":"https:\/\/www.congresocoahuila.gob.mx\/portal\/wp-json\/wp\/v2\/pages"}],"about":[{"href":"https:\/\/www.congresocoahuila.gob.mx\/portal\/wp-json\/wp\/v2\/types\/page"}],"author":[{"embeddable":true,"href":"https:\/\/www.congresocoahuila.gob.mx\/portal\/wp-json\/wp\/v2\/users\/3"}],"replies":[{"embeddable":true,"href":"https:\/\/www.congresocoahuila.gob.mx\/portal\/wp-json\/wp\/v2\/comments?post=10311"}],"version-history":[{"count":4,"href":"https:\/\/www.congresocoahuila.gob.mx\/portal\/wp-json\/wp\/v2\/pages\/10311\/revisions"}],"predecessor-version":[{"id":12178,"href":"https:\/\/www.congresocoahuila.gob.mx\/portal\/wp-json\/wp\/v2\/pages\/10311\/revisions\/12178"}],"wp:attachment":[{"href":"https:\/\/www.congresocoahuila.gob.mx\/portal\/wp-json\/wp\/v2\/media?parent=10311"}],"wp:term":[{"taxonomy":"category","embeddable":true,"href":"https:\/\/www.congresocoahuila.gob.mx\/portal\/wp-json\/wp\/v2\/categories?post=10311"},{"taxonomy":"post_tag","embeddable":true,"href":"https:\/\/www.congresocoahuila.gob.mx\/portal\/wp-json\/wp\/v2\/tags?post=10311"}],"curies":[{"name":"wp","href":"https:\/\/api.w.org\/{rel}","templated":true}]}}