{"id":11065,"date":"2014-12-10T11:52:14","date_gmt":"2014-12-10T17:52:14","guid":{"rendered":"http:\/\/www.congresocoahuila.gob.mx\/portal\/?page_id=11065"},"modified":"2014-12-10T11:52:14","modified_gmt":"2014-12-10T17:52:14","slug":"reuniones-del-pleno-2012-2014","status":"publish","type":"page","link":"https:\/\/www.congresocoahuila.gob.mx\/portal\/reuniones-del-pleno-2012-2014\/","title":{"rendered":"REUNIONES DEL PLENO-2012-2014"},"content":{"rendered":"<p><span class=\"Estilo9\"><strong>REUNIONES DEL PLENO<\/strong><\/span><\/p>\n<p>La asistencia de las Diputadas y los Diputados en las sesiones del Pleno del Congreso y de la Diputaci\u00f3n Permanente, se registra mediante el sistema electr\u00f3nico al inicio de cada sesi\u00f3n.<\/p>\n<p>Asimismo, se informa sobre los legisladores que dieron aviso previo de que no asistir\u00edan, as\u00ed como del n\u00famero de Diputadas y Diputados presentes, con la finalidad de verificar el qu\u00f3rum necesario para el desarrollo de las sesiones.<\/p>\n<p>La cual se complementa al t\u00e9rmino de cada sesi\u00f3n, para consignar el n\u00famero total de Diputadas y Diputados que estuvieron presentes, a fin de considerar a quienes no registraron su asistencia al inicio de la sesi\u00f3n.<\/p>\n<p>Esta informaci\u00f3n se consigna en la Minuta y en el Diario de los Debates de cada sesi\u00f3n.<\/p>\n<p><span class=\"Estilo9\"><strong>MINUTAS<\/strong><\/span><\/p>\n<p><a href=\"http:\/\/www.congresocoahuila.gob.mx\/portal\/wp-content\/uploads\/2014\/11\/minutaslix.pdf\">Minutas LIX Legislatura 2012-2014<\/a><\/p>\n<p><span class=\"Estilo9\"><strong>DIARIO DE LOS DEBATES<\/strong><\/span><\/p>\n<p><a href=\"http:\/\/www.congresocoahuila.gob.mx\/portal?page_id=1516\">Diario de los Debates LIX Legislatura 2012-2014<\/a><\/p>\n","protected":false},"excerpt":{"rendered":"<p>REUNIONES DEL PLENO La asistencia de las Diputadas y los Diputados en las sesiones del Pleno del Congreso y de la Diputaci\u00f3n Permanente, se registra mediante el sistema electr\u00f3nico al inicio de cada sesi\u00f3n. Asimismo, se informa sobre los legisladores que dieron aviso previo de que no asistir\u00edan, as\u00ed como del n\u00famero de Diputadas y [&hellip;]<\/p>\n","protected":false},"author":3,"featured_media":0,"parent":0,"menu_order":0,"comment_status":"closed","ping_status":"closed","template":"","meta":{"footnotes":""},"categories":[],"tags":[],"class_list":["post-11065","page","type-page","status-publish","hentry"],"_links":{"self":[{"href":"https:\/\/www.congresocoahuila.gob.mx\/portal\/wp-json\/wp\/v2\/pages\/11065","targetHints":{"allow":["GET"]}}],"collection":[{"href":"https:\/\/www.congresocoahuila.gob.mx\/portal\/wp-json\/wp\/v2\/pages"}],"about":[{"href":"https:\/\/www.congresocoahuila.gob.mx\/portal\/wp-json\/wp\/v2\/types\/page"}],"author":[{"embeddable":true,"href":"https:\/\/www.congresocoahuila.gob.mx\/portal\/wp-json\/wp\/v2\/users\/3"}],"replies":[{"embeddable":true,"href":"https:\/\/www.congresocoahuila.gob.mx\/portal\/wp-json\/wp\/v2\/comments?post=11065"}],"version-history":[{"count":0,"href":"https:\/\/www.congresocoahuila.gob.mx\/portal\/wp-json\/wp\/v2\/pages\/11065\/revisions"}],"wp:attachment":[{"href":"https:\/\/www.congresocoahuila.gob.mx\/portal\/wp-json\/wp\/v2\/media?parent=11065"}],"wp:term":[{"taxonomy":"category","embeddable":true,"href":"https:\/\/www.congresocoahuila.gob.mx\/portal\/wp-json\/wp\/v2\/categories?post=11065"},{"taxonomy":"post_tag","embeddable":true,"href":"https:\/\/www.congresocoahuila.gob.mx\/portal\/wp-json\/wp\/v2\/tags?post=11065"}],"curies":[{"name":"wp","href":"https:\/\/api.w.org\/{rel}","templated":true}]}}