{"id":1240,"date":"2014-11-20T14:49:45","date_gmt":"2014-11-20T20:49:45","guid":{"rendered":"http:\/\/www.congresocoahuila.gob.mx\/portal\/?page_id=1240"},"modified":"2022-07-06T10:07:34","modified_gmt":"2022-07-06T15:07:34","slug":"articulo21-5","status":"publish","type":"page","link":"https:\/\/www.congresocoahuila.gob.mx\/portal\/articulo21-5\/","title":{"rendered":"ARTICULO 21.V"},"content":{"rendered":"<p><strong>LA REMUNERACI\u00d3N MENSUAL POR PUESTO DE TODOS LOS SERVIDORES P\u00daBLICOS POR SUELDO O POR HONORARIOS, INCLUYENDO TODAS LAS PERCEPCIONES;<\/strong><\/p>\n<p><strong>N\u00d3MINAS<\/strong><br \/>\n<a href=\"https:\/\/www.congresocoahuila.gob.mx\/portal\/nominas-lxii-legislatura-2021-2023\/\">LXII Legislatura 2021-2023<\/a><br \/>\n<a href=\"http:\/\/congresocoahuila.gob.mx\/portal\/nomina-lxi-legislatura-2018-2020\">LXI Legislatura 2018-2020<\/a><br \/>\n<a href=\"http:\/\/congresocoahuila.gob.mx\/portal\/?page_id=19365\">LX Legislatura 2015-2017<\/a><br \/>\n<a title=\"21.V. N\u00d3MINA 2012-2014\" href=\"http:\/\/www.congresocoahuila.gob.mx\/portal?page_id=1255\">LIX Legislatura 2012-2014<\/a><br \/>\n<a title=\"21.V. N\u00d3MINA 2009-2011\" href=\"http:\/\/www.congresocoahuila.gob.mx\/portal?page_id=1336\">LVIII Legislatura 2009-2011<\/a><br \/>\n<a title=\"21.V. N\u00d3MINA 2006-2008\" href=\"http:\/\/www.congresocoahuila.gob.mx\/portal?page_id=1361\">LVII Legislatura 2006-2008<\/a><\/p>\n<p><strong>HONORARIOS<\/strong><br \/>\n<a href=\"https:\/\/congresocoahuila.gob.mx\/transparencia\/ART\/21\/5\/HONORARIOS\/LXII_LEG_2021_2023\/HONORARIOS_2022.doc\">LXII Legislatura 2021-2023<\/a><br \/>\n<a href=\"https:\/\/congresocoahuila.gob.mx\/transparencia\/ART\/21\/5\/HONORARIOS\/LXI_LEG-2018-2020\/HONORARIOS_2019_.doc\">LXI Legislatura 2018-2020<\/a><br \/>\n<a href=\"https:\/\/congresocoahuila.gob.mx\/transparencia\/ART\/21\/5\/HONORARIOS\/LX_LEG-2015-2017\/HONORARIOS_2015.doc\">LX Legislatura 2015-2017<\/a><br \/>\n<a title=\"21.V. HONORARIOS 2012-2014\" href=\"http:\/\/www.congresocoahuila.gob.mx\/portal?page_id=1380\">LIX Legislatura 2012-2014<\/a><\/p>\n<p><strong>ASIMILADOS<\/strong><br \/>\n<a href=\"https:\/\/congresocoahuila.gob.mx\/transparencia\/ART\/21\/5\/ASIMILADOS\/LXII_LEG_2021_2023\/ASIMILADOS_2022.doc\">LXII Legislatura 2021-2023<\/a><br \/>\n<a href=\"https:\/\/congresocoahuila.gob.mx\/transparencia\/ART\/21\/5\/ASIMILADOS\/LXI_LEG-2018-2020\/ASIMILADOS_2019.doc\">LXI Legislatura 2018-2020<\/a><br \/>\n<a href=\"https:\/\/congresocoahuila.gob.mx\/transparencia\/ART\/21\/5\/ASIMILADOS\/LX_LEG_2015-2017\/ASIMILADOS_2015.doc\">LX Legislatura 2015-2017<\/a><br \/>\n<a title=\"ARTICULO 21.V-LIX ASIMILADOS 2012-2014\" href=\"http:\/\/www.congresocoahuila.gob.mx\/portal?page_id=4900\">LIX Legislatura 2012-2014<\/a><\/p>\n<p><strong>TABULADORES<\/strong><br \/>\n<a href=\"https:\/\/www.congresocoahuila.gob.mx\/portal\/tabuladores-lxii-legislatura-2021-2023\/\">LXII Legislatura 2021-2023<\/a><br \/>\n<a href=\"http:\/\/congresocoahuila.gob.mx\/portal\/articulo-21-v-tabulador-2018-2020\">LXI Legislatura 2018-2020<\/a><br \/>\n<a title=\"TABULADORES-2015-2017\" href=\"http:\/\/congresocoahuila.gob.mx\/portal\/?page_id=13001\">LX Legislatura 2015-2017<\/a><br \/>\n<a title=\"21.V. TABULADORES 2012-2014\" href=\"http:\/\/www.congresocoahuila.gob.mx\/portal?page_id=1393\">LIX Legislatura 2012-2014<\/a><br \/>\n<a title=\"21.V. TABULADORES 2009-2011\" href=\"http:\/\/www.congresocoahuila.gob.mx\/portal?page_id=1396\">LVIII Legislatura 2009-2011<\/a><br \/>\n<a title=\"21.V. TABULADORES 2006-2008\" href=\"http:\/\/www.congresocoahuila.gob.mx\/portal?page_id=1405\">LVII Legislatura 2006-2008<\/a><\/p>\n<div>\n<div><strong>Fecha de Actualizaci\u00f3n:<\/strong> 1 de julio de 2022<\/div>\n<div id=\"m_-7014350593636062699signature\">\n<div id=\"m_-7014350593636062699divtagdefaultwrapper\" dir=\"ltr\">\n<div>\n<div dir=\"ltr\"><strong>Responsable de la Informaci\u00f3n:<\/strong>\u00a0C.P. Rogelio Torres Mendoza;<\/div>\n<div dir=\"ltr\">Director de Administraci\u00f3n y Recursos Humanos\u00a0<span dir=\"ltr\">del H. Congreso del Estado de Coahuila<\/span><\/div>\n<\/div>\n<\/div>\n<\/div>\n<\/div>\n","protected":false},"excerpt":{"rendered":"<p>LA REMUNERACI\u00d3N MENSUAL POR PUESTO DE TODOS LOS SERVIDORES P\u00daBLICOS POR SUELDO O POR HONORARIOS, INCLUYENDO TODAS LAS PERCEPCIONES; N\u00d3MINAS LXII Legislatura 2021-2023 LXI Legislatura 2018-2020 LX Legislatura 2015-2017 LIX Legislatura 2012-2014 LVIII Legislatura 2009-2011 LVII Legislatura 2006-2008 HONORARIOS LXII Legislatura 2021-2023 LXI Legislatura 2018-2020 LX Legislatura 2015-2017 LIX Legislatura 2012-2014 ASIMILADOS LXII Legislatura 2021-2023 [&hellip;]<\/p>\n","protected":false},"author":3,"featured_media":0,"parent":0,"menu_order":0,"comment_status":"closed","ping_status":"closed","template":"","meta":{"footnotes":""},"categories":[],"tags":[],"class_list":["post-1240","page","type-page","status-publish","hentry"],"_links":{"self":[{"href":"https:\/\/www.congresocoahuila.gob.mx\/portal\/wp-json\/wp\/v2\/pages\/1240","targetHints":{"allow":["GET"]}}],"collection":[{"href":"https:\/\/www.congresocoahuila.gob.mx\/portal\/wp-json\/wp\/v2\/pages"}],"about":[{"href":"https:\/\/www.congresocoahuila.gob.mx\/portal\/wp-json\/wp\/v2\/types\/page"}],"author":[{"embeddable":true,"href":"https:\/\/www.congresocoahuila.gob.mx\/portal\/wp-json\/wp\/v2\/users\/3"}],"replies":[{"embeddable":true,"href":"https:\/\/www.congresocoahuila.gob.mx\/portal\/wp-json\/wp\/v2\/comments?post=1240"}],"version-history":[{"count":93,"href":"https:\/\/www.congresocoahuila.gob.mx\/portal\/wp-json\/wp\/v2\/pages\/1240\/revisions"}],"predecessor-version":[{"id":43863,"href":"https:\/\/www.congresocoahuila.gob.mx\/portal\/wp-json\/wp\/v2\/pages\/1240\/revisions\/43863"}],"wp:attachment":[{"href":"https:\/\/www.congresocoahuila.gob.mx\/portal\/wp-json\/wp\/v2\/media?parent=1240"}],"wp:term":[{"taxonomy":"category","embeddable":true,"href":"https:\/\/www.congresocoahuila.gob.mx\/portal\/wp-json\/wp\/v2\/categories?post=1240"},{"taxonomy":"post_tag","embeddable":true,"href":"https:\/\/www.congresocoahuila.gob.mx\/portal\/wp-json\/wp\/v2\/tags?post=1240"}],"curies":[{"name":"wp","href":"https:\/\/api.w.org\/{rel}","templated":true}]}}