{"id":12743,"date":"2015-01-21T20:15:26","date_gmt":"2015-01-21T20:15:26","guid":{"rendered":"http:\/\/congresocoahuila.gob.mx\/portal\/?page_id=12743"},"modified":"2018-01-10T14:58:30","modified_gmt":"2018-01-10T20:58:30","slug":"reuniones-del-pleno-2015-2017","status":"publish","type":"page","link":"https:\/\/www.congresocoahuila.gob.mx\/portal\/reuniones-del-pleno-2015-2017\/","title":{"rendered":"REUNIONES DEL PLENO-2015-2017"},"content":{"rendered":"<p><span class=\"Estilo9\"><strong>REUNIONES DEL PLENO<\/strong><\/span><br \/>\nLa asistencia de las Diputadas y los Diputados en las sesiones del Pleno del Congreso y de la Diputaci\u00f3n Permanente, se registra mediante el sistema electr\u00f3nico al inicio de cada sesi\u00f3n.<\/p>\n<p>Asimismo, se informa sobre los legisladores que dieron aviso previo de que no asistir\u00edan, as\u00ed como del n\u00famero de Diputadas y Diputados presentes, con la finalidad de verificar el qu\u00f3rum necesario para el desarrollo de las sesiones.<\/p>\n<p>La cual se complementa al t\u00e9rmino de cada sesi\u00f3n, para consignar el n\u00famero total de Diputadas y Diputados que estuvieron presentes, a fin de considerar a quienes no registraron su asistencia al inicio de la sesi\u00f3n.<\/p>\n<p>Esta informaci\u00f3n se consigna en la Minuta y en el Diario de los Debates de cada sesi\u00f3n.<\/p>\n<p><span class=\"Estilo9\"><strong>MINUTAS<\/strong><\/span><\/p>\n<p><a href=\"http:\/\/congresocoahuila.gob.mx\/portal\/wp-content\/uploads\/2014\/11\/minutaslx.doc\">Minutas LX Legislatura 2015-2017<\/a><\/p>\n<p><span class=\"Estilo9\"><strong>DIARIO DE LOS DEBATES<\/strong><\/span><\/p>\n<p><a title=\"ART\u00cdCULO 21-XXIII-DEBATES-2015-2017\" href=\"http:\/\/congresocoahuila.gob.mx\/portal\/?page_id=12357\">Diario de los Debates LX Legislatura 2015-2017<\/a><\/p>\n<p>Fecha de actualizaci\u00f3n: 31 de Diciembre de 2017.<br \/>\nResponsable de la Informaci\u00f3n: Lic. Francisco Javier Rangel Castro,<br \/>\nOficial Mayor\u00a0del H.Congreso del Estado de Coahuila<\/p>\n","protected":false},"excerpt":{"rendered":"<p>REUNIONES DEL PLENO La asistencia de las Diputadas y los Diputados en las sesiones del Pleno del Congreso y de la Diputaci\u00f3n Permanente, se registra mediante el sistema electr\u00f3nico al inicio de cada sesi\u00f3n. Asimismo, se informa sobre los legisladores que dieron aviso previo de que no asistir\u00edan, as\u00ed como del n\u00famero de Diputadas y [&hellip;]<\/p>\n","protected":false},"author":3,"featured_media":0,"parent":0,"menu_order":0,"comment_status":"closed","ping_status":"closed","template":"","meta":{"footnotes":""},"categories":[],"tags":[],"class_list":["post-12743","page","type-page","status-publish","hentry"],"_links":{"self":[{"href":"https:\/\/www.congresocoahuila.gob.mx\/portal\/wp-json\/wp\/v2\/pages\/12743","targetHints":{"allow":["GET"]}}],"collection":[{"href":"https:\/\/www.congresocoahuila.gob.mx\/portal\/wp-json\/wp\/v2\/pages"}],"about":[{"href":"https:\/\/www.congresocoahuila.gob.mx\/portal\/wp-json\/wp\/v2\/types\/page"}],"author":[{"embeddable":true,"href":"https:\/\/www.congresocoahuila.gob.mx\/portal\/wp-json\/wp\/v2\/users\/3"}],"replies":[{"embeddable":true,"href":"https:\/\/www.congresocoahuila.gob.mx\/portal\/wp-json\/wp\/v2\/comments?post=12743"}],"version-history":[{"count":13,"href":"https:\/\/www.congresocoahuila.gob.mx\/portal\/wp-json\/wp\/v2\/pages\/12743\/revisions"}],"predecessor-version":[{"id":29722,"href":"https:\/\/www.congresocoahuila.gob.mx\/portal\/wp-json\/wp\/v2\/pages\/12743\/revisions\/29722"}],"wp:attachment":[{"href":"https:\/\/www.congresocoahuila.gob.mx\/portal\/wp-json\/wp\/v2\/media?parent=12743"}],"wp:term":[{"taxonomy":"category","embeddable":true,"href":"https:\/\/www.congresocoahuila.gob.mx\/portal\/wp-json\/wp\/v2\/categories?post=12743"},{"taxonomy":"post_tag","embeddable":true,"href":"https:\/\/www.congresocoahuila.gob.mx\/portal\/wp-json\/wp\/v2\/tags?post=12743"}],"curies":[{"name":"wp","href":"https:\/\/api.w.org\/{rel}","templated":true}]}}