{"id":12783,"date":"2015-01-22T21:34:20","date_gmt":"2015-01-22T21:34:20","guid":{"rendered":"http:\/\/congresocoahuila.gob.mx\/portal\/?page_id=12783"},"modified":"2015-01-23T17:12:18","modified_gmt":"2015-01-23T17:12:18","slug":"mesa-directiva-2","status":"publish","type":"page","link":"https:\/\/www.congresocoahuila.gob.mx\/portal\/mesa-directiva-2\/","title":{"rendered":"PER\u00cdODO DE INSTALACI\u00d3N DE LA LX LEGISLATURA"},"content":{"rendered":"<p><strong>MESA DIRECTIVA<\/strong><br \/>\n<del><\/del><\/p>\n<p><strong style=\"font-style: inherit;\">Presidente:\u00a0<\/strong>Dip<strong>.\u00a0<\/strong>Jos\u00e9 Mar\u00eda Fraustro Siller.<\/p>\n<p><strong style=\"font-style: inherit;\">Vicepresidenta:<\/strong>\u00a0Dip<strong>.\u00a0<\/strong>Ver\u00f3nica Mart\u00ednez Garc\u00eda.<\/p>\n<p><strong style=\"font-style: inherit;\">Vicepresidente:<\/strong>\u00a0Dip<strong>.\u00a0<\/strong>Jes\u00fas de Le\u00f3n Tello.<\/p>\n<p><strong style=\"font-style: inherit;\">Secreataria:<\/strong>\u00a0Dip<strong>.\u00a0<\/strong>Lariza Montiel Luis.<\/p>\n<p><strong style=\"font-style: inherit;\">Secretario:<\/strong>\u00a0Dip<strong>.\u00a0<\/strong>Melchor S\u00e1nchez de la Fuente.<\/p>\n<p><strong style=\"font-style: inherit;\">Secretaria:<\/strong>\u00a0Dip<strong>.\u00a0<\/strong>Luisa Ivone Gallegos Mart\u00ednez.<\/p>\n<p><strong style=\"font-style: inherit;\">Secretario:<\/strong>\u00a0Dip<strong>.\u00a0<\/strong>Sergio Garza Castillo.<\/p>\n","protected":false},"excerpt":{"rendered":"<p>MESA DIRECTIVA Presidente:\u00a0Dip.\u00a0Jos\u00e9 Mar\u00eda Fraustro Siller. Vicepresidenta:\u00a0Dip.\u00a0Ver\u00f3nica Mart\u00ednez Garc\u00eda. Vicepresidente:\u00a0Dip.\u00a0Jes\u00fas de Le\u00f3n Tello. Secreataria:\u00a0Dip.\u00a0Lariza Montiel Luis. Secretario:\u00a0Dip.\u00a0Melchor S\u00e1nchez de la Fuente. Secretaria:\u00a0Dip.\u00a0Luisa Ivone Gallegos Mart\u00ednez. Secretario:\u00a0Dip.\u00a0Sergio Garza Castillo.<\/p>\n","protected":false},"author":2,"featured_media":0,"parent":0,"menu_order":0,"comment_status":"closed","ping_status":"closed","template":"","meta":{"footnotes":""},"categories":[],"tags":[],"class_list":["post-12783","page","type-page","status-publish","hentry"],"_links":{"self":[{"href":"https:\/\/www.congresocoahuila.gob.mx\/portal\/wp-json\/wp\/v2\/pages\/12783","targetHints":{"allow":["GET"]}}],"collection":[{"href":"https:\/\/www.congresocoahuila.gob.mx\/portal\/wp-json\/wp\/v2\/pages"}],"about":[{"href":"https:\/\/www.congresocoahuila.gob.mx\/portal\/wp-json\/wp\/v2\/types\/page"}],"author":[{"embeddable":true,"href":"https:\/\/www.congresocoahuila.gob.mx\/portal\/wp-json\/wp\/v2\/users\/2"}],"replies":[{"embeddable":true,"href":"https:\/\/www.congresocoahuila.gob.mx\/portal\/wp-json\/wp\/v2\/comments?post=12783"}],"version-history":[{"count":7,"href":"https:\/\/www.congresocoahuila.gob.mx\/portal\/wp-json\/wp\/v2\/pages\/12783\/revisions"}],"predecessor-version":[{"id":12814,"href":"https:\/\/www.congresocoahuila.gob.mx\/portal\/wp-json\/wp\/v2\/pages\/12783\/revisions\/12814"}],"wp:attachment":[{"href":"https:\/\/www.congresocoahuila.gob.mx\/portal\/wp-json\/wp\/v2\/media?parent=12783"}],"wp:term":[{"taxonomy":"category","embeddable":true,"href":"https:\/\/www.congresocoahuila.gob.mx\/portal\/wp-json\/wp\/v2\/categories?post=12783"},{"taxonomy":"post_tag","embeddable":true,"href":"https:\/\/www.congresocoahuila.gob.mx\/portal\/wp-json\/wp\/v2\/tags?post=12783"}],"curies":[{"name":"wp","href":"https:\/\/api.w.org\/{rel}","templated":true}]}}