{"id":12787,"date":"2015-01-22T21:44:57","date_gmt":"2015-01-22T21:44:57","guid":{"rendered":"http:\/\/congresocoahuila.gob.mx\/portal\/?page_id=12787"},"modified":"2015-06-24T18:28:58","modified_gmt":"2015-06-24T18:28:58","slug":"diputacion-permanente-lx","status":"publish","type":"page","link":"https:\/\/www.congresocoahuila.gob.mx\/portal\/diputacion-permanente-lx\/","title":{"rendered":"DIPUTACI\u00d3N PERMANENTE LX"},"content":{"rendered":"<p><strong>DIPUTACI\u00d3N PERMANENTE<\/strong><\/p>\n<p>&nbsp;<\/p>\n<table border=\"0\" width=\"766\" cellspacing=\"0\" cellpadding=\"0\">\n<tbody>\n<tr>\n<td style=\"text-align: left;\" colspan=\"2\" bgcolor=\"#CCCCCC\">ENERO- FEBRERO<\/td>\n<\/tr>\n<tr>\n<td style=\"text-align: left;\" width=\"326\">Presidenta: Dip. Ver\u00f3nica Mart\u00ednez Garc\u00eda<\/td>\n<td style=\"text-align: left;\" width=\"424\">Suplente: Dip. Irma Leticia Casta\u00f1o Orozco<\/td>\n<\/tr>\n<tr>\n<td style=\"text-align: left;\">Vicepresidenta: Dip. Lariza Montiel Luis<\/td>\n<td style=\"text-align: left;\">Suplente:\u00a0Dip. Jes\u00fas de Le\u00f3n Tello<\/td>\n<\/tr>\n<tr>\n<td style=\"text-align: left;\">Secretaria: Dip. Georgina Cano Torralva<\/td>\n<td style=\"text-align: left;\">Suplente:\u00a0Dip. Sonia Villarreal P\u00e9rez<\/td>\n<\/tr>\n<tr>\n<td style=\"text-align: left;\">Secretaria: Dip. Lilia Isabel Guti\u00e9rrez Burciaga<\/td>\n<td style=\"text-align: left;\">Suplente:\u00a0Dip. Martha Hortensia Garay Cadena<\/td>\n<\/tr>\n<tr>\n<td style=\"text-align: left;\">Vocal: Dip. Francisco Tobias Hern\u00e1ndez<\/td>\n<td style=\"text-align: left;\">Suplente:\u00a0Dip. Javier D\u00edaz Gonz\u00e1lez<\/td>\n<\/tr>\n<tr>\n<td style=\"text-align: left;\">Vocal: Dip. Antonio Nerio Maltos<\/td>\n<td style=\"text-align: left;\">Suplente:\u00a0Dip. Jos\u00e9 Ricardo Sald\u00edvar Vaquera<\/td>\n<\/tr>\n<tr>\n<td style=\"text-align: left;\">Vocal: Dip. Luis Gurza Jaidar<\/td>\n<td style=\"text-align: left;\">Suplente:\u00a0Dip. Shamir Fern\u00e1ndez Hern\u00e1ndez<\/td>\n<\/tr>\n<tr>\n<td style=\"text-align: left;\">Vocal: Dip. Sergio Garza Castillo<\/td>\n<td style=\"text-align: left;\">Suplente:\u00a0Dip. Jos\u00e9 Armando Pruneda Valdez<\/td>\n<\/tr>\n<tr>\n<td style=\"text-align: left;\">Vocal: Dip. Leonel Contreras P\u00e1manes<\/td>\n<td style=\"text-align: left;\">Suplente:\u00a0Dip. Yolanda Olga Acu\u00f1a Contreras<\/td>\n<\/tr>\n<tr>\n<td style=\"text-align: left;\">Vocal: Dip. Javier de Jes\u00fas Rodr\u00edguez Mendoza<\/td>\n<td style=\"text-align: left;\">Suplente:\u00a0Dip. Claudia Elisa Morales Salazar<\/td>\n<\/tr>\n<tr>\n<td style=\"text-align: left;\">Vocal: Dip. Luisa Ivone Gallegos Mart\u00ednez<\/td>\n<td style=\"text-align: left;\">Suplente:\u00a0Dip. Ana Isabel Dur\u00e1n Pi\u00f1a<\/td>\n<\/tr>\n<\/tbody>\n<\/table>\n<p>&nbsp;<\/p>\n","protected":false},"excerpt":{"rendered":"<p>DIPUTACI\u00d3N PERMANENTE &nbsp; ENERO- FEBRERO Presidenta: Dip. Ver\u00f3nica Mart\u00ednez Garc\u00eda Suplente: Dip. Irma Leticia Casta\u00f1o Orozco Vicepresidenta: Dip. Lariza Montiel Luis Suplente:\u00a0Dip. Jes\u00fas de Le\u00f3n Tello Secretaria: Dip. Georgina Cano Torralva Suplente:\u00a0Dip. Sonia Villarreal P\u00e9rez Secretaria: Dip. Lilia Isabel Guti\u00e9rrez Burciaga Suplente:\u00a0Dip. Martha Hortensia Garay Cadena Vocal: Dip. Francisco Tobias Hern\u00e1ndez Suplente:\u00a0Dip. Javier D\u00edaz Gonz\u00e1lez [&hellip;]<\/p>\n","protected":false},"author":2,"featured_media":0,"parent":0,"menu_order":0,"comment_status":"closed","ping_status":"closed","template":"","meta":{"footnotes":""},"categories":[],"tags":[],"class_list":["post-12787","page","type-page","status-publish","hentry"],"_links":{"self":[{"href":"https:\/\/www.congresocoahuila.gob.mx\/portal\/wp-json\/wp\/v2\/pages\/12787","targetHints":{"allow":["GET"]}}],"collection":[{"href":"https:\/\/www.congresocoahuila.gob.mx\/portal\/wp-json\/wp\/v2\/pages"}],"about":[{"href":"https:\/\/www.congresocoahuila.gob.mx\/portal\/wp-json\/wp\/v2\/types\/page"}],"author":[{"embeddable":true,"href":"https:\/\/www.congresocoahuila.gob.mx\/portal\/wp-json\/wp\/v2\/users\/2"}],"replies":[{"embeddable":true,"href":"https:\/\/www.congresocoahuila.gob.mx\/portal\/wp-json\/wp\/v2\/comments?post=12787"}],"version-history":[{"count":12,"href":"https:\/\/www.congresocoahuila.gob.mx\/portal\/wp-json\/wp\/v2\/pages\/12787\/revisions"}],"predecessor-version":[{"id":15500,"href":"https:\/\/www.congresocoahuila.gob.mx\/portal\/wp-json\/wp\/v2\/pages\/12787\/revisions\/15500"}],"wp:attachment":[{"href":"https:\/\/www.congresocoahuila.gob.mx\/portal\/wp-json\/wp\/v2\/media?parent=12787"}],"wp:term":[{"taxonomy":"category","embeddable":true,"href":"https:\/\/www.congresocoahuila.gob.mx\/portal\/wp-json\/wp\/v2\/categories?post=12787"},{"taxonomy":"post_tag","embeddable":true,"href":"https:\/\/www.congresocoahuila.gob.mx\/portal\/wp-json\/wp\/v2\/tags?post=12787"}],"curies":[{"name":"wp","href":"https:\/\/api.w.org\/{rel}","templated":true}]}}