{"id":12801,"date":"2015-01-22T23:34:13","date_gmt":"2015-01-22T23:34:13","guid":{"rendered":"http:\/\/congresocoahuila.gob.mx\/portal\/?page_id=12801"},"modified":"2015-01-22T23:34:13","modified_gmt":"2015-01-22T23:34:13","slug":"mesa-directiva-lix","status":"publish","type":"page","link":"https:\/\/www.congresocoahuila.gob.mx\/portal\/mesa-directiva-lix\/","title":{"rendered":"MESA DIRECTIVA LIX"},"content":{"rendered":"<p><a href=\"http:\/\/www.congresocoahuila.gob.mx\/portal\/wp-content\/uploads\/2014\/11\/mesadirectiva_primer_periodo.pdf\">Primer Per\u00edodo Ordinario del Primer A\u00f1o de Ejercicio Constitucional de la LIX Legislatura 2012<\/a><br \/>\n<a href=\"http:\/\/www.congresocoahuila.gob.mx\/portal\/wp-content\/uploads\/2014\/11\/mesadirectiva_periodo_extraordinario.pdf\">Primer Per\u00edodo Extraordinario del Primer A\u00f1o de Ejercicio Constitucional de la LIX Legislatura 2012<\/a><br \/>\n<a href=\"http:\/\/www.congresocoahuila.gob.mx\/portal\/wp-content\/uploads\/2014\/11\/mesadirectiva_segundo_periodo_ordinario.pdf\">Segundo Per\u00edodo Ordinario del Primer A\u00f1o de Ejercicio Constitucional de la LIX Legislatura 2012<\/a><br \/>\n<a href=\"http:\/\/www.congresocoahuila.gob.mx\/portal\/wp-content\/uploads\/2014\/11\/mesadirectiva_primer_periodo_extraordinario.pdf\">Primer Per\u00edodo Extraordinario del Segundo A\u00f1o de Ejercicio Constitucional de la LIX Legislatura 2013<\/a><br \/>\n<a href=\"http:\/\/www.congresocoahuila.gob.mx\/portal\/wp-content\/uploads\/2014\/11\/mesadirectiva_primer_periodo_ordinario_2013.pdf\">Primer Per\u00edodo Ordinario del Segundo A\u00f1o de Ejercicio Constitucional de la LIX Legislatura 2013<\/a><br \/>\n<a href=\"http:\/\/www.congresocoahuila.gob.mx\/portal\/wp-content\/uploads\/2014\/11\/mesadirectiva_segundo_periodo_extraordinario.pdf\">Segundo Per\u00edodo Extraordinario del Segundo A\u00f1o de Ejercicio Constitucional de la LIX Legislatura 2013 <\/a><br \/>\n<a href=\"http:\/\/www.congresocoahuila.gob.mx\/portal\/wp-content\/uploads\/2014\/11\/mesadirectiva_segundo_periodo_ordinario_2013.pdf\">Segundo Per\u00edodo Ordinario del Segundo A\u00f1o de Ejercicio Constitucional de la LIX Legislatura 2013<\/a><br \/>\n<a href=\"http:\/\/www.congresocoahuila.gob.mx\/portal\/wp-content\/uploads\/2014\/11\/mesadirectiva_tercer_periodo_extra_2014.pdf\">Primer Per\u00edodo Extraordinario del Tercer A\u00f1o de Ejercicio Constitucional de la LIX Legislatura 2014<\/a><br \/>\n<a href=\"http:\/\/www.congresocoahuila.gob.mx\/portal\/wp-content\/uploads\/2014\/11\/mesadirectiva_po_tercer_a_2014.pdf\">Primer Per\u00edodo Ordinario del Tercer A\u00f1o de Ejercicio Constitucional de la LIX Legislatura 2014<\/a><br \/>\n<a href=\"http:\/\/www.congresocoahuila.gob.mx\/portal\/wp-content\/uploads\/2014\/11\/mesadirectiva_seg_periodo_extra_20141.pdf\">Segundo\u00a0Per\u00edodo Extraordinario del Tercer A\u00f1o de Ejercicio Constitucional de la LIX Legislatura 2014<\/a><br \/>\n<a href=\"http:\/\/www.congresocoahuila.gob.mx\/portal\/wp-content\/uploads\/2014\/12\/mesadirectiva_seg_ord_tercer_2014.pdf\">Segundo\u00a0Per\u00edodo Ordinario del Tercer A\u00f1o de Ejercicio Constitucional de la LIX Legislatura 2014<\/a><\/p>\n","protected":false},"excerpt":{"rendered":"<p>Primer Per\u00edodo Ordinario del Primer A\u00f1o de Ejercicio Constitucional de la LIX Legislatura 2012 Primer Per\u00edodo Extraordinario del Primer A\u00f1o de Ejercicio Constitucional de la LIX Legislatura 2012 Segundo Per\u00edodo Ordinario del Primer A\u00f1o de Ejercicio Constitucional de la LIX Legislatura 2012 Primer Per\u00edodo Extraordinario del Segundo A\u00f1o de Ejercicio Constitucional de la LIX Legislatura [&hellip;]<\/p>\n","protected":false},"author":2,"featured_media":0,"parent":0,"menu_order":0,"comment_status":"closed","ping_status":"closed","template":"","meta":{"footnotes":""},"categories":[],"tags":[],"class_list":["post-12801","page","type-page","status-publish","hentry"],"_links":{"self":[{"href":"https:\/\/www.congresocoahuila.gob.mx\/portal\/wp-json\/wp\/v2\/pages\/12801","targetHints":{"allow":["GET"]}}],"collection":[{"href":"https:\/\/www.congresocoahuila.gob.mx\/portal\/wp-json\/wp\/v2\/pages"}],"about":[{"href":"https:\/\/www.congresocoahuila.gob.mx\/portal\/wp-json\/wp\/v2\/types\/page"}],"author":[{"embeddable":true,"href":"https:\/\/www.congresocoahuila.gob.mx\/portal\/wp-json\/wp\/v2\/users\/2"}],"replies":[{"embeddable":true,"href":"https:\/\/www.congresocoahuila.gob.mx\/portal\/wp-json\/wp\/v2\/comments?post=12801"}],"version-history":[{"count":1,"href":"https:\/\/www.congresocoahuila.gob.mx\/portal\/wp-json\/wp\/v2\/pages\/12801\/revisions"}],"predecessor-version":[{"id":12802,"href":"https:\/\/www.congresocoahuila.gob.mx\/portal\/wp-json\/wp\/v2\/pages\/12801\/revisions\/12802"}],"wp:attachment":[{"href":"https:\/\/www.congresocoahuila.gob.mx\/portal\/wp-json\/wp\/v2\/media?parent=12801"}],"wp:term":[{"taxonomy":"category","embeddable":true,"href":"https:\/\/www.congresocoahuila.gob.mx\/portal\/wp-json\/wp\/v2\/categories?post=12801"},{"taxonomy":"post_tag","embeddable":true,"href":"https:\/\/www.congresocoahuila.gob.mx\/portal\/wp-json\/wp\/v2\/tags?post=12801"}],"curies":[{"name":"wp","href":"https:\/\/api.w.org\/{rel}","templated":true}]}}