{"id":12808,"date":"2015-01-23T17:02:57","date_gmt":"2015-01-23T17:02:57","guid":{"rendered":"http:\/\/congresocoahuila.gob.mx\/portal\/?page_id=12808"},"modified":"2015-10-02T15:17:00","modified_gmt":"2015-10-02T20:17:00","slug":"mesa-primer-ano-lx","status":"publish","type":"page","link":"https:\/\/www.congresocoahuila.gob.mx\/portal\/mesa-primer-ano-lx\/","title":{"rendered":"PRIMER A\u00d1O DE EJERCICIO CONSTITUCIONAL"},"content":{"rendered":"<p><strong>MESA DIRECTIVA<\/strong><\/p>\n<p>PRESIDENTA: Dip. Georgina Cano Torralva*<\/p>\n<p>VICEPRESIDENTE: Dip. Melchor S\u00e1nchez de la Fuente<\/p>\n<p>VICEPRESIDENTE: Dip. Yolanda Olga Acu\u00f1a Contreras<\/p>\n<p>SECRETARIO: Dip. Javier D\u00edaz Gonz\u00e1lez<\/p>\n<p>SECRETARIA: Dip. Lariza Montiel Luis<\/p>\n<p>SECRETARIO: Dip. Sergio Garza Castillo<\/p>\n<p>SECRETARIO: Dip. Leonel Contreras P\u00e1manes<\/p>\n<p style=\"text-align: justify;\">* En sesi\u00f3n de fecha 01 de septiembre de 2015 correspondiente al Segundo Per\u00edodo Ordinario de Sesi\u00f3n del Primer A\u00f1o de Ejercicio Constitucional \u00a0de la Sexag\u00e9sima Legislatura, la C. Diputada Ver\u00f3nica Mart\u00ednez Garc\u00eda, comunic\u00f3 su decisi\u00f3n de separarse de la Presidencia de la Mesa Directiva, por lo que se decide en dicha fecha por unanimidad en el Pleno, determinar que la C. Diputada Georgina Cano Torralva ocupar\u00e1 la presidencia.<\/p>\n","protected":false},"excerpt":{"rendered":"<p>MESA DIRECTIVA PRESIDENTA: Dip. Georgina Cano Torralva* VICEPRESIDENTE: Dip. Melchor S\u00e1nchez de la Fuente VICEPRESIDENTE: Dip. Yolanda Olga Acu\u00f1a Contreras SECRETARIO: Dip. Javier D\u00edaz Gonz\u00e1lez SECRETARIA: Dip. Lariza Montiel Luis SECRETARIO: Dip. Sergio Garza Castillo SECRETARIO: Dip. Leonel Contreras P\u00e1manes * En sesi\u00f3n de fecha 01 de septiembre de 2015 correspondiente al Segundo Per\u00edodo Ordinario [&hellip;]<\/p>\n","protected":false},"author":2,"featured_media":0,"parent":0,"menu_order":0,"comment_status":"closed","ping_status":"closed","template":"","meta":{"footnotes":""},"categories":[],"tags":[],"class_list":["post-12808","page","type-page","status-publish","hentry"],"_links":{"self":[{"href":"https:\/\/www.congresocoahuila.gob.mx\/portal\/wp-json\/wp\/v2\/pages\/12808","targetHints":{"allow":["GET"]}}],"collection":[{"href":"https:\/\/www.congresocoahuila.gob.mx\/portal\/wp-json\/wp\/v2\/pages"}],"about":[{"href":"https:\/\/www.congresocoahuila.gob.mx\/portal\/wp-json\/wp\/v2\/types\/page"}],"author":[{"embeddable":true,"href":"https:\/\/www.congresocoahuila.gob.mx\/portal\/wp-json\/wp\/v2\/users\/2"}],"replies":[{"embeddable":true,"href":"https:\/\/www.congresocoahuila.gob.mx\/portal\/wp-json\/wp\/v2\/comments?post=12808"}],"version-history":[{"count":4,"href":"https:\/\/www.congresocoahuila.gob.mx\/portal\/wp-json\/wp\/v2\/pages\/12808\/revisions"}],"predecessor-version":[{"id":16689,"href":"https:\/\/www.congresocoahuila.gob.mx\/portal\/wp-json\/wp\/v2\/pages\/12808\/revisions\/16689"}],"wp:attachment":[{"href":"https:\/\/www.congresocoahuila.gob.mx\/portal\/wp-json\/wp\/v2\/media?parent=12808"}],"wp:term":[{"taxonomy":"category","embeddable":true,"href":"https:\/\/www.congresocoahuila.gob.mx\/portal\/wp-json\/wp\/v2\/categories?post=12808"},{"taxonomy":"post_tag","embeddable":true,"href":"https:\/\/www.congresocoahuila.gob.mx\/portal\/wp-json\/wp\/v2\/tags?post=12808"}],"curies":[{"name":"wp","href":"https:\/\/api.w.org\/{rel}","templated":true}]}}