{"id":1291,"date":"2014-11-21T11:08:05","date_gmt":"2014-11-21T17:08:05","guid":{"rendered":"http:\/\/www.congresocoahuila.gob.mx\/portal\/?page_id=1291"},"modified":"2022-08-04T14:43:05","modified_gmt":"2022-08-04T19:43:05","slug":"lix-legislatura","status":"publish","type":"page","link":"https:\/\/www.congresocoahuila.gob.mx\/portal\/","title":{"rendered":"LXI LEGISLATURA"},"content":{"rendered":"<p>LXII LEGISLATURA<br \/><img loading=\"lazy\" decoding=\"async\" class=\"alignnone wp-image-12871 size-full\" src=\"http:\/\/congresocoahuila.gob.mx\/portal\/wp-content\/uploads\/2014\/11\/linea1.jpg\" alt=\"linea\" width=\"268\" height=\"9\" \/><\/p>\r\n<pre>\"Atento al inicio de la LXII Legislatura y conforme a lo establecido en el art\u00edculo 33 de la Constituci\u00f3n Pol\u00edtica del Estado de Coahuila de Zaragoza, correlativo con el art\u00edculo 5 de la Ley Org\u00e1nica del Congreso del Estado Independiente, Libre y Soberano de Coahuila de Zaragoza, este sitio estar\u00e1 modificando gradualmente sus contenidos.\" Por su comprensi\u00f3n gracias.<\/pre>\r\n<p style=\"text-align: justify;\">Las diputadas y diputados integrantes de la LXII Legislatura del H. Congreso del Estado de Coahuila de Zaragoza, te damos la m\u00e1s cordial bienvenida a este Portal Legislativo, que contribuye al fortalecimiento del esp\u00edritu c\u00edvico de la democracia.<\/p>\r\n<p style=\"text-align: justify;\">La LXII Legislatura pone a tu disposici\u00f3n este sitio que es un medio de informaci\u00f3n eficiente para los ciudadanos, que igual es de utilidad para el estudiante que requiere hacer su tarea escolar, como para el profesionista que desea consultar las leyes vigentes y para todos los coahuilenses y visitantes en general, que deseen estar enterados del quehacer parlamentario de este Congreso.<\/p>\r\n<p style=\"text-align: justify;\">En este Portal, en constante actualizaci\u00f3n, podr\u00e1s consultar las iniciativas presentadas, decretos aprobados y otras actividades legislativas. Igualmente encontrar\u00e1s la integraci\u00f3n y funcionamiento de este \u00f3rgano legislativo, as\u00ed como nuestro marco jur\u00eddico y el diario de los debates, entre otros documentos relevantes.<\/p>\r\n<table style=\"height: 387px;\" border=\"0\" width=\"533\" cellspacing=\"0\" cellpadding=\"0\">\r\n<tbody>\r\n<tr style=\"background-color: #f2f0f0;\">\r\n<td style=\"height: 204px;\" valign=\"top\" width=\"300\" height=\"162\">\r\n<h3 style=\"text-align: center;\"><a href=\"https:\/\/www.congresocoahuila.gob.mx\/transparencia\/00\/documentos\/CONVOCATORI_AUDITORIA_SUPERIOR.pdf\"><img loading=\"lazy\" decoding=\"async\" class=\"alignnone wp-image-43913\" src=\"https:\/\/www.congresocoahuila.gob.mx\/portal\/wp-content\/uploads\/2022\/08\/CARRUSEL_04_AUDITORIA_.jpg\" alt=\"\" width=\"400\" height=\"247\" srcset=\"https:\/\/www.congresocoahuila.gob.mx\/portal\/wp-content\/uploads\/2022\/08\/CARRUSEL_04_AUDITORIA_.jpg 308w, https:\/\/www.congresocoahuila.gob.mx\/portal\/wp-content\/uploads\/2022\/08\/CARRUSEL_04_AUDITORIA_-300x185.jpg 300w\" sizes=\"auto, (max-width: 400px) 100vw, 400px\" \/><\/a><\/h3>\r\n<\/td>\r\n<td style=\"width: 300px; height: 204px;\" valign=\"top\" width=\"300\" height=\"162\">\r\n<p style=\"text-align: center;\"><a href=\"https:\/\/www.congresocoahuila.gob.mx\/portal\/consulta\/\"><img loading=\"lazy\" decoding=\"async\" class=\"alignnone wp-image-42771 size-full\" src=\"https:\/\/www.congresocoahuila.gob.mx\/portal\/wp-content\/uploads\/2021\/12\/BANNER_CONSULTA_02-1.jpg\" alt=\"\" width=\"380\" height=\"228\" srcset=\"https:\/\/www.congresocoahuila.gob.mx\/portal\/wp-content\/uploads\/2021\/12\/BANNER_CONSULTA_02-1.jpg 380w, https:\/\/www.congresocoahuila.gob.mx\/portal\/wp-content\/uploads\/2021\/12\/BANNER_CONSULTA_02-1-300x180.jpg 300w, https:\/\/www.congresocoahuila.gob.mx\/portal\/wp-content\/uploads\/2021\/12\/BANNER_CONSULTA_02-1-285x171.jpg 285w\" sizes=\"auto, (max-width: 380px) 100vw, 380px\" \/><\/a><\/p>\r\n<\/td>\r\n<\/tr>\r\n<tr style=\"height: 171px;\">\r\n<td style=\"height: 146px;\"><a href=\"https:\/\/congresocoahuila.gob.mx\/transparencia\/00\/COMPARECENCIAS_2019.pdf\"><img loading=\"lazy\" decoding=\"async\" class=\"wp-image-36119 size-full aligncenter\" src=\"http:\/\/congresocoahuila.gob.mx\/portal\/wp-content\/uploads\/2019\/12\/BANNER_COMPARECENCIAS_2019.jpg\" alt=\"\" width=\"384\" height=\"230\" srcset=\"https:\/\/www.congresocoahuila.gob.mx\/portal\/wp-content\/uploads\/2019\/12\/BANNER_COMPARECENCIAS_2019.jpg 384w, https:\/\/www.congresocoahuila.gob.mx\/portal\/wp-content\/uploads\/2019\/12\/BANNER_COMPARECENCIAS_2019-300x180.jpg 300w, https:\/\/www.congresocoahuila.gob.mx\/portal\/wp-content\/uploads\/2019\/12\/BANNER_COMPARECENCIAS_2019-380x228.jpg 380w, https:\/\/www.congresocoahuila.gob.mx\/portal\/wp-content\/uploads\/2019\/12\/BANNER_COMPARECENCIAS_2019-285x171.jpg 285w\" sizes=\"auto, (max-width: 384px) 100vw, 384px\" \/><\/a><\/td>\r\n<td style=\"width: 300px; height: 146px;\"><a style=\"font-family: inherit; font-size: inherit; font-weight: inherit;\" href=\"https:\/\/congresocoahuila.gob.mx\/transparencia\/00\/documentos\/DECLARACION_INTERESES.xlsx\"><img loading=\"lazy\" decoding=\"async\" class=\"wp-image-38426 size-full aligncenter\" src=\"https:\/\/www.congresocoahuila.gob.mx\/portal\/wp-content\/uploads\/2020\/07\/BANNER_DECLARACION_INTERESES-2.jpg\" alt=\"\" width=\"384\" height=\"230\" srcset=\"https:\/\/www.congresocoahuila.gob.mx\/portal\/wp-content\/uploads\/2020\/07\/BANNER_DECLARACION_INTERESES-2.jpg 384w, https:\/\/www.congresocoahuila.gob.mx\/portal\/wp-content\/uploads\/2020\/07\/BANNER_DECLARACION_INTERESES-2-300x180.jpg 300w, https:\/\/www.congresocoahuila.gob.mx\/portal\/wp-content\/uploads\/2020\/07\/BANNER_DECLARACION_INTERESES-2-380x228.jpg 380w, https:\/\/www.congresocoahuila.gob.mx\/portal\/wp-content\/uploads\/2020\/07\/BANNER_DECLARACION_INTERESES-2-285x171.jpg 285w\" sizes=\"auto, (max-width: 384px) 100vw, 384px\" \/><\/a><\/td>\r\n<\/tr>\r\n<\/tbody>\r\n<\/table>\r\n\r\n<p>&nbsp;<\/p>\r\n","protected":false},"excerpt":{"rendered":"<p>LXII LEGISLATURA \u00abAtento al inicio de la LXII Legislatura y conforme a lo establecido en el art\u00edculo 33 de la Constituci\u00f3n Pol\u00edtica del Estado de Coahuila de Zaragoza, correlativo con el art\u00edculo 5 de la Ley Org\u00e1nica del Congreso del Estado Independiente, Libre y Soberano de Coahuila de Zaragoza, este sitio estar\u00e1 modificando gradualmente sus [&hellip;]<\/p>\n","protected":false},"author":3,"featured_media":0,"parent":0,"menu_order":0,"comment_status":"closed","ping_status":"closed","template":"","meta":{"footnotes":""},"categories":[],"tags":[],"class_list":["post-1291","page","type-page","status-publish","hentry"],"_links":{"self":[{"href":"https:\/\/www.congresocoahuila.gob.mx\/portal\/wp-json\/wp\/v2\/pages\/1291","targetHints":{"allow":["GET"]}}],"collection":[{"href":"https:\/\/www.congresocoahuila.gob.mx\/portal\/wp-json\/wp\/v2\/pages"}],"about":[{"href":"https:\/\/www.congresocoahuila.gob.mx\/portal\/wp-json\/wp\/v2\/types\/page"}],"author":[{"embeddable":true,"href":"https:\/\/www.congresocoahuila.gob.mx\/portal\/wp-json\/wp\/v2\/users\/3"}],"replies":[{"embeddable":true,"href":"https:\/\/www.congresocoahuila.gob.mx\/portal\/wp-json\/wp\/v2\/comments?post=1291"}],"version-history":[{"count":700,"href":"https:\/\/www.congresocoahuila.gob.mx\/portal\/wp-json\/wp\/v2\/pages\/1291\/revisions"}],"predecessor-version":[{"id":42759,"href":"https:\/\/www.congresocoahuila.gob.mx\/portal\/wp-json\/wp\/v2\/pages\/1291\/revisions\/42759"}],"wp:attachment":[{"href":"https:\/\/www.congresocoahuila.gob.mx\/portal\/wp-json\/wp\/v2\/media?parent=1291"}],"wp:term":[{"taxonomy":"category","embeddable":true,"href":"https:\/\/www.congresocoahuila.gob.mx\/portal\/wp-json\/wp\/v2\/categories?post=1291"},{"taxonomy":"post_tag","embeddable":true,"href":"https:\/\/www.congresocoahuila.gob.mx\/portal\/wp-json\/wp\/v2\/tags?post=1291"}],"curies":[{"name":"wp","href":"https:\/\/api.w.org\/{rel}","templated":true}]}}