{"id":13001,"date":"2015-01-28T21:53:56","date_gmt":"2015-01-28T21:53:56","guid":{"rendered":"http:\/\/congresocoahuila.gob.mx\/portal\/?page_id=13001"},"modified":"2018-01-11T12:47:36","modified_gmt":"2018-01-11T18:47:36","slug":"tabuladores-2015-2017","status":"publish","type":"page","link":"https:\/\/www.congresocoahuila.gob.mx\/portal\/tabuladores-2015-2017\/","title":{"rendered":"TABULADORES-2015-2017"},"content":{"rendered":"<p><strong>TABULADORES<\/strong><\/p>\n<p><a href=\"https:\/\/congresocoahuila.gob.mx\/transparencia\/ART\/21\/5\/TABULADORES\/LX_LEG_2015-2017\/TAB_2017_LX.pdf\">2017<\/a><br \/>\n<a href=\"https:\/\/congresocoahuila.gob.mx\/transparencia\/ART\/21\/5\/TABULADORES\/LX_LEG_2015-2017\/TAB_2016_LX.pdf\">2016<\/a><br \/>\n<a href=\"https:\/\/congresocoahuila.gob.mx\/transparencia\/ART\/21\/5\/TABULADORES\/LX_LEG_2015-2017\/TAB_2015_LX.pdf\">2015<\/a><\/p>\n<p>Fecha de actualizaci\u00f3n: 31 de Diciembre de 2017<br \/>\nResponsable de la Informaci\u00f3n: Lic. Mario Hern\u00e1ndez Gaona;<br \/>\nDirector Administraci\u00f3n y Recursos Humanos del H. Congreso del Estado de Coahuila<\/p>\n","protected":false},"excerpt":{"rendered":"<p>TABULADORES 2017 2016 2015 Fecha de actualizaci\u00f3n: 31 de Diciembre de 2017 Responsable de la Informaci\u00f3n: Lic. Mario Hern\u00e1ndez Gaona; Director Administraci\u00f3n y Recursos Humanos del H. Congreso del Estado de Coahuila<\/p>\n","protected":false},"author":2,"featured_media":0,"parent":0,"menu_order":0,"comment_status":"closed","ping_status":"closed","template":"","meta":{"footnotes":""},"categories":[],"tags":[],"class_list":["post-13001","page","type-page","status-publish","hentry"],"_links":{"self":[{"href":"https:\/\/www.congresocoahuila.gob.mx\/portal\/wp-json\/wp\/v2\/pages\/13001","targetHints":{"allow":["GET"]}}],"collection":[{"href":"https:\/\/www.congresocoahuila.gob.mx\/portal\/wp-json\/wp\/v2\/pages"}],"about":[{"href":"https:\/\/www.congresocoahuila.gob.mx\/portal\/wp-json\/wp\/v2\/types\/page"}],"author":[{"embeddable":true,"href":"https:\/\/www.congresocoahuila.gob.mx\/portal\/wp-json\/wp\/v2\/users\/2"}],"replies":[{"embeddable":true,"href":"https:\/\/www.congresocoahuila.gob.mx\/portal\/wp-json\/wp\/v2\/comments?post=13001"}],"version-history":[{"count":13,"href":"https:\/\/www.congresocoahuila.gob.mx\/portal\/wp-json\/wp\/v2\/pages\/13001\/revisions"}],"predecessor-version":[{"id":29779,"href":"https:\/\/www.congresocoahuila.gob.mx\/portal\/wp-json\/wp\/v2\/pages\/13001\/revisions\/29779"}],"wp:attachment":[{"href":"https:\/\/www.congresocoahuila.gob.mx\/portal\/wp-json\/wp\/v2\/media?parent=13001"}],"wp:term":[{"taxonomy":"category","embeddable":true,"href":"https:\/\/www.congresocoahuila.gob.mx\/portal\/wp-json\/wp\/v2\/categories?post=13001"},{"taxonomy":"post_tag","embeddable":true,"href":"https:\/\/www.congresocoahuila.gob.mx\/portal\/wp-json\/wp\/v2\/tags?post=13001"}],"curies":[{"name":"wp","href":"https:\/\/api.w.org\/{rel}","templated":true}]}}