{"id":13230,"date":"2015-01-30T18:31:53","date_gmt":"2015-01-30T18:31:53","guid":{"rendered":"http:\/\/congresocoahuila.gob.mx\/portal\/?page_id=13230"},"modified":"2016-02-02T10:48:30","modified_gmt":"2016-02-02T16:48:30","slug":"articulo-21-xxiv-2015","status":"publish","type":"page","link":"https:\/\/www.congresocoahuila.gob.mx\/portal\/articulo-21-xxiv-2015\/","title":{"rendered":"ART\u00cdCULO 21- XXIV-2015"},"content":{"rendered":"<p><strong>REPORTE MENSUAL DE SOLICITUDES DE ACCESO A LA INFORMACI\u00d3N Y RECURSOS DE REVISI\u00d3N: <\/strong><\/p>\n<p><strong>2015<\/strong><br \/>\n<a href=\"http:\/\/congresocoahuila.gob.mx\/portal\/wp-content\/uploads\/2015\/01\/RSR_Enero_2015.xls\">ENERO<\/a><br \/>\n<a href=\"http:\/\/congresocoahuila.gob.mx\/portal\/wp-content\/uploads\/2015\/01\/RSR_Febrero_2015.xls\">FEBRERO<\/a><br \/>\n<a href=\"http:\/\/congresocoahuila.gob.mx\/portal\/wp-content\/uploads\/2015\/01\/RSR_MARZO_2015.xls\">MARZO<\/a><br \/>\n<a href=\"http:\/\/congresocoahuila.gob.mx\/portal\/wp-content\/uploads\/2015\/01\/RSR_ABRIL_2015.xls.xls\">ABRIL<\/a><br \/>\n<a href=\"http:\/\/congresocoahuila.gob.mx\/portal\/wp-content\/uploads\/2015\/01\/RSR_MAY_2015.xls\">MAYO<\/a><br \/>\n<a href=\"http:\/\/congresocoahuila.gob.mx\/portal\/wp-content\/uploads\/2015\/01\/RSR_JUN_2015.xls.xls\">JUNIO<\/a><br \/>\n<a href=\"http:\/\/congresocoahuila.gob.mx\/portal\/wp-content\/uploads\/2015\/01\/RSR_JUL_2015.xls\">JULIO<\/a><br \/>\n<a href=\"http:\/\/congresocoahuila.gob.mx\/portal\/wp-content\/uploads\/2015\/01\/RSR_AGO_2015.xls\">AGOSTO<\/a><br \/>\n<a href=\"http:\/\/congresocoahuila.gob.mx\/portal\/wp-content\/uploads\/2015\/01\/RSR_SEP_2015.xls\">SEPTIEMBRE<\/a><br \/>\n<a href=\"http:\/\/congresocoahuila.gob.mx\/portal\/wp-content\/uploads\/2015\/01\/REP_OCT_2015.xls\">OCTUBRE<\/a><br \/>\n<a href=\"http:\/\/congresocoahuila.gob.mx\/portal\/wp-content\/uploads\/2015\/01\/RSR_Noviembre_2015.xls\">NOVIEMBRE<\/a><br \/>\n<a href=\"http:\/\/congresocoahuila.gob.mx\/portal\/wp-content\/uploads\/2015\/01\/Diciembre_2015.xls\">DICIEMBRE<\/a><\/p>\n","protected":false},"excerpt":{"rendered":"<p>REPORTE MENSUAL DE SOLICITUDES DE ACCESO A LA INFORMACI\u00d3N Y RECURSOS DE REVISI\u00d3N: 2015 ENERO FEBRERO MARZO ABRIL MAYO JUNIO JULIO AGOSTO SEPTIEMBRE OCTUBRE NOVIEMBRE DICIEMBRE<\/p>\n","protected":false},"author":2,"featured_media":0,"parent":0,"menu_order":0,"comment_status":"closed","ping_status":"closed","template":"","meta":{"footnotes":""},"categories":[],"tags":[],"class_list":["post-13230","page","type-page","status-publish","hentry"],"_links":{"self":[{"href":"https:\/\/www.congresocoahuila.gob.mx\/portal\/wp-json\/wp\/v2\/pages\/13230","targetHints":{"allow":["GET"]}}],"collection":[{"href":"https:\/\/www.congresocoahuila.gob.mx\/portal\/wp-json\/wp\/v2\/pages"}],"about":[{"href":"https:\/\/www.congresocoahuila.gob.mx\/portal\/wp-json\/wp\/v2\/types\/page"}],"author":[{"embeddable":true,"href":"https:\/\/www.congresocoahuila.gob.mx\/portal\/wp-json\/wp\/v2\/users\/2"}],"replies":[{"embeddable":true,"href":"https:\/\/www.congresocoahuila.gob.mx\/portal\/wp-json\/wp\/v2\/comments?post=13230"}],"version-history":[{"count":14,"href":"https:\/\/www.congresocoahuila.gob.mx\/portal\/wp-json\/wp\/v2\/pages\/13230\/revisions"}],"predecessor-version":[{"id":18814,"href":"https:\/\/www.congresocoahuila.gob.mx\/portal\/wp-json\/wp\/v2\/pages\/13230\/revisions\/18814"}],"wp:attachment":[{"href":"https:\/\/www.congresocoahuila.gob.mx\/portal\/wp-json\/wp\/v2\/media?parent=13230"}],"wp:term":[{"taxonomy":"category","embeddable":true,"href":"https:\/\/www.congresocoahuila.gob.mx\/portal\/wp-json\/wp\/v2\/categories?post=13230"},{"taxonomy":"post_tag","embeddable":true,"href":"https:\/\/www.congresocoahuila.gob.mx\/portal\/wp-json\/wp\/v2\/tags?post=13230"}],"curies":[{"name":"wp","href":"https:\/\/api.w.org\/{rel}","templated":true}]}}