{"id":13239,"date":"2015-01-30T18:55:59","date_gmt":"2015-01-30T18:55:59","guid":{"rendered":"http:\/\/congresocoahuila.gob.mx\/portal\/?page_id=13239"},"modified":"2018-01-10T10:18:43","modified_gmt":"2018-01-10T16:18:43","slug":"articulo-21-xxxiv-2015-2017","status":"publish","type":"page","link":"https:\/\/www.congresocoahuila.gob.mx\/portal\/articulo-21-xxxiv-2015-2017\/","title":{"rendered":"ART\u00cdCULO 21-XXXIV 2015-2017"},"content":{"rendered":"<table style=\"height: 66px;\" border=\"0\" width=\"410\" cellspacing=\"1\" cellpadding=\"0\" bgcolor=\"#F4F4F4\">\n<tbody>\n<tr>\n<td class=\"Estilo15\" colspan=\"2\" valign=\"top\" bgcolor=\"#CCCCCC\" height=\"21\">\n<div align=\"left\"><span class=\"Estilo10\">\u00a0<\/span><span class=\"Estilo21\">\u00a0Archivo\u00a0<\/span><span class=\"Estilo10\">\u00a0 \u00a0 \u00a0 \u00a0 \u00a0 \u00a0 \u00a0 \u00a0 \u00a0 \u00a0 \u00a0 \u00a0 \u00a0<\/span><span class=\"Estilo22\"><strong>INFORMACI\u00d3N RESERVADA<\/strong>\u00a0\u00a0\u00a0\u00a0\u00a0\u00a0\u00a0\u00a0\u00a0\u00a0\u00a0\u00a0\u00a0\u00a0\u00a0<\/span><span class=\"Estilo10\">\u00a0\u00a0\u00a0\u00a0<\/span><\/div>\n<\/td>\n<\/tr>\n<tr>\n<td style=\"text-align: left;\" valign=\"middle\" bgcolor=\"#E1E1E1\" height=\"21\"><a href=\"https:\/\/congresocoahuila.gob.mx\/transparencia\/ART\/21\/34\/21_34.doc\">Documento 1<\/a><\/td>\n<td class=\"Estilo15\" valign=\"middle\" bgcolor=\"#E1E1E1\">\n<div align=\"left\">2017<\/div>\n<\/td>\n<\/tr>\n<\/tbody>\n<\/table>\n<p>&nbsp;<\/p>\n<p><strong>Responsable de la Informaci\u00f3n<\/strong><\/p>\n<p>El Comit\u00e9 de Transparencia Integrado por C.P. Jorge Alan\u00eds Canales, Lic. Francisco Javier Rangel Castro y Lic. Juan Carlos Cisneros Ruiz,\u00a0 Tesorero, Oficial Mayor, y Director Jur\u00eddico del Congreso del Estado de Coahuila de Zaragoza, en su calidad de Presidente e integrantes del mismo respectivamente.<\/p>\n<p>Informaci\u00f3n actualizada al 31 de Diciembre de 2017.<\/p>\n","protected":false},"excerpt":{"rendered":"<p>\u00a0\u00a0Archivo\u00a0\u00a0 \u00a0 \u00a0 \u00a0 \u00a0 \u00a0 \u00a0 \u00a0 \u00a0 \u00a0 \u00a0 \u00a0 \u00a0INFORMACI\u00d3N RESERVADA\u00a0\u00a0\u00a0\u00a0\u00a0\u00a0\u00a0\u00a0\u00a0\u00a0\u00a0\u00a0\u00a0\u00a0\u00a0\u00a0\u00a0\u00a0\u00a0 Documento 1 2017 &nbsp; Responsable de la Informaci\u00f3n El Comit\u00e9 de Transparencia Integrado por C.P. Jorge Alan\u00eds Canales, Lic. Francisco Javier Rangel Castro y Lic. Juan Carlos Cisneros Ruiz,\u00a0 Tesorero, Oficial Mayor, y Director Jur\u00eddico del Congreso del Estado de Coahuila [&hellip;]<\/p>\n","protected":false},"author":2,"featured_media":0,"parent":0,"menu_order":0,"comment_status":"closed","ping_status":"closed","template":"","meta":{"footnotes":""},"categories":[],"tags":[],"class_list":["post-13239","page","type-page","status-publish","hentry"],"_links":{"self":[{"href":"https:\/\/www.congresocoahuila.gob.mx\/portal\/wp-json\/wp\/v2\/pages\/13239","targetHints":{"allow":["GET"]}}],"collection":[{"href":"https:\/\/www.congresocoahuila.gob.mx\/portal\/wp-json\/wp\/v2\/pages"}],"about":[{"href":"https:\/\/www.congresocoahuila.gob.mx\/portal\/wp-json\/wp\/v2\/types\/page"}],"author":[{"embeddable":true,"href":"https:\/\/www.congresocoahuila.gob.mx\/portal\/wp-json\/wp\/v2\/users\/2"}],"replies":[{"embeddable":true,"href":"https:\/\/www.congresocoahuila.gob.mx\/portal\/wp-json\/wp\/v2\/comments?post=13239"}],"version-history":[{"count":17,"href":"https:\/\/www.congresocoahuila.gob.mx\/portal\/wp-json\/wp\/v2\/pages\/13239\/revisions"}],"predecessor-version":[{"id":29668,"href":"https:\/\/www.congresocoahuila.gob.mx\/portal\/wp-json\/wp\/v2\/pages\/13239\/revisions\/29668"}],"wp:attachment":[{"href":"https:\/\/www.congresocoahuila.gob.mx\/portal\/wp-json\/wp\/v2\/media?parent=13239"}],"wp:term":[{"taxonomy":"category","embeddable":true,"href":"https:\/\/www.congresocoahuila.gob.mx\/portal\/wp-json\/wp\/v2\/categories?post=13239"},{"taxonomy":"post_tag","embeddable":true,"href":"https:\/\/www.congresocoahuila.gob.mx\/portal\/wp-json\/wp\/v2\/tags?post=13239"}],"curies":[{"name":"wp","href":"https:\/\/api.w.org\/{rel}","templated":true}]}}