{"id":1415,"date":"2014-11-21T15:41:28","date_gmt":"2014-11-21T21:41:28","guid":{"rendered":"http:\/\/www.congresocoahuila.gob.mx\/portal\/?page_id=1415"},"modified":"2022-07-04T22:13:28","modified_gmt":"2022-07-05T03:13:28","slug":"articulo-21-vii","status":"publish","type":"page","link":"https:\/\/www.congresocoahuila.gob.mx\/portal\/articulo-21-vii\/","title":{"rendered":"ART\u00cdCULO 21.VII"},"content":{"rendered":"<p><strong>VI\u00c1TICOS<\/strong><br \/>\n<a href=\"http:\/\/congresocoahuila.gob.mx\/portal\/viaticos-legislatura-lxii\">Vi\u00e1ticos Legislatura LXII<\/a><br \/>\n<a href=\"http:\/\/congresocoahuila.gob.mx\/portal\/21-vii-viaticos-lxi\">Vi\u00e1ticos Legislatura LXI<\/a><br \/>\n<a title=\"21.VII-VI\u00c1TICOS LX\" href=\"http:\/\/congresocoahuila.gob.mx\/portal\/?page_id=13096\">Vi\u00e1ticos Legislatura LX<\/a><br \/>\n<a title=\"ART\u00cdCULO 21.VII-VI\u00c1TICOS LIX-1\" href=\"http:\/\/www.congresocoahuila.gob.mx\/portal?page_id=5641\">Vi\u00e1ticos Legislatura LIX<\/a><br \/>\n<a title=\"ART\u00cdCULO 21.VII-VI\u00c1TICOS LVIII-2\" href=\"http:\/\/www.congresocoahuila.gob.mx\/portal?page_id=5661\">Vi\u00e1ticos Legislatura LVIII<\/a><\/p>\n<p><strong>GASTOS DE REPRESENTACI\u00d3N<\/strong><br \/>\n<a href=\"https:\/\/congresocoahuila.gob.mx\/transparencia\/ART\/21\/7\/GASTOS_REPRESENTACION\/LEG_LXII\/2022\/21_7_GASTOS_REPRESENTACION.docx\">Gastos de Representaci\u00f3n Legislatura LXII<\/a><br \/>\n<a href=\"http:\/\/congresocoahuila.gob.mx\/portal\/gastos-de-representacion-legislatura-lxi\">Gastos de Representaci\u00f3n Legislatura LXI<\/a><br \/>\n<a title=\"21.VII-GASTOS DE REPRESENTACI\u00d3N 2015\" href=\"http:\/\/congresocoahuila.gob.mx\/portal\/?page_id=13099\">Gastos de Representaci\u00f3n Legislatura LX<\/a><br \/>\n<a title=\"ART\u00cdCULO 21.VII-GASTOS DE REPRESENTACI\u00d3N 2014\" href=\"http:\/\/www.congresocoahuila.gob.mx\/portal?page_id=5673\">Gastos de Representaci\u00f3n Legislatura LIX<\/a><\/p>\n<p><strong>JUSTIFICACI\u00d3N DEL GASTO<\/strong><br \/>\n<a href=\"http:\/\/congresocoahuila.gob.mx\/portal\/justificacion-del-gasto-legislatura-lxii\">Justificaci\u00f3n del Gasto Legislatura LXII<\/a><br \/>\n<a href=\"http:\/\/congresocoahuila.gob.mx\/portal\/justificacion-del-gasto-legislatura-2019\">Justificaci\u00f3n del Gasto\u00a0Legislatura LXI<\/a><\/p>\n<p><b><strong>Fecha de actualizaci\u00f3n: <\/strong><\/b>1 de julio de 2022.<br \/>\n<strong>Responsable de la Informaci\u00f3n:<\/strong> C.P. C\u00e9sar Alejandro Fern\u00e1ndez Padilla,<br \/>\nDirector de Contabilidad en la Tesorer\u00eda del Congreso del Estado.<\/p>\n","protected":false},"excerpt":{"rendered":"<p>VI\u00c1TICOS Vi\u00e1ticos Legislatura LXII Vi\u00e1ticos Legislatura LXI Vi\u00e1ticos Legislatura LX Vi\u00e1ticos Legislatura LIX Vi\u00e1ticos Legislatura LVIII GASTOS DE REPRESENTACI\u00d3N Gastos de Representaci\u00f3n Legislatura LXII Gastos de Representaci\u00f3n Legislatura LXI Gastos de Representaci\u00f3n Legislatura LX Gastos de Representaci\u00f3n Legislatura LIX JUSTIFICACI\u00d3N DEL GASTO Justificaci\u00f3n del Gasto Legislatura LXII Justificaci\u00f3n del Gasto\u00a0Legislatura LXI Fecha de actualizaci\u00f3n: 1 [&hellip;]<\/p>\n","protected":false},"author":3,"featured_media":0,"parent":0,"menu_order":0,"comment_status":"closed","ping_status":"closed","template":"","meta":{"footnotes":""},"categories":[],"tags":[],"class_list":["post-1415","page","type-page","status-publish","hentry"],"_links":{"self":[{"href":"https:\/\/www.congresocoahuila.gob.mx\/portal\/wp-json\/wp\/v2\/pages\/1415","targetHints":{"allow":["GET"]}}],"collection":[{"href":"https:\/\/www.congresocoahuila.gob.mx\/portal\/wp-json\/wp\/v2\/pages"}],"about":[{"href":"https:\/\/www.congresocoahuila.gob.mx\/portal\/wp-json\/wp\/v2\/types\/page"}],"author":[{"embeddable":true,"href":"https:\/\/www.congresocoahuila.gob.mx\/portal\/wp-json\/wp\/v2\/users\/3"}],"replies":[{"embeddable":true,"href":"https:\/\/www.congresocoahuila.gob.mx\/portal\/wp-json\/wp\/v2\/comments?post=1415"}],"version-history":[{"count":68,"href":"https:\/\/www.congresocoahuila.gob.mx\/portal\/wp-json\/wp\/v2\/pages\/1415\/revisions"}],"predecessor-version":[{"id":43795,"href":"https:\/\/www.congresocoahuila.gob.mx\/portal\/wp-json\/wp\/v2\/pages\/1415\/revisions\/43795"}],"wp:attachment":[{"href":"https:\/\/www.congresocoahuila.gob.mx\/portal\/wp-json\/wp\/v2\/media?parent=1415"}],"wp:term":[{"taxonomy":"category","embeddable":true,"href":"https:\/\/www.congresocoahuila.gob.mx\/portal\/wp-json\/wp\/v2\/categories?post=1415"},{"taxonomy":"post_tag","embeddable":true,"href":"https:\/\/www.congresocoahuila.gob.mx\/portal\/wp-json\/wp\/v2\/tags?post=1415"}],"curies":[{"name":"wp","href":"https:\/\/api.w.org\/{rel}","templated":true}]}}