{"id":1441,"date":"2014-11-21T16:30:30","date_gmt":"2014-11-21T22:30:30","guid":{"rendered":"http:\/\/www.congresocoahuila.gob.mx\/portal\/?page_id=1441"},"modified":"2021-03-26T22:28:25","modified_gmt":"2021-03-27T04:28:25","slug":"articulo-21-x","status":"publish","type":"page","link":"https:\/\/www.congresocoahuila.gob.mx\/portal\/articulo-21-x\/","title":{"rendered":"21-X"},"content":{"rendered":"<p><a href=\"https:\/\/congresocoahuila.gob.mx\/transparencia\/03\/Leyes_Coahuila\/Constitucion_Federal.pdf\">Constituci\u00f3n Pol\u00edtica de los Estados Unidos Mexicanos<\/a><br \/>\n<a href=\"https:\/\/congresocoahuila.gob.mx\/transparencia\/03\/Leyes_Coahuila\/Ley_Federal_Trabajo.pdf\">Ley Federal del Trabajo\u00a0<\/a><br \/>\n<a href=\"https:\/\/congresocoahuila.gob.mx\/transparencia\/03\/Leyes_Coahuila\/coa01.pdf\">Constituci\u00f3n Pol\u00edtica del Estado de Coahuila de Zaragoza<\/a><br \/>\n<a href=\"https:\/\/congresocoahuila.gob.mx\/transparencia\/03\/Leyes_Coahuila\/coa09.pdf\">Estatuto Jur\u00eddico para los Trabajadores al Servicio del Estado de Coahuila<\/a><br \/>\n<a href=\"https:\/\/congresocoahuila.gob.mx\/transparencia\/CONVENIO_LABORAL_SUTSGE_2017-2018.pdf\">Convenio laboral SUTSGE 2017-2018<\/a><br \/>\n<a href=\"https:\/\/congresocoahuila.gob.mx\/transparencia\/ART\/21\/10\/SUTSGE_2018_2019.pdf\">Convenio Laboral SUTSGE 2018-2019<\/a><br \/>\n<a href=\"https:\/\/congresocoahuila.gob.mx\/transparencia\/ART\/21\/2\/DOC\/CONVENIO_LABORAL_SUTSGE_2019-2020.pdf\"><span style=\"font-family: helvetica;\">Convenio Laboral SUTSGE 201<\/span><span style=\"font-family: Calibri, Helvetica, sans-serif;\">9-2020<\/span><\/a><br \/>\n<a href=\"https:\/\/congresocoahuila.gob.mx\/transparencia\/ART\/21\/10\/CONVENIO_LABORAl_2020_2021.pdf\">Convenio Laboral SUTSGE 2020-2021<\/a><\/p>\n","protected":false},"excerpt":{"rendered":"<p>Constituci\u00f3n Pol\u00edtica de los Estados Unidos Mexicanos Ley Federal del Trabajo\u00a0 Constituci\u00f3n Pol\u00edtica del Estado de Coahuila de Zaragoza Estatuto Jur\u00eddico para los Trabajadores al Servicio del Estado de Coahuila Convenio laboral SUTSGE 2017-2018 Convenio Laboral SUTSGE 2018-2019 Convenio Laboral SUTSGE 2019-2020 Convenio Laboral SUTSGE 2020-2021<\/p>\n","protected":false},"author":3,"featured_media":0,"parent":0,"menu_order":0,"comment_status":"closed","ping_status":"closed","template":"","meta":{"footnotes":""},"categories":[],"tags":[],"class_list":["post-1441","page","type-page","status-publish","hentry"],"_links":{"self":[{"href":"https:\/\/www.congresocoahuila.gob.mx\/portal\/wp-json\/wp\/v2\/pages\/1441","targetHints":{"allow":["GET"]}}],"collection":[{"href":"https:\/\/www.congresocoahuila.gob.mx\/portal\/wp-json\/wp\/v2\/pages"}],"about":[{"href":"https:\/\/www.congresocoahuila.gob.mx\/portal\/wp-json\/wp\/v2\/types\/page"}],"author":[{"embeddable":true,"href":"https:\/\/www.congresocoahuila.gob.mx\/portal\/wp-json\/wp\/v2\/users\/3"}],"replies":[{"embeddable":true,"href":"https:\/\/www.congresocoahuila.gob.mx\/portal\/wp-json\/wp\/v2\/comments?post=1441"}],"version-history":[{"count":14,"href":"https:\/\/www.congresocoahuila.gob.mx\/portal\/wp-json\/wp\/v2\/pages\/1441\/revisions"}],"predecessor-version":[{"id":41164,"href":"https:\/\/www.congresocoahuila.gob.mx\/portal\/wp-json\/wp\/v2\/pages\/1441\/revisions\/41164"}],"wp:attachment":[{"href":"https:\/\/www.congresocoahuila.gob.mx\/portal\/wp-json\/wp\/v2\/media?parent=1441"}],"wp:term":[{"taxonomy":"category","embeddable":true,"href":"https:\/\/www.congresocoahuila.gob.mx\/portal\/wp-json\/wp\/v2\/categories?post=1441"},{"taxonomy":"post_tag","embeddable":true,"href":"https:\/\/www.congresocoahuila.gob.mx\/portal\/wp-json\/wp\/v2\/tags?post=1441"}],"curies":[{"name":"wp","href":"https:\/\/api.w.org\/{rel}","templated":true}]}}