{"id":14506,"date":"2015-04-16T15:08:15","date_gmt":"2015-04-16T15:08:15","guid":{"rendered":"http:\/\/congresocoahuila.gob.mx\/portal\/?page_id=14506"},"modified":"2016-10-25T12:35:27","modified_gmt":"2016-10-25T17:35:27","slug":"primer-periodo-ordinario-de-la-lx-legislatura-2015","status":"publish","type":"page","link":"https:\/\/www.congresocoahuila.gob.mx\/portal\/primer-periodo-ordinario-de-la-lx-legislatura-2015\/","title":{"rendered":"Primer Periodo Ordinario de la LX Legislatura 2015"},"content":{"rendered":"<p class=\"ecxMsoNormal\"><strong>Primer Periodo Ordinario de la LX Legislatura 2015<\/strong><\/p>\n<p class=\"ecxMsoNormal\">Primera Sesi\u00f3n del d\u00eda 2 de Marzo de 2015<br \/>\n<a href=\"http:\/\/congresocoahuila.gob.mx\/portal\/wp-content\/uploads\/2015\/04\/2.-SEGUNDA-SESION-4MARZO-2015.doc\">Segunda Sesi\u00f3n del d\u00eda 4 de Marzo de 2015<\/a><br \/>\n<a href=\"http:\/\/congresocoahuila.gob.mx\/portal\/wp-content\/uploads\/2015\/04\/3.-TERCERA-SESION-10MARZO-2015.doc\">Tercera Sesi\u00f3n del d\u00eda 10 de Marzo de 2015<\/a><br \/>\n<a href=\"http:\/\/congresocoahuila.gob.mx\/portal\/wp-content\/uploads\/2015\/04\/4.-CUARTA-SESION-12MARZO-2015.doc\">Cuarta Sesi\u00f3n del d\u00eda 12 de Marzo de 2015<\/a><br \/>\n<a href=\"http:\/\/congresocoahuila.gob.mx\/portal\/wp-content\/uploads\/2015\/04\/5.-QUINTA-SESION-17MARZO-2015.doc\">Quinta Sesi\u00f3n del d\u00eda 17 de Marzo de 2015<\/a><br \/>\n<a href=\"http:\/\/congresocoahuila.gob.mx\/portal\/wp-content\/uploads\/2015\/04\/6.-SEXTA-SESION-18MARZO-2015.doc\">Sexta Sesi\u00f3n del d\u00eda 18 de Marzo de 2015<\/a><br \/>\n<a href=\"http:\/\/congresocoahuila.gob.mx\/portal\/wp-content\/uploads\/2015\/04\/7.-SEPTIMA-SESION-24MARZO-2015.doc\">S\u00e9ptima Sesi\u00f3n del d\u00eda 24 de Marzo de 2015<\/a><br \/>\n<a href=\"http:\/\/congresocoahuila.gob.mx\/portal\/wp-content\/uploads\/2015\/04\/8.-OCTAVA-SESION-24MARZO-2015.doc\">Octava Sesi\u00f3n del d\u00eda 24 de Marzo de 2015<\/a><br \/>\n<a href=\"http:\/\/congresocoahuila.gob.mx\/portal\/wp-content\/uploads\/2015\/04\/9.-NOVENA-SESION-30MARZO-2015.doc\">Novena Sesi\u00f3n del d\u00eda 30 de Marzo de 2015<\/a><br \/>\n<a href=\"http:\/\/congresocoahuila.gob.mx\/portal\/wp-content\/uploads\/2015\/04\/10.-DECIMA-SESION-30MARZO-2015.doc\">D\u00e9cima Sesi\u00f3n del d\u00eda 30 de Marzo de 2015<\/a><br \/>\n<a href=\"http:\/\/congresocoahuila.gob.mx\/portal\/wp-content\/uploads\/2015\/04\/11.-DECIMA-PRIMERA-SESION-10ABRIL-2015.doc\">D\u00e9cima Primera Sesi\u00f3n del d\u00eda 10 de Abril de 2015<\/a><br \/>\n<a href=\"http:\/\/congresocoahuila.gob.mx\/portal\/wp-content\/uploads\/2015\/04\/12.-DECIMA-SEGUNDA-SESION-10ABRIL-20151.doc\">D\u00e9cima Segunda Sesi\u00f3n del d\u00eda 10 de Abril de 2015<\/a><br \/>\nD\u00e9cima Tercera\u00a0Sesi\u00f3n del d\u00eda 13\u00a0de Abril de 2015<br \/>\n<a href=\"http:\/\/congresocoahuila.gob.mx\/portal\/wp-content\/uploads\/2015\/04\/14.-DECIMA-CUARTA-SESION-14ABRIL-20151.doc\">D\u00e9cima Cuarta Sesi\u00f3n del d\u00eda 14 de Abril de 2015<\/a><br \/>\n<a href=\"http:\/\/congresocoahuila.gob.mx\/portal\/wp-content\/uploads\/2015\/04\/15.-DECIMA-QUINTA-SESION-21ABRIL-2015.doc\">D\u00e9cima Quinta Sesi\u00f3n del d\u00eda 21 de Abril de 2015<\/a><br \/>\nD\u00e9cima Sexta\u00a0Sesi\u00f3n del d\u00eda 21 de Abril de 2015<br \/>\n<a href=\"http:\/\/congresocoahuila.gob.mx\/portal\/wp-content\/uploads\/2015\/04\/17.DECIMA_SEPTIMA_28ABRIL-2015.doc\">D\u00e9cima S\u00e9ptima Sesi\u00f3n del d\u00eda 28 de Abril de 2015<\/a><br \/>\n<a href=\"http:\/\/congresocoahuila.gob.mx\/portal\/wp-content\/uploads\/2015\/04\/18.DECIMA_OCTAVA_-29ABRIL2015.doc\">D\u00e9cima Octava Sesi\u00f3n del d\u00eda 29 de Abril de 2015<\/a><br \/>\n<a href=\"http:\/\/congresocoahuila.gob.mx\/portal\/wp-content\/uploads\/2015\/04\/19.-DECIMA_NOVENA_SESION-6MAYO_2015.pdf\">D\u00e9cima Novena Sesi\u00f3n del d\u00eda 6 de Mayo de 2015<\/a><br \/>\n<a href=\"http:\/\/congresocoahuila.gob.mx\/portal\/wp-content\/uploads\/2015\/04\/20.VIGESIMA_SESION_6MAYO_2015.doc\">Vig\u00e9sima Sesi\u00f3n del d\u00eda 6 de Mayo de 2015<\/a><br \/>\nVig\u00e9sima Primera Sesi\u00f3n del d\u00eda 12 de Mayo de 2015<br \/>\n<a href=\"http:\/\/congresocoahuila.gob.mx\/portal\/wp-content\/uploads\/2015\/04\/22.VIGESIMA_SEGUNDA_SESION_13MAYO_2015.doc\">Vig\u00e9sima Segunda Sesi\u00f3n del d\u00eda 13 de Mayo de 2015<\/a><br \/>\n<a href=\"http:\/\/congresocoahuila.gob.mx\/portal\/wp-content\/uploads\/2015\/04\/23.VIGESIMA_TERCERA_SESION_19MAYO_2015.doc\">Vig\u00e9sima Tercera Sesi\u00f3n del d\u00eda 19 de Mayo de 2015<\/a><br \/>\n<a href=\"http:\/\/congresocoahuila.gob.mx\/portal\/wp-content\/uploads\/2015\/04\/24.VIGESIMA_CUARTA_SESION21MAYO_2015.doc\">Vig\u00e9sima Cuarta Sesi\u00f3n del d\u00eda 21 de Mayo de 2015<\/a><br \/>\n<a href=\"http:\/\/congresocoahuila.gob.mx\/portal\/wp-content\/uploads\/2015\/04\/25.VIGESIMA_QUINTA_SESION_27MAYO_2015.doc\">Vig\u00e9sima Quinta Sesi\u00f3n del d\u00eda 27 de Mayo de 2015<\/a><br \/>\n<a href=\"http:\/\/congresocoahuila.gob.mx\/portal\/wp-content\/uploads\/2015\/04\/26.VIGESIMA_SEXTA_SESION_27MAYO_2015.doc\">Vig\u00e9sima Sexta Sesi\u00f3n del d\u00eda 27 de Mayo de 2015<\/a><br \/>\n<a href=\"http:\/\/congresocoahuila.gob.mx\/portal\/wp-content\/uploads\/2015\/04\/27.-VIGESIMA_SEPTIMA_SESION_2JUNIO2015.doc\">Vig\u00e9sima S\u00e9ptima Sesi\u00f3n del d\u00eda 2 de Junio de 2015<\/a><br \/>\n<a href=\"http:\/\/congresocoahuila.gob.mx\/portal\/wp-content\/uploads\/2015\/04\/28._VIGESIMA_OCTAVA_2JUNIO-2015.doc\">Vig\u00e9sima Octava Sesi\u00f3n del d\u00eda 2 de Junio de 2015<\/a><br \/>\n<a href=\"http:\/\/congresocoahuila.gob.mx\/portal\/wp-content\/uploads\/2015\/04\/29.VIGESIMA_NOVENA_SESION_10JUNIO2015.doc\">Vig\u00e9sima Novena Sesi\u00f3n del d\u00eda 10 de junio de 2015<\/a><br \/>\n<a href=\"http:\/\/congresocoahuila.gob.mx\/portal\/wp-content\/uploads\/2015\/04\/30.TRIGESIMA_SESION_10JUNIO2015.doc\">Trig\u00e9sima Sesi\u00f3n del d\u00eda 10 de junio de 2015<\/a><br \/>\nTrig\u00e9sima Primera Sesi\u00f3n del d\u00eda 15 de junio de 2015<a href=\"http:\/\/congresocoahuila.gob.mx\/portal\/wp-content\/uploads\/2015\/04\/32.TRIGESIMA_SEGUNDA_SESION-17JUNIO2015.doc\"><br \/>\nTrig\u00e9sima Segunda Sesi\u00f3n del d\u00eda 17 de junio de 2015<br \/>\n<\/a><a href=\"http:\/\/congresocoahuila.gob.mx\/portal\/wp-content\/uploads\/2015\/04\/33.TRIGESIMA_TERCERA_SESION_23JUNIO2015.doc\">Trig\u00e9sima Tercera Sesi\u00f3n del d\u00eda 23 de junio de 2015<\/a><a><br \/>\n<\/a><a href=\"http:\/\/congresocoahuila.gob.mx\/portal\/wp-content\/uploads\/2015\/04\/34.TRIGESIMA_CUARTA_SESION_23JUNIO2015.doc\">Trig\u00e9sima Cuarta Sesi\u00f3n del d\u00eda 23 de junio de 2015<\/a><a><br \/>\n<\/a><\/p>\n","protected":false},"excerpt":{"rendered":"<p>Primer Periodo Ordinario de la LX Legislatura 2015 Primera Sesi\u00f3n del d\u00eda 2 de Marzo de 2015 Segunda Sesi\u00f3n del d\u00eda 4 de Marzo de 2015 Tercera Sesi\u00f3n del d\u00eda 10 de Marzo de 2015 Cuarta Sesi\u00f3n del d\u00eda 12 de Marzo de 2015 Quinta Sesi\u00f3n del d\u00eda 17 de Marzo de 2015 Sexta Sesi\u00f3n [&hellip;]<\/p>\n","protected":false},"author":2,"featured_media":0,"parent":0,"menu_order":0,"comment_status":"closed","ping_status":"closed","template":"","meta":{"footnotes":""},"categories":[],"tags":[],"class_list":["post-14506","page","type-page","status-publish","hentry"],"_links":{"self":[{"href":"https:\/\/www.congresocoahuila.gob.mx\/portal\/wp-json\/wp\/v2\/pages\/14506","targetHints":{"allow":["GET"]}}],"collection":[{"href":"https:\/\/www.congresocoahuila.gob.mx\/portal\/wp-json\/wp\/v2\/pages"}],"about":[{"href":"https:\/\/www.congresocoahuila.gob.mx\/portal\/wp-json\/wp\/v2\/types\/page"}],"author":[{"embeddable":true,"href":"https:\/\/www.congresocoahuila.gob.mx\/portal\/wp-json\/wp\/v2\/users\/2"}],"replies":[{"embeddable":true,"href":"https:\/\/www.congresocoahuila.gob.mx\/portal\/wp-json\/wp\/v2\/comments?post=14506"}],"version-history":[{"count":43,"href":"https:\/\/www.congresocoahuila.gob.mx\/portal\/wp-json\/wp\/v2\/pages\/14506\/revisions"}],"predecessor-version":[{"id":22692,"href":"https:\/\/www.congresocoahuila.gob.mx\/portal\/wp-json\/wp\/v2\/pages\/14506\/revisions\/22692"}],"wp:attachment":[{"href":"https:\/\/www.congresocoahuila.gob.mx\/portal\/wp-json\/wp\/v2\/media?parent=14506"}],"wp:term":[{"taxonomy":"category","embeddable":true,"href":"https:\/\/www.congresocoahuila.gob.mx\/portal\/wp-json\/wp\/v2\/categories?post=14506"},{"taxonomy":"post_tag","embeddable":true,"href":"https:\/\/www.congresocoahuila.gob.mx\/portal\/wp-json\/wp\/v2\/tags?post=14506"}],"curies":[{"name":"wp","href":"https:\/\/api.w.org\/{rel}","templated":true}]}}