{"id":14534,"date":"2015-04-16T17:07:18","date_gmt":"2015-04-16T17:07:18","guid":{"rendered":"http:\/\/congresocoahuila.gob.mx\/portal\/?page_id=14534"},"modified":"2015-04-16T17:11:38","modified_gmt":"2015-04-16T17:11:38","slug":"periodo-de-instalacion-de-la-lx-legislatura-2015","status":"publish","type":"page","link":"https:\/\/www.congresocoahuila.gob.mx\/portal\/periodo-de-instalacion-de-la-lx-legislatura-2015\/","title":{"rendered":"Periodo de Instalaci\u00f3n de la LX Legislatura 2015"},"content":{"rendered":"<p>Primera Sesi\u00f3n del d\u00eda 1 de Enero del 2015<br \/>\n<a href=\"http:\/\/congresocoahuila.gob.mx\/portal\/wp-content\/uploads\/2015\/04\/2.SEGUNDA-SESION-6ENERO-2015.doc\">Segunda Sesi\u00f3n del d\u00eda 6 de Enero del 2015<\/a><br \/>\n<a href=\"http:\/\/congresocoahuila.gob.mx\/portal\/wp-content\/uploads\/2015\/04\/3.TERCERA-SESION-8ENERO-2015.doc\">Tercera Sesi\u00f3n del d\u00eda 8 de Enero del 2015<\/a><\/p>\n","protected":false},"excerpt":{"rendered":"<p>Primera Sesi\u00f3n del d\u00eda 1 de Enero del 2015 Segunda Sesi\u00f3n del d\u00eda 6 de Enero del 2015 Tercera Sesi\u00f3n del d\u00eda 8 de Enero del 2015<\/p>\n","protected":false},"author":2,"featured_media":0,"parent":0,"menu_order":0,"comment_status":"closed","ping_status":"closed","template":"","meta":{"footnotes":""},"categories":[],"tags":[],"class_list":["post-14534","page","type-page","status-publish","hentry"],"_links":{"self":[{"href":"https:\/\/www.congresocoahuila.gob.mx\/portal\/wp-json\/wp\/v2\/pages\/14534","targetHints":{"allow":["GET"]}}],"collection":[{"href":"https:\/\/www.congresocoahuila.gob.mx\/portal\/wp-json\/wp\/v2\/pages"}],"about":[{"href":"https:\/\/www.congresocoahuila.gob.mx\/portal\/wp-json\/wp\/v2\/types\/page"}],"author":[{"embeddable":true,"href":"https:\/\/www.congresocoahuila.gob.mx\/portal\/wp-json\/wp\/v2\/users\/2"}],"replies":[{"embeddable":true,"href":"https:\/\/www.congresocoahuila.gob.mx\/portal\/wp-json\/wp\/v2\/comments?post=14534"}],"version-history":[{"count":3,"href":"https:\/\/www.congresocoahuila.gob.mx\/portal\/wp-json\/wp\/v2\/pages\/14534\/revisions"}],"predecessor-version":[{"id":14539,"href":"https:\/\/www.congresocoahuila.gob.mx\/portal\/wp-json\/wp\/v2\/pages\/14534\/revisions\/14539"}],"wp:attachment":[{"href":"https:\/\/www.congresocoahuila.gob.mx\/portal\/wp-json\/wp\/v2\/media?parent=14534"}],"wp:term":[{"taxonomy":"category","embeddable":true,"href":"https:\/\/www.congresocoahuila.gob.mx\/portal\/wp-json\/wp\/v2\/categories?post=14534"},{"taxonomy":"post_tag","embeddable":true,"href":"https:\/\/www.congresocoahuila.gob.mx\/portal\/wp-json\/wp\/v2\/tags?post=14534"}],"curies":[{"name":"wp","href":"https:\/\/api.w.org\/{rel}","templated":true}]}}