{"id":14554,"date":"2015-04-16T19:45:57","date_gmt":"2015-04-16T19:45:57","guid":{"rendered":"http:\/\/congresocoahuila.gob.mx\/portal\/?page_id=14554"},"modified":"2015-04-16T19:45:57","modified_gmt":"2015-04-16T19:45:57","slug":"primer-periodo-extraordinario-de-la-lx-legislatura-2015","status":"publish","type":"page","link":"https:\/\/www.congresocoahuila.gob.mx\/portal\/primer-periodo-extraordinario-de-la-lx-legislatura-2015\/","title":{"rendered":"Primer Periodo Extraordinario de la LX Legislatura 2015"},"content":{"rendered":"<p><a href=\"http:\/\/congresocoahuila.gob.mx\/portal\/wp-content\/uploads\/2015\/04\/PRIMERA-SESION-EXTRA-10FEBRERO-2015.doc\">Primera Sesi\u00f3n Extraordinaria del d\u00eda 10 de Febrero de 2015<\/a><br \/>\n<a href=\"http:\/\/congresocoahuila.gob.mx\/portal\/wp-content\/uploads\/2015\/04\/SEGUNDA-SESION-EXTRA-19FEBRERO-2015.doc\">Segunda Sesi\u00f3n Extraordinaria del d\u00eda 19 de Febrero de 2015<\/a><\/p>\n","protected":false},"excerpt":{"rendered":"<p>Primera Sesi\u00f3n Extraordinaria del d\u00eda 10 de Febrero de 2015 Segunda Sesi\u00f3n Extraordinaria del d\u00eda 19 de Febrero de 2015<\/p>\n","protected":false},"author":2,"featured_media":0,"parent":0,"menu_order":0,"comment_status":"closed","ping_status":"closed","template":"","meta":{"footnotes":""},"categories":[],"tags":[],"class_list":["post-14554","page","type-page","status-publish","hentry"],"_links":{"self":[{"href":"https:\/\/www.congresocoahuila.gob.mx\/portal\/wp-json\/wp\/v2\/pages\/14554","targetHints":{"allow":["GET"]}}],"collection":[{"href":"https:\/\/www.congresocoahuila.gob.mx\/portal\/wp-json\/wp\/v2\/pages"}],"about":[{"href":"https:\/\/www.congresocoahuila.gob.mx\/portal\/wp-json\/wp\/v2\/types\/page"}],"author":[{"embeddable":true,"href":"https:\/\/www.congresocoahuila.gob.mx\/portal\/wp-json\/wp\/v2\/users\/2"}],"replies":[{"embeddable":true,"href":"https:\/\/www.congresocoahuila.gob.mx\/portal\/wp-json\/wp\/v2\/comments?post=14554"}],"version-history":[{"count":1,"href":"https:\/\/www.congresocoahuila.gob.mx\/portal\/wp-json\/wp\/v2\/pages\/14554\/revisions"}],"predecessor-version":[{"id":14557,"href":"https:\/\/www.congresocoahuila.gob.mx\/portal\/wp-json\/wp\/v2\/pages\/14554\/revisions\/14557"}],"wp:attachment":[{"href":"https:\/\/www.congresocoahuila.gob.mx\/portal\/wp-json\/wp\/v2\/media?parent=14554"}],"wp:term":[{"taxonomy":"category","embeddable":true,"href":"https:\/\/www.congresocoahuila.gob.mx\/portal\/wp-json\/wp\/v2\/categories?post=14554"},{"taxonomy":"post_tag","embeddable":true,"href":"https:\/\/www.congresocoahuila.gob.mx\/portal\/wp-json\/wp\/v2\/tags?post=14554"}],"curies":[{"name":"wp","href":"https:\/\/api.w.org\/{rel}","templated":true}]}}