{"id":1495,"date":"2014-11-21T18:24:04","date_gmt":"2014-11-22T00:24:04","guid":{"rendered":"http:\/\/www.congresocoahuila.gob.mx\/portal\/?page_id=1495"},"modified":"2022-07-04T22:37:17","modified_gmt":"2022-07-05T03:37:17","slug":"articulo-21-xxi","status":"publish","type":"page","link":"https:\/\/www.congresocoahuila.gob.mx\/portal\/articulo-21-xxi\/","title":{"rendered":"ART\u00cdCULO 21-XXI"},"content":{"rendered":"<p>CALENDARIZACI\u00d3N DE SESIONES O REUNIONES P\u00daBLICAS A QUE SE CONVOQUE, Y EN SU CASO, LA MINUTA O ACTA CORRESPONDIENTE;<\/p>\n<p><strong>CALENDARIZACI\u00d3N<\/strong><br \/>\n<a href=\"https:\/\/congresocoahuila.gob.mx\/transparencia\/Calendarizacion_LXII_Legislatura.pdf\">Calendarizaci\u00f3n de las sesiones del Pleno del Congreso y de la Diputaci\u00f3n Permanente de la LXII Legislatura<\/a><\/p>\n<p><a href=\"https:\/\/congresocoahuila.gob.mx\/transparencia\/Calendarizacion_LXI_Legislatura.pdf\">Calendarizaci\u00f3n de las sesiones del Pleno del Congreso y de la Diputaci\u00f3n Permanente de la LXI Legislatura<\/a><\/p>\n<p><a href=\"https:\/\/congresocoahuila.gob.mx\/transparencia\/Calendarizacion_LX_Legislatura.pdf\">Calendarizaci\u00f3n de las sesiones del Pleno del Congreso y de la Diputaci\u00f3n Permanente de la LX Legislatura<\/a><\/p>\n<p><a href=\"http:\/\/congresocoahuila.gob.mx\/portal\/wp-content\/uploads\/2014\/11\/calsesiones_2012-2014_1.pdf\">Calendarizaci\u00f3n de las sesiones del Pleno del Congreso y de la Diputaci\u00f3n Permanente de la LIX Legislatura<\/a><\/p>\n<p><strong>MINUTAS<\/strong><br \/>\n<a href=\"https:\/\/congresocoahuila.gob.mx\/transparencia\/Minutas_LXII_Legislatura.docx\">Minutas LXII Legislatura 2021-2023<\/a><br \/>\n<a href=\"https:\/\/congresocoahuila.gob.mx\/transparencia\/Minutas_LXI_Legislatura.docx\">Minutas LXI Legislatura 2018-2020<\/a><br \/>\n<a href=\"http:\/\/congresocoahuila.gob.mx\/portal\/wp-content\/uploads\/2014\/11\/minutaslx.doc\">Minutas LX Legislatura 2015-2017<\/a><br \/>\n<a href=\"https:\/\/congresocoahuila.gob.mx\/transparencia\/ART\/21\/21\/MINUTAS\/MINUTAS_LIX.pdf\">Minutas LIX Legislatura 2012-2014<\/a><br \/>\n<a href=\"https:\/\/congresocoahuila.gob.mx\/transparencia\/ART\/21\/21\/MINUTAS\/MINUTAS_LVIII.pdf\">Minutas LVIII Legislatura 2009-2011<\/a><br \/>\n<a href=\"https:\/\/congresocoahuila.gob.mx\/transparencia\/ART\/21\/21\/MINUTAS\/MINUTAS_LVII.pdf\">Minutas LVII Legislatura 2006-2008<\/a><br \/>\n<a href=\"https:\/\/congresocoahuila.gob.mx\/transparencia\/ART\/21\/21\/MINUTAS\/MINUTAS_LVI.pdf\">Minutas LVI Legislatura 2003-2005<\/a><\/p>\n<p><strong>Fecha de Actualizaci\u00f3n:<\/strong> 1 de julio de 2022<br \/>\n<strong>Responsable de la Informaci\u00f3n:<\/strong> Lic. Gerardo Blanco Guerra ,<br \/>\nOficial Mayor del H. Congreso del Estado de Coahuila<\/p>\n","protected":false},"excerpt":{"rendered":"<p>CALENDARIZACI\u00d3N DE SESIONES O REUNIONES P\u00daBLICAS A QUE SE CONVOQUE, Y EN SU CASO, LA MINUTA O ACTA CORRESPONDIENTE; CALENDARIZACI\u00d3N Calendarizaci\u00f3n de las sesiones del Pleno del Congreso y de la Diputaci\u00f3n Permanente de la LXII Legislatura Calendarizaci\u00f3n de las sesiones del Pleno del Congreso y de la Diputaci\u00f3n Permanente de la LXI Legislatura Calendarizaci\u00f3n [&hellip;]<\/p>\n","protected":false},"author":3,"featured_media":0,"parent":0,"menu_order":0,"comment_status":"closed","ping_status":"closed","template":"","meta":{"footnotes":""},"categories":[],"tags":[],"class_list":["post-1495","page","type-page","status-publish","hentry"],"_links":{"self":[{"href":"https:\/\/www.congresocoahuila.gob.mx\/portal\/wp-json\/wp\/v2\/pages\/1495","targetHints":{"allow":["GET"]}}],"collection":[{"href":"https:\/\/www.congresocoahuila.gob.mx\/portal\/wp-json\/wp\/v2\/pages"}],"about":[{"href":"https:\/\/www.congresocoahuila.gob.mx\/portal\/wp-json\/wp\/v2\/types\/page"}],"author":[{"embeddable":true,"href":"https:\/\/www.congresocoahuila.gob.mx\/portal\/wp-json\/wp\/v2\/users\/3"}],"replies":[{"embeddable":true,"href":"https:\/\/www.congresocoahuila.gob.mx\/portal\/wp-json\/wp\/v2\/comments?post=1495"}],"version-history":[{"count":76,"href":"https:\/\/www.congresocoahuila.gob.mx\/portal\/wp-json\/wp\/v2\/pages\/1495\/revisions"}],"predecessor-version":[{"id":43814,"href":"https:\/\/www.congresocoahuila.gob.mx\/portal\/wp-json\/wp\/v2\/pages\/1495\/revisions\/43814"}],"wp:attachment":[{"href":"https:\/\/www.congresocoahuila.gob.mx\/portal\/wp-json\/wp\/v2\/media?parent=1495"}],"wp:term":[{"taxonomy":"category","embeddable":true,"href":"https:\/\/www.congresocoahuila.gob.mx\/portal\/wp-json\/wp\/v2\/categories?post=1495"},{"taxonomy":"post_tag","embeddable":true,"href":"https:\/\/www.congresocoahuila.gob.mx\/portal\/wp-json\/wp\/v2\/tags?post=1495"}],"curies":[{"name":"wp","href":"https:\/\/api.w.org\/{rel}","templated":true}]}}