{"id":1516,"date":"2014-11-21T19:02:54","date_gmt":"2014-11-22T01:02:54","guid":{"rendered":"http:\/\/www.congresocoahuila.gob.mx\/portal\/?page_id=1516"},"modified":"2015-01-06T03:24:48","modified_gmt":"2015-01-06T03:24:48","slug":"articulo-21-xxiii-d-2012-2014","status":"publish","type":"page","link":"https:\/\/www.congresocoahuila.gob.mx\/portal\/articulo-21-xxiii-d-2012-2014\/","title":{"rendered":"DEBATES-2012-2014"},"content":{"rendered":"<p><strong>DIARIO DE LOS DEBATES<\/strong><\/p>\n<p><strong>Congreso del Estado de Coahuila LIX Legislatura 2012-2014<\/strong><br \/>\n<strong>Primer A\u00f1o de Ejercicio Constitucional 2012<\/strong><br \/>\n<a title=\"ART\u00cdCULO 21-XXIII-2012\" href=\"http:\/\/www.congresocoahuila.gob.mx\/portal?page_id=1524\">Primer Periodo Ordinario de la LIX Legislatura 2012<\/a><br \/>\n<a title=\"DIPUTACI\u00d3N PERMANENTE-2012\" href=\"http:\/\/congresocoahuila.gob.mx\/portal\/?page_id=10306\">Diputaci\u00f3n Permanente de la LIX Legislatura 2012<\/a><br \/>\n<a title=\"PRIMER PER\u00cdODO EXTRAORDINARIO-2012\" href=\"http:\/\/congresocoahuila.gob.mx\/portal\/?page_id=10311\">Primer Per\u00edodo Extraordinario de la LIX Legislatura 2012<\/a><br \/>\n<a title=\"ART\u00cdCULO 21-XXIII-2012 SEGUNDO PER\u00cdODO ORDINARIO\" href=\"http:\/\/www.congresocoahuila.gob.mx\/portal?page_id=1576\">Segundo Periodo Ordinario de la LIX Legislatura 2012<\/a><\/p>\n<p><strong>Segundo A\u00f1o de Ejercicio Constitucional 2013<\/strong><br \/>\n<a title=\"ART\u00cdCULO 21-XXIII-2013 PRIMER PER\u00cdODO DE LA DIPUTACI\u00d3N PERMANENTE\" href=\"http:\/\/www.congresocoahuila.gob.mx\/portal?page_id=1700\">Primer Periodo de la Diputaci\u00f3n Permanente de la LIX Legislatura 2013<\/a><br \/>\n<a title=\"ART\u00cdCULO 21-XXIII-2013 PRIMER PER\u00cdODO EXTRAORDINARIO\" href=\"http:\/\/www.congresocoahuila.gob.mx\/portal?page_id=1724\">Primer Per\u00edodo Extraordinario de la LIX Legislatura 2013<\/a><br \/>\n<a title=\"ART\u00cdCULO 21-XXIII-2013 PRIMER PER\u00cdODO ORDINARIO\" href=\"http:\/\/www.congresocoahuila.gob.mx\/portal?page_id=1738\">Primer Per\u00edodo Ordinario de la LIX Legislatura 2013<\/a><br \/>\n<a title=\"ART\u00cdCULO 21-XXIII-2013 SEGUNDO PER\u00cdODO DE LA DIPUTACI\u00d3N PERMANENTE\" href=\"http:\/\/www.congresocoahuila.gob.mx\/portal?page_id=1772\">Segundo Periodo de la Diputaci\u00f3n Permanente de la LIX Legislatura 2013<\/a><br \/>\n<a title=\"ART\u00cdCULO 21-XXIII-2013 SEGUNDO PER\u00cdODO EXTRAORDINARIO\" href=\"http:\/\/www.congresocoahuila.gob.mx\/portal?page_id=1792\">Segundo Per\u00edodo Extraordinario de la LIX Legislatura 2013<\/a><br \/>\n<a title=\"ART\u00cdCULO 21-XXIII-2013 SEGUNDO PER\u00cdODO ORDINARIO\" href=\"http:\/\/www.congresocoahuila.gob.mx\/portal?page_id=1801\">Segundo Per\u00edodo Ordinario de la LIX Legislatura 2013<br \/>\n<\/a><br \/>\n<strong>Tercer A\u00f1o de Ejercicio Constitucional 2014<\/strong><br \/>\n<a title=\"ART\u00cdCULO 21-XXIII-2014 PRIMER PER\u00cdODO DE LA DIPUTACI\u00d3N PERMANENTE\" href=\"http:\/\/www.congresocoahuila.gob.mx\/portal?page_id=1853\">Primer Periodo de la Diputaci\u00f3n Permanente de la LIX Legislatura 2014<\/a><br \/>\n<a title=\"ART\u00cdCULO 21-XXIII-2014 PRIMER PER\u00cdODO EXTRAORDINARIO\" href=\"http:\/\/www.congresocoahuila.gob.mx\/portal?page_id=1868\">Primer Per\u00edodo Extraordinario de la LIX Legislatura 2014<\/a><br \/>\n<a title=\"ART\u00cdCULO 21-XXIII-2014 PRIMER PER\u00cdODO ORDINARIO\" href=\"http:\/\/www.congresocoahuila.gob.mx\/portal?page_id=1887\">Primer Per\u00edodo Ordinario de la LIX Legislatura 2014<\/a><br \/>\n<a title=\"ART\u00cdCULO 21-XXIII-2014 SEGUNDO PER\u00cdODO DE LA DIPUTACI\u00d3N PERMANENTE\" href=\"http:\/\/www.congresocoahuila.gob.mx\/portal?page_id=1922\">Segundo Periodo de la Diputaci\u00f3n Permanente de la LIX Legislatura 2014<\/a><br \/>\n<a title=\"ART\u00cdCULO 21-XXIII-2014 SEGUNDO PER\u00cdODO EXTRAORDINARIO\" href=\"http:\/\/www.congresocoahuila.gob.mx\/portal?page_id=1940\">Segundo Per\u00edodo Extraordinario de la LIX Legislatura 2014<\/a><br \/>\n<a title=\"ART\u00cdCULO 21-XXIII-2014 SEGUNDO PER\u00cdODO ORDINARIO\" href=\"http:\/\/www.congresocoahuila.gob.mx\/portal?page_id=1954\">Segundo Per\u00edodo Ordinario de la LIX Legislatura 2014<\/a><\/p>\n","protected":false},"excerpt":{"rendered":"<p>DIARIO DE LOS DEBATES Congreso del Estado de Coahuila LIX Legislatura 2012-2014 Primer A\u00f1o de Ejercicio Constitucional 2012 Primer Periodo Ordinario de la LIX Legislatura 2012 Diputaci\u00f3n Permanente de la LIX Legislatura 2012 Primer Per\u00edodo Extraordinario de la LIX Legislatura 2012 Segundo Periodo Ordinario de la LIX Legislatura 2012 Segundo A\u00f1o de Ejercicio Constitucional 2013 [&hellip;]<\/p>\n","protected":false},"author":3,"featured_media":0,"parent":0,"menu_order":0,"comment_status":"closed","ping_status":"closed","template":"","meta":{"footnotes":""},"categories":[],"tags":[],"class_list":["post-1516","page","type-page","status-publish","hentry"],"_links":{"self":[{"href":"https:\/\/www.congresocoahuila.gob.mx\/portal\/wp-json\/wp\/v2\/pages\/1516","targetHints":{"allow":["GET"]}}],"collection":[{"href":"https:\/\/www.congresocoahuila.gob.mx\/portal\/wp-json\/wp\/v2\/pages"}],"about":[{"href":"https:\/\/www.congresocoahuila.gob.mx\/portal\/wp-json\/wp\/v2\/types\/page"}],"author":[{"embeddable":true,"href":"https:\/\/www.congresocoahuila.gob.mx\/portal\/wp-json\/wp\/v2\/users\/3"}],"replies":[{"embeddable":true,"href":"https:\/\/www.congresocoahuila.gob.mx\/portal\/wp-json\/wp\/v2\/comments?post=1516"}],"version-history":[{"count":2,"href":"https:\/\/www.congresocoahuila.gob.mx\/portal\/wp-json\/wp\/v2\/pages\/1516\/revisions"}],"predecessor-version":[{"id":12179,"href":"https:\/\/www.congresocoahuila.gob.mx\/portal\/wp-json\/wp\/v2\/pages\/1516\/revisions\/12179"}],"wp:attachment":[{"href":"https:\/\/www.congresocoahuila.gob.mx\/portal\/wp-json\/wp\/v2\/media?parent=1516"}],"wp:term":[{"taxonomy":"category","embeddable":true,"href":"https:\/\/www.congresocoahuila.gob.mx\/portal\/wp-json\/wp\/v2\/categories?post=1516"},{"taxonomy":"post_tag","embeddable":true,"href":"https:\/\/www.congresocoahuila.gob.mx\/portal\/wp-json\/wp\/v2\/tags?post=1516"}],"curies":[{"name":"wp","href":"https:\/\/api.w.org\/{rel}","templated":true}]}}