{"id":15634,"date":"2015-07-09T18:39:15","date_gmt":"2015-07-09T18:39:15","guid":{"rendered":"http:\/\/congresocoahuila.gob.mx\/portal\/?page_id=15634"},"modified":"2015-09-29T13:34:53","modified_gmt":"2015-09-29T18:34:53","slug":"articulo-26-v-segundo-periodo-de-la-diputacion-permanente-de-la-lx-legislatura-2015","status":"publish","type":"page","link":"https:\/\/www.congresocoahuila.gob.mx\/portal\/articulo-26-v-segundo-periodo-de-la-diputacion-permanente-de-la-lx-legislatura-2015\/","title":{"rendered":"ART\u00cdCULO 26.V. SEGUNDO PERIODO DE LA DIPUTACI\u00d3N PERMANENTE DE LA LX LEGISLATURA 2015"},"content":{"rendered":"<p><a href=\"http:\/\/congresocoahuila.gob.mx\/portal\/wp-content\/uploads\/2015\/07\/1.-PRIM_SESION_SEGUNDO_PERIODO_PERMANENTE2015.docx\">Primera Sesi\u00f3n del d\u00eda 1 de Julio de 2015<\/a><br \/>\n<a href=\"http:\/\/congresocoahuila.gob.mx\/portal\/wp-content\/uploads\/2015\/07\/2.-SEGU_SESION_SEGUNDO_PERIODO_PERMANENTE2015.docx\">Segunda Sesi\u00f3n del d\u00eda 7 de Julio de 2015<\/a><br \/>\n<a href=\"http:\/\/congresocoahuila.gob.mx\/portal\/wp-content\/uploads\/2015\/07\/3.TERCERA_SESION_SEGUNDO_PERIODO_PERMANENTE2015.docx\">Tercera Sesi\u00f3n del d\u00eda 14 de Julio de 2015<\/a><br \/>\n<a href=\"http:\/\/congresocoahuila.gob.mx\/portal\/wp-content\/uploads\/2015\/07\/4.CUARTA_SESION_SEGUNDO_PERIODO_PERMANENTE2015.docx\">Cuarta Sesi\u00f3n del d\u00eda 14 de Julio de 2015<\/a><br \/>\n<a href=\"http:\/\/congresocoahuila.gob.mx\/portal\/wp-content\/uploads\/2015\/07\/5.-QUINTA_SESION_SEGUNDO_PERIODO_PERMANENTE2015.docx\">Quinta Sesi\u00f3n del d\u00eda 5 de Agosto de 2015<\/a><br \/>\n<a href=\"http:\/\/congresocoahuila.gob.mx\/portal\/wp-content\/uploads\/2015\/07\/6-SEXTA_SESION_PERIODO_PERMANENTE2015.doc\">Sexta Sesi\u00f3n del d\u00eda 11 de Agosto de 2015<\/a><br \/>\nS\u00e9ptima Sesi\u00f3n\u00a0del d\u00eda 12 de agosto de 2015<br \/>\n<a href=\"http:\/\/congresocoahuila.gob.mx\/portal\/wp-content\/uploads\/2015\/07\/8-OCTAVA_SESION_PERIODO_PERMANENTE2015.docx\">Octava Sesi\u00f3n del d\u00eda 19 de Agosto de 2015<\/a><br \/>\n<a href=\"http:\/\/congresocoahuila.gob.mx\/portal\/wp-content\/uploads\/2015\/07\/9-NOVENA_SESION_PERIODO_PERMANENTE2015.doc\">Novena Sesi\u00f3n del d\u00eda 28 de Agosto de 2015<\/a><\/p>\n","protected":false},"excerpt":{"rendered":"<p>Primera Sesi\u00f3n del d\u00eda 1 de Julio de 2015 Segunda Sesi\u00f3n del d\u00eda 7 de Julio de 2015 Tercera Sesi\u00f3n del d\u00eda 14 de Julio de 2015 Cuarta Sesi\u00f3n del d\u00eda 14 de Julio de 2015 Quinta Sesi\u00f3n del d\u00eda 5 de Agosto de 2015 Sexta Sesi\u00f3n del d\u00eda 11 de Agosto de 2015 S\u00e9ptima [&hellip;]<\/p>\n","protected":false},"author":2,"featured_media":0,"parent":0,"menu_order":0,"comment_status":"closed","ping_status":"closed","template":"","meta":{"footnotes":""},"categories":[],"tags":[],"class_list":["post-15634","page","type-page","status-publish","hentry"],"_links":{"self":[{"href":"https:\/\/www.congresocoahuila.gob.mx\/portal\/wp-json\/wp\/v2\/pages\/15634","targetHints":{"allow":["GET"]}}],"collection":[{"href":"https:\/\/www.congresocoahuila.gob.mx\/portal\/wp-json\/wp\/v2\/pages"}],"about":[{"href":"https:\/\/www.congresocoahuila.gob.mx\/portal\/wp-json\/wp\/v2\/types\/page"}],"author":[{"embeddable":true,"href":"https:\/\/www.congresocoahuila.gob.mx\/portal\/wp-json\/wp\/v2\/users\/2"}],"replies":[{"embeddable":true,"href":"https:\/\/www.congresocoahuila.gob.mx\/portal\/wp-json\/wp\/v2\/comments?post=15634"}],"version-history":[{"count":16,"href":"https:\/\/www.congresocoahuila.gob.mx\/portal\/wp-json\/wp\/v2\/pages\/15634\/revisions"}],"predecessor-version":[{"id":16592,"href":"https:\/\/www.congresocoahuila.gob.mx\/portal\/wp-json\/wp\/v2\/pages\/15634\/revisions\/16592"}],"wp:attachment":[{"href":"https:\/\/www.congresocoahuila.gob.mx\/portal\/wp-json\/wp\/v2\/media?parent=15634"}],"wp:term":[{"taxonomy":"category","embeddable":true,"href":"https:\/\/www.congresocoahuila.gob.mx\/portal\/wp-json\/wp\/v2\/categories?post=15634"},{"taxonomy":"post_tag","embeddable":true,"href":"https:\/\/www.congresocoahuila.gob.mx\/portal\/wp-json\/wp\/v2\/tags?post=15634"}],"curies":[{"name":"wp","href":"https:\/\/api.w.org\/{rel}","templated":true}]}}