{"id":16099,"date":"2015-08-31T19:13:59","date_gmt":"2015-08-31T19:13:59","guid":{"rendered":"http:\/\/congresocoahuila.gob.mx\/portal\/?page_id=16099"},"modified":"2017-01-12T10:24:15","modified_gmt":"2017-01-12T16:24:15","slug":"segundo-periodo-extraordinario-del-primer-ano-de-ejercicio-constitucional-lx","status":"publish","type":"page","link":"https:\/\/www.congresocoahuila.gob.mx\/portal\/segundo-periodo-extraordinario-del-primer-ano-de-ejercicio-constitucional-lx\/","title":{"rendered":"Segundo Per\u00edodo Extraordinario del Primer A\u00f1o de Ejercicio Constitucional de la LX"},"content":{"rendered":"<p><strong>Segundo\u00a0Per\u00edodo Extraordinario del Primer A\u00f1o de Ejercicio Constitucional de la LX Legislatura 2015<\/strong><\/p>\n<p><strong>MESA DIRECTIVA<\/strong><\/p>\n<p>PRESIDENTA: Dip. Georgina Cano Torralva<\/p>\n<p>VICEPRESIDENTE: Dip. Melchor S\u00e1nchez de la Fuente<\/p>\n<p>VICEPRESIDENTE: Dip. Yolanda Olga Acu\u00f1a Contreras<\/p>\n<p>SECRETARIO: Dip. Javier D\u00edaz Gonz\u00e1lez<\/p>\n<p>SECRETARIA: Dip. Lariza Montiel Luis<\/p>\n<p>SECRETARIO: Dip. Sergio Garza Castillo<\/p>\n<p>SECRETARIO: Dip. Leonel Contreras P\u00e1manes<\/p>\n","protected":false},"excerpt":{"rendered":"<p>Segundo\u00a0Per\u00edodo Extraordinario del Primer A\u00f1o de Ejercicio Constitucional de la LX Legislatura 2015 MESA DIRECTIVA PRESIDENTA: Dip. Georgina Cano Torralva VICEPRESIDENTE: Dip. Melchor S\u00e1nchez de la Fuente VICEPRESIDENTE: Dip. Yolanda Olga Acu\u00f1a Contreras SECRETARIO: Dip. Javier D\u00edaz Gonz\u00e1lez SECRETARIA: Dip. Lariza Montiel Luis SECRETARIO: Dip. Sergio Garza Castillo SECRETARIO: Dip. Leonel Contreras P\u00e1manes<\/p>\n","protected":false},"author":2,"featured_media":0,"parent":0,"menu_order":0,"comment_status":"closed","ping_status":"closed","template":"","meta":{"footnotes":""},"categories":[],"tags":[],"class_list":["post-16099","page","type-page","status-publish","hentry"],"_links":{"self":[{"href":"https:\/\/www.congresocoahuila.gob.mx\/portal\/wp-json\/wp\/v2\/pages\/16099","targetHints":{"allow":["GET"]}}],"collection":[{"href":"https:\/\/www.congresocoahuila.gob.mx\/portal\/wp-json\/wp\/v2\/pages"}],"about":[{"href":"https:\/\/www.congresocoahuila.gob.mx\/portal\/wp-json\/wp\/v2\/types\/page"}],"author":[{"embeddable":true,"href":"https:\/\/www.congresocoahuila.gob.mx\/portal\/wp-json\/wp\/v2\/users\/2"}],"replies":[{"embeddable":true,"href":"https:\/\/www.congresocoahuila.gob.mx\/portal\/wp-json\/wp\/v2\/comments?post=16099"}],"version-history":[{"count":5,"href":"https:\/\/www.congresocoahuila.gob.mx\/portal\/wp-json\/wp\/v2\/pages\/16099\/revisions"}],"predecessor-version":[{"id":23950,"href":"https:\/\/www.congresocoahuila.gob.mx\/portal\/wp-json\/wp\/v2\/pages\/16099\/revisions\/23950"}],"wp:attachment":[{"href":"https:\/\/www.congresocoahuila.gob.mx\/portal\/wp-json\/wp\/v2\/media?parent=16099"}],"wp:term":[{"taxonomy":"category","embeddable":true,"href":"https:\/\/www.congresocoahuila.gob.mx\/portal\/wp-json\/wp\/v2\/categories?post=16099"},{"taxonomy":"post_tag","embeddable":true,"href":"https:\/\/www.congresocoahuila.gob.mx\/portal\/wp-json\/wp\/v2\/tags?post=16099"}],"curies":[{"name":"wp","href":"https:\/\/api.w.org\/{rel}","templated":true}]}}