{"id":16151,"date":"2015-09-02T16:02:55","date_gmt":"2015-09-02T16:02:55","guid":{"rendered":"http:\/\/congresocoahuila.gob.mx\/portal\/?page_id=16151"},"modified":"2015-09-02T16:03:27","modified_gmt":"2015-09-02T16:03:27","slug":"primer-periodo-extraordinario-del-primer-ano-de-ejercicio-constitucional-lx","status":"publish","type":"page","link":"https:\/\/www.congresocoahuila.gob.mx\/portal\/primer-periodo-extraordinario-del-primer-ano-de-ejercicio-constitucional-lx\/","title":{"rendered":"Primer Per\u00edodo Extraordinario del Primer A\u00f1o de Ejercicio Constitucional LX"},"content":{"rendered":"<p><strong>Primer Per\u00edodo Extraordinario del Primer A\u00f1o de Ejercicio Constitucional de la LX Legislatura 2015<\/strong><\/p>\n<p><strong>MESA DIRECTIVA<\/strong><\/p>\n<p>PRESIDENTA:\u00a0Dip. Ver\u00f3nica Mart\u00ednez Garc\u00eda<\/p>\n<p>VICEPRESIDENTE: Dip. Melchor S\u00e1nchez de la Fuente<\/p>\n<p>VICEPRESIDENTE: Dip. Yolanda Olga Acu\u00f1a Contreras<\/p>\n<p>SECRETARIO: Dip. Javier D\u00edaz Gonz\u00e1lez<\/p>\n<p>SECRETARIA: Dip. Lariza Montiel Luis<\/p>\n<p>SECRETARIO: Dip. Sergio Garza Castillo<\/p>\n<p>SECRETARIO: Dip. Leonel Contreras P\u00e1manes<\/p>\n","protected":false},"excerpt":{"rendered":"<p>Primer Per\u00edodo Extraordinario del Primer A\u00f1o de Ejercicio Constitucional de la LX Legislatura 2015 MESA DIRECTIVA PRESIDENTA:\u00a0Dip. Ver\u00f3nica Mart\u00ednez Garc\u00eda VICEPRESIDENTE: Dip. Melchor S\u00e1nchez de la Fuente VICEPRESIDENTE: Dip. Yolanda Olga Acu\u00f1a Contreras SECRETARIO: Dip. Javier D\u00edaz Gonz\u00e1lez SECRETARIA: Dip. Lariza Montiel Luis SECRETARIO: Dip. Sergio Garza Castillo SECRETARIO: Dip. Leonel Contreras P\u00e1manes<\/p>\n","protected":false},"author":2,"featured_media":0,"parent":0,"menu_order":0,"comment_status":"closed","ping_status":"closed","template":"","meta":{"footnotes":""},"categories":[],"tags":[],"class_list":["post-16151","page","type-page","status-publish","hentry"],"_links":{"self":[{"href":"https:\/\/www.congresocoahuila.gob.mx\/portal\/wp-json\/wp\/v2\/pages\/16151","targetHints":{"allow":["GET"]}}],"collection":[{"href":"https:\/\/www.congresocoahuila.gob.mx\/portal\/wp-json\/wp\/v2\/pages"}],"about":[{"href":"https:\/\/www.congresocoahuila.gob.mx\/portal\/wp-json\/wp\/v2\/types\/page"}],"author":[{"embeddable":true,"href":"https:\/\/www.congresocoahuila.gob.mx\/portal\/wp-json\/wp\/v2\/users\/2"}],"replies":[{"embeddable":true,"href":"https:\/\/www.congresocoahuila.gob.mx\/portal\/wp-json\/wp\/v2\/comments?post=16151"}],"version-history":[{"count":2,"href":"https:\/\/www.congresocoahuila.gob.mx\/portal\/wp-json\/wp\/v2\/pages\/16151\/revisions"}],"predecessor-version":[{"id":16153,"href":"https:\/\/www.congresocoahuila.gob.mx\/portal\/wp-json\/wp\/v2\/pages\/16151\/revisions\/16153"}],"wp:attachment":[{"href":"https:\/\/www.congresocoahuila.gob.mx\/portal\/wp-json\/wp\/v2\/media?parent=16151"}],"wp:term":[{"taxonomy":"category","embeddable":true,"href":"https:\/\/www.congresocoahuila.gob.mx\/portal\/wp-json\/wp\/v2\/categories?post=16151"},{"taxonomy":"post_tag","embeddable":true,"href":"https:\/\/www.congresocoahuila.gob.mx\/portal\/wp-json\/wp\/v2\/tags?post=16151"}],"curies":[{"name":"wp","href":"https:\/\/api.w.org\/{rel}","templated":true}]}}