{"id":16841,"date":"2015-10-14T11:53:14","date_gmt":"2015-10-14T16:53:14","guid":{"rendered":"http:\/\/congresocoahuila.gob.mx\/portal\/?page_id=16841"},"modified":"2016-02-08T10:40:54","modified_gmt":"2016-02-08T16:40:54","slug":"26-v-segundo-periodo-ordinario-de-la-lx-legislatura-2015","status":"publish","type":"page","link":"https:\/\/www.congresocoahuila.gob.mx\/portal\/26-v-segundo-periodo-ordinario-de-la-lx-legislatura-2015\/","title":{"rendered":"Segundo Per\u00edodo Ordinario de la LX Legislatura 2015"},"content":{"rendered":"<p><a href=\"http:\/\/congresocoahuila.gob.mx\/portal\/wp-content\/uploads\/2015\/10\/1.SESION_1SEPTIEMBRE2015.doc\">Primera Sesi\u00f3n del d\u00eda 01 de Septiembre de 2015<\/a><br \/>\n<a href=\"http:\/\/congresocoahuila.gob.mx\/portal\/wp-content\/uploads\/2015\/10\/2.SESION_3SEPTIEMBRE2015.doc\">Segunda Sesi\u00f3n del d\u00eda 03 de Septiembre de 2015<\/a><br \/>\n<a href=\"http:\/\/congresocoahuila.gob.mx\/portal\/wp-content\/uploads\/2015\/10\/3.SESION_9SEPTIEMBRE2015.doc\">Tercera Sesi\u00f3n del d\u00eda 09 de Septiembre de 2015<\/a><br \/>\n<a href=\"http:\/\/congresocoahuila.gob.mx\/portal\/wp-content\/uploads\/2015\/10\/4.SESION_9SEPTIEMBRE2015.doc\">Cuarta Sesi\u00f3n del d\u00eda 09 de Septiembre de 2015<\/a><br \/>\n<a href=\"http:\/\/congresocoahuila.gob.mx\/portal\/wp-content\/uploads\/2015\/10\/5.SESION_15SEPTIEMBRE2015.doc\">Quinta Sesi\u00f3n del d\u00eda 15 de Septiembre de 2015<\/a><br \/>\n<a href=\"http:\/\/congresocoahuila.gob.mx\/portal\/wp-content\/uploads\/2015\/10\/6.SESION_15SEPTIEMBRE2015.doc\">Sexta Sesi\u00f3n del d\u00eda 15 de Septiembre de 2015<\/a><br \/>\n<a href=\"http:\/\/congresocoahuila.gob.mx\/portal\/wp-content\/uploads\/2015\/10\/7.SESION_22SEPTIEMBRE2015.doc\">S\u00e9ptima Sesi\u00f3n del d\u00eda 22 de Septiembre de 2015<\/a><br \/>\n<a href=\"http:\/\/congresocoahuila.gob.mx\/portal\/wp-content\/uploads\/2015\/10\/8.SESION_22SEPTIEMBRE2015.doc\">Octava Sesi\u00f3n del d\u00eda 22 de Septiembre de 2015<\/a><br \/>\n<a href=\"http:\/\/congresocoahuila.gob.mx\/portal\/wp-content\/uploads\/2015\/10\/9.NOVENA_SESION_30SEPTIEMBRE2015.doc\">Novena Sesi\u00f3n del d\u00eda 30 de Septiembre de 2015<\/a><br \/>\n<a href=\"http:\/\/congresocoahuila.gob.mx\/portal\/wp-content\/uploads\/2015\/10\/10.DECIMA_SESION_30SEPTIEMBRE2015.doc\">D\u00e9cima Sesi\u00f3n del d\u00eda 30 de Septiembre de 2015<\/a><br \/>\n<a href=\"http:\/\/congresocoahuila.gob.mx\/portal\/wp-content\/uploads\/2015\/10\/11.UNDECIMA_SESION_06OCTUBRE2015.doc\">Und\u00e9cima Sesi\u00f3n del d\u00eda 06 de Octubre de 2015<\/a><br \/>\n<a href=\"http:\/\/congresocoahuila.gob.mx\/portal\/wp-content\/uploads\/2015\/10\/12.SESION_13OCTUBRE2015.doc\">D\u00e9cima Segunda Sesi\u00f3n del d\u00eda 13 de octubre de 2015<\/a><br \/>\n<a href=\"http:\/\/congresocoahuila.gob.mx\/portal\/wp-content\/uploads\/2015\/10\/13.DECIMA_TERCERA_13OCTUBRE2015.doc\">D\u00e9cima Tercera Sesi\u00f3n del d\u00eda 13 de octubre de 2015<\/a><br \/>\n<a href=\"http:\/\/congresocoahuila.gob.mx\/portal\/wp-content\/uploads\/2015\/10\/14.DECIMA_CUARTA_20OCTUBRE2015.doc\">D\u00e9cima Cuarta Sesi\u00f3n del d\u00eda 20 de Octubre de 2015<\/a><br \/>\n<a href=\"http:\/\/congresocoahuila.gob.mx\/portal\/wp-content\/uploads\/2015\/10\/15.DECIMA_QUINTA_22OCTUBRE2015.doc\">D\u00e9cima Quinta del d\u00eda 22 de Octubre de 2015<\/a><br \/>\n<a href=\"http:\/\/congresocoahuila.gob.mx\/portal\/wp-content\/uploads\/2015\/10\/16.DECIMA_SEXTA_28OCTUBRE2015.doc\">D\u00e9cima Sexta Sesi\u00f3n del d\u00eda 28 de Octubre de 2015<\/a><br \/>\n<a href=\"http:\/\/congresocoahuila.gob.mx\/portal\/wp-content\/uploads\/2015\/10\/17.DECIMA_SEPTIMA_29OCTUBRE2015.doc\">D\u00e9cima S\u00e9ptima Sesi\u00f3n del d\u00eda 29 de Octubre de 2015<\/a><br \/>\n<a href=\"http:\/\/congresocoahuila.gob.mx\/portal\/wp-content\/uploads\/2015\/10\/18.DECIMA_OCTAVA_4NOVIEMBRE2015.doc\">D\u00e9cima Octava Sesi\u00f3n del d\u00eda 04 de Noviembre de 2015<\/a><br \/>\n<a href=\"http:\/\/congresocoahuila.gob.mx\/portal\/wp-content\/uploads\/2015\/10\/19.DECIMA_NOVENA_4NOVIEMBRE2015.doc\">D\u00e9cima Novena Sesi\u00f3n del d\u00eda 04 de Noviembre de 2015<\/a><br \/>\nVig\u00e9sima Sesi\u00f3n del d\u00eda 10 de Noviembre de 2015<br \/>\nVig\u00e9sima Primera Sesi\u00f3n del d\u00eda 10 de Noviembre de 2015<br \/>\n<a href=\"http:\/\/congresocoahuila.gob.mx\/portal\/wp-content\/uploads\/2015\/10\/22_SESION18NOVIEMBRE2015.doc\">Vig\u00e9sima Segunda Sesi\u00f3n del d\u00eda 18 de Noviembre de 2015<\/a><br \/>\n<a href=\"http:\/\/congresocoahuila.gob.mx\/portal\/wp-content\/uploads\/2015\/10\/23_SESION_18NOVIEMBRE2015.doc\">Vig\u00e9sima Tercera Sesi\u00f3n del d\u00eda 18 de Noviembre de 2015<\/a><br \/>\n<a href=\"http:\/\/congresocoahuila.gob.mx\/portal\/wp-content\/uploads\/2015\/10\/24_SESION_24NOVIEMBRE2015.doc\">Vig\u00e9sima Cuarta Sesi\u00f3n del d\u00eda 24 de Noviembre de 2015<\/a><br \/>\nVig\u00e9sima Quinta Sesi\u00f3n del d\u00eda 24 de Noviembre de 2015<br \/>\nVig\u00e9sima Sexta Sesi\u00f3n\u00a0del d\u00eda 30 de Noviembre de 2015<br \/>\n<a href=\"http:\/\/congresocoahuila.gob.mx\/portal\/wp-content\/uploads\/2015\/10\/27.VIGESIMA_SEPTIMA_30NOVIEMBRE2015.doc\">Vig\u00e9sima S\u00e9ptima Sesi\u00f3n del d\u00eda 30 de Noviembre de 2015<\/a><br \/>\n<a href=\"http:\/\/congresocoahuila.gob.mx\/portal\/wp-content\/uploads\/2015\/10\/28.VIGESIMA-OCTAVA_8DICIEMBRE_2015.doc\">Vig\u00e9sima Octava Sesi\u00f3n del d\u00eda 08 de Diciembre de 2015<\/a><br \/>\nVig\u00e9sima Novena Sesi\u00f3n del d\u00eda 10 de Diciembre de 2015<br \/>\n<a href=\"http:\/\/congresocoahuila.gob.mx\/portal\/wp-content\/uploads\/2015\/10\/30.TRIGESIMA_14DICIEMBRE_2015.doc\">Trig\u00e9sima Sesi\u00f3n del d\u00eda 14 de Diciembre de 2015<\/a><br \/>\n<a href=\"http:\/\/congresocoahuila.gob.mx\/portal\/wp-content\/uploads\/2015\/10\/31.TRIGESIMA_PRIMERA_17DICIEMBRE_2015.doc\">Trig\u00e9sima Primera Sesi\u00f3n del d\u00eda 17 de Diciembre de 2015<\/a><br \/>\n<a href=\"http:\/\/congresocoahuila.gob.mx\/portal\/wp-content\/uploads\/2015\/10\/32.TRIGESIMA_SEGUNDA_18DICIEMBRE_2015.doc\">Trig\u00e9sima Segunda Sesi\u00f3n del d\u00eda 18 de Diciembre de 2015<\/a><br \/>\n<a href=\"http:\/\/congresocoahuila.gob.mx\/portal\/wp-content\/uploads\/2015\/10\/33.TRIGESIMA_TERCERA_22DICIEMBRE_2015.doc\">Trig\u00e9sima Tercera Sesi\u00f3n del d\u00eda 22 de Diciembre de 2015<\/a><br \/>\n<a href=\"http:\/\/congresocoahuila.gob.mx\/portal\/wp-content\/uploads\/2015\/10\/34.TRIGESIMA_CUARTA_22DICIEMBRE_2015.doc\">Trig\u00e9sima Cuarta Sesi\u00f3n del d\u00eda 22 de Diciembre de 2015<\/a><\/p>\n","protected":false},"excerpt":{"rendered":"<p>Primera Sesi\u00f3n del d\u00eda 01 de Septiembre de 2015 Segunda Sesi\u00f3n del d\u00eda 03 de Septiembre de 2015 Tercera Sesi\u00f3n del d\u00eda 09 de Septiembre de 2015 Cuarta Sesi\u00f3n del d\u00eda 09 de Septiembre de 2015 Quinta Sesi\u00f3n del d\u00eda 15 de Septiembre de 2015 Sexta Sesi\u00f3n del d\u00eda 15 de Septiembre de 2015 S\u00e9ptima [&hellip;]<\/p>\n","protected":false},"author":2,"featured_media":0,"parent":0,"menu_order":0,"comment_status":"closed","ping_status":"closed","template":"","meta":{"footnotes":""},"categories":[],"tags":[],"class_list":["post-16841","page","type-page","status-publish","hentry"],"_links":{"self":[{"href":"https:\/\/www.congresocoahuila.gob.mx\/portal\/wp-json\/wp\/v2\/pages\/16841","targetHints":{"allow":["GET"]}}],"collection":[{"href":"https:\/\/www.congresocoahuila.gob.mx\/portal\/wp-json\/wp\/v2\/pages"}],"about":[{"href":"https:\/\/www.congresocoahuila.gob.mx\/portal\/wp-json\/wp\/v2\/types\/page"}],"author":[{"embeddable":true,"href":"https:\/\/www.congresocoahuila.gob.mx\/portal\/wp-json\/wp\/v2\/users\/2"}],"replies":[{"embeddable":true,"href":"https:\/\/www.congresocoahuila.gob.mx\/portal\/wp-json\/wp\/v2\/comments?post=16841"}],"version-history":[{"count":27,"href":"https:\/\/www.congresocoahuila.gob.mx\/portal\/wp-json\/wp\/v2\/pages\/16841\/revisions"}],"predecessor-version":[{"id":18918,"href":"https:\/\/www.congresocoahuila.gob.mx\/portal\/wp-json\/wp\/v2\/pages\/16841\/revisions\/18918"}],"wp:attachment":[{"href":"https:\/\/www.congresocoahuila.gob.mx\/portal\/wp-json\/wp\/v2\/media?parent=16841"}],"wp:term":[{"taxonomy":"category","embeddable":true,"href":"https:\/\/www.congresocoahuila.gob.mx\/portal\/wp-json\/wp\/v2\/categories?post=16841"},{"taxonomy":"post_tag","embeddable":true,"href":"https:\/\/www.congresocoahuila.gob.mx\/portal\/wp-json\/wp\/v2\/tags?post=16841"}],"curies":[{"name":"wp","href":"https:\/\/api.w.org\/{rel}","templated":true}]}}