{"id":17578,"date":"2015-11-20T13:32:35","date_gmt":"2015-11-20T19:32:35","guid":{"rendered":"http:\/\/congresocoahuila.gob.mx\/portal\/?page_id=17578"},"modified":"2018-03-13T13:50:00","modified_gmt":"2018-03-13T19:50:00","slug":"21-22","status":"publish","type":"page","link":"https:\/\/www.congresocoahuila.gob.mx\/portal\/21-22\/","title":{"rendered":"21-22 LX"},"content":{"rendered":"<p>&nbsp;<\/p>\n<table style=\"height: 96px;\" width=\"531\">\n<tbody>\n<tr style=\"background-color: #f7f7f7;\">\n<td style=\"text-align: left;\"><a href=\"https:\/\/congresocoahuila.gob.mx\/transparencia\/ART\/21\/22\/21-22_01_UNIDAD_TRANS.pdf\">Integrantes de la Unidad de Transparencia<\/a><\/td>\n<\/tr>\n<tr style=\"background-color: #e3e3e3;\">\n<td style=\"text-align: left;\"><a href=\"https:\/\/congresocoahuila.gob.mx\/transparencia\/ART\/21\/22\/21-22_02_COMITE_TRANS.pdf\">Integrantes del Comit\u00e9 de Transparencia<\/a><\/td>\n<\/tr>\n<tr style=\"background-color: #f2f2f2;\">\n<td style=\"text-align: left;\"><a href=\"http:\/\/congresocoahuila.gob.mx\/portal\/?page_id=17584\">Reuni\u00f3n del Comit\u00e9 de Transparencia<\/a><\/td>\n<\/tr>\n<tr style=\"background-color: #f2f2f2;\">\n<td style=\"text-align: left;\"><a href=\"http:\/\/congresocoahuila.gob.mx\/portal\/?page_id=27761\">Mapa georreferenciado de la oficina de la Unidad de Transparencia<\/a><\/td>\n<\/tr>\n<\/tbody>\n<\/table>\n<p>Fecha de Actualizaci\u00f3n:\u00a031 de\u00a0Diciembre\u00a0de 2017.<br \/>\nResponsable de la Informaci\u00f3n: Lic. Juan Carlos Cisneros Ruiz,<br \/>\nDirector de Asuntos Jur\u00eddicos del H. Congreso del Estado de Coahuila.<\/p>\n","protected":false},"excerpt":{"rendered":"<p>&nbsp; Integrantes de la Unidad de Transparencia Integrantes del Comit\u00e9 de Transparencia Reuni\u00f3n del Comit\u00e9 de Transparencia Mapa georreferenciado de la oficina de la Unidad de Transparencia Fecha de Actualizaci\u00f3n:\u00a031 de\u00a0Diciembre\u00a0de 2017. Responsable de la Informaci\u00f3n: Lic. Juan Carlos Cisneros Ruiz, Director de Asuntos Jur\u00eddicos del H. Congreso del Estado de Coahuila.<\/p>\n","protected":false},"author":2,"featured_media":0,"parent":0,"menu_order":0,"comment_status":"closed","ping_status":"closed","template":"","meta":{"footnotes":""},"categories":[],"tags":[],"class_list":["post-17578","page","type-page","status-publish","hentry"],"_links":{"self":[{"href":"https:\/\/www.congresocoahuila.gob.mx\/portal\/wp-json\/wp\/v2\/pages\/17578","targetHints":{"allow":["GET"]}}],"collection":[{"href":"https:\/\/www.congresocoahuila.gob.mx\/portal\/wp-json\/wp\/v2\/pages"}],"about":[{"href":"https:\/\/www.congresocoahuila.gob.mx\/portal\/wp-json\/wp\/v2\/types\/page"}],"author":[{"embeddable":true,"href":"https:\/\/www.congresocoahuila.gob.mx\/portal\/wp-json\/wp\/v2\/users\/2"}],"replies":[{"embeddable":true,"href":"https:\/\/www.congresocoahuila.gob.mx\/portal\/wp-json\/wp\/v2\/comments?post=17578"}],"version-history":[{"count":19,"href":"https:\/\/www.congresocoahuila.gob.mx\/portal\/wp-json\/wp\/v2\/pages\/17578\/revisions"}],"predecessor-version":[{"id":30442,"href":"https:\/\/www.congresocoahuila.gob.mx\/portal\/wp-json\/wp\/v2\/pages\/17578\/revisions\/30442"}],"wp:attachment":[{"href":"https:\/\/www.congresocoahuila.gob.mx\/portal\/wp-json\/wp\/v2\/media?parent=17578"}],"wp:term":[{"taxonomy":"category","embeddable":true,"href":"https:\/\/www.congresocoahuila.gob.mx\/portal\/wp-json\/wp\/v2\/categories?post=17578"},{"taxonomy":"post_tag","embeddable":true,"href":"https:\/\/www.congresocoahuila.gob.mx\/portal\/wp-json\/wp\/v2\/tags?post=17578"}],"curies":[{"name":"wp","href":"https:\/\/api.w.org\/{rel}","templated":true}]}}