{"id":1801,"date":"2014-11-22T00:01:51","date_gmt":"2014-11-22T06:01:51","guid":{"rendered":"http:\/\/www.congresocoahuila.gob.mx\/portal\/?page_id=1801"},"modified":"2014-11-22T00:01:51","modified_gmt":"2014-11-22T06:01:51","slug":"articulo-21-xxiii-2013-segundo-periodo-ordinario","status":"publish","type":"page","link":"https:\/\/www.congresocoahuila.gob.mx\/portal\/articulo-21-xxiii-2013-segundo-periodo-ordinario\/","title":{"rendered":"SEGUNDO PER\u00cdODO ORDINARIO-2013"},"content":{"rendered":"<p><strong>SEGUNDO A\u00d1O DE EJERCICIO CONSTITUCIONAL 2013<br \/>\nSEGUNDO PER\u00cdODO ORDINARIO<\/strong><\/p>\n<p><a href=\"http:\/\/www.congresocoahuila.gob.mx\/portal\/wp-content\/uploads\/2014\/11\/20132po1.pdf\">Sesi\u00f3n del d\u00eda 2 de septiembre de 2013<\/a><br \/>\n<a href=\"http:\/\/www.congresocoahuila.gob.mx\/portal\/wp-content\/uploads\/2014\/11\/20132po2.pdf\">Sesi\u00f3n del d\u00eda 10 de septiembre de 2013<\/a><br \/>\n<a href=\"http:\/\/www.congresocoahuila.gob.mx\/portal\/wp-content\/uploads\/2014\/11\/20132po3.pdf\">Sesi\u00f3n del d\u00eda 18 de septiembre de 2013<\/a><\/p>\n<p><a href=\"http:\/\/www.congresocoahuila.gob.mx\/portal\/wp-content\/uploads\/2014\/11\/20132po4.pdf\">Sesi\u00f3n Solemne, 24 de septiembre de 2013, inscribir la frase \u00abA los firmantes del Plan de Guadalupe\u00bb, \u00a0en el Muro de Honor del Sal\u00f3n de Sesiones del Palacio Legislativo<\/a><\/p>\n<p><a href=\"http:\/\/www.congresocoahuila.gob.mx\/portal\/wp-content\/uploads\/2014\/11\/20132po5.pdf\">Sesi\u00f3n del d\u00eda 24 de septiembre de 2013<\/a><br \/>\n<a href=\"http:\/\/www.congresocoahuila.gob.mx\/portal\/wp-content\/uploads\/2014\/11\/20132po6.pdf\">Sesi\u00f3n del d\u00eda 1 de octubre de 2013<\/a><br \/>\n<a href=\"http:\/\/www.congresocoahuila.gob.mx\/portal\/wp-content\/uploads\/2014\/11\/20132po7.pdf\">Sesi\u00f3n del d\u00eda 8 de octubre de 2013<\/a><br \/>\n<a href=\"http:\/\/www.congresocoahuila.gob.mx\/portal\/wp-content\/uploads\/2014\/11\/20132po8.pdf\">Sesi\u00f3n del d\u00eda 15 de octubre de 2013<\/a><br \/>\n<a href=\"http:\/\/www.congresocoahuila.gob.mx\/portal\/wp-content\/uploads\/2014\/11\/20132po9.pdf\">Sesi\u00f3n del d\u00eda 22 de octubre de 2013<\/a><br \/>\n<a href=\"http:\/\/www.congresocoahuila.gob.mx\/portal\/wp-content\/uploads\/2014\/11\/20132po10.pdf\">Sesi\u00f3n del d\u00eda 29 de octubre de 2013<\/a><br \/>\n<a href=\"http:\/\/www.congresocoahuila.gob.mx\/portal\/wp-content\/uploads\/2014\/11\/20132po11.pdf\">Sesi\u00f3n del d\u00eda 5 de noviembre de 2013<\/a><br \/>\n<a href=\"http:\/\/www.congresocoahuila.gob.mx\/portal\/wp-content\/uploads\/2014\/11\/20132po12.pdf\">Sesi\u00f3n del d\u00eda 8 de noviembre de 2013<\/a><br \/>\n<a href=\"http:\/\/www.congresocoahuila.gob.mx\/portal\/wp-content\/uploads\/2014\/11\/20132po13.pdf\">Sesi\u00f3n del d\u00eda 12 de noviembre de 2013<\/a><br \/>\n<a href=\"http:\/\/www.congresocoahuila.gob.mx\/portal\/wp-content\/uploads\/2014\/11\/20132po14.pdf\">Sesi\u00f3n del d\u00eda 21 de noviembre de 2013<\/a><\/p>\n<p><a href=\"http:\/\/www.congresocoahuila.gob.mx\/portal\/wp-content\/uploads\/2014\/11\/20132po15.pdf\">Sesi\u00f3n Solemne, 26 de noviembre de 2013, inscribir los nombres de \u201cVito Alessio Robles\u201d y \u201cRoque Gonz\u00e1lez Garza\u201d, en el Muro de Honor del Sal\u00f3n de Sesiones del Palacio Legislativo<\/a><\/p>\n<p><a href=\"http:\/\/www.congresocoahuila.gob.mx\/portal\/wp-content\/uploads\/2014\/11\/20132po16.pdf\">Sesi\u00f3n del d\u00eda 26 de noviembre de 2013<\/a><br \/>\n<a href=\"http:\/\/www.congresocoahuila.gob.mx\/portal\/wp-content\/uploads\/2014\/11\/20132po17.pdf\">Sesi\u00f3n del d\u00eda 29 de noviembre de 2013<\/a><\/p>\n<p><a href=\"http:\/\/www.congresocoahuila.gob.mx\/portal\/wp-content\/uploads\/2014\/11\/20132po18.pdf\">Sesi\u00f3n Solemne, 30 de noviembre de 2013 , \u00abSegundo Informe de Gobierno. Lic. Rub\u00e9n Ignacio Moreira Valdez\u00bb<\/a><\/p>\n<p><a href=\"http:\/\/www.congresocoahuila.gob.mx\/portal\/wp-content\/uploads\/2014\/11\/20132po19.pdf\">Sesi\u00f3n del d\u00eda 3 de diciembre de 2013<\/a><br \/>\n<a href=\"http:\/\/www.congresocoahuila.gob.mx\/portal\/wp-content\/uploads\/2014\/11\/20132po20.pdf\">Sesi\u00f3n del d\u00eda 10 de diciembre de 2013<\/a><br \/>\n<a href=\"http:\/\/www.congresocoahuila.gob.mx\/portal\/wp-content\/uploads\/2014\/11\/20132po21.pdf\">Sesi\u00f3n del d\u00eda 14 de diciembre de 2013<\/a><br \/>\n<a href=\"http:\/\/www.congresocoahuila.gob.mx\/portal\/wp-content\/uploads\/2014\/11\/20132po22.pdf\">Sesi\u00f3n del d\u00eda 17 de diciembre de 2013<\/a><\/p>\n<p><a href=\"http:\/\/www.congresocoahuila.gob.mx\/portal\/wp-content\/uploads\/2014\/11\/20132po23.pdf\">Sesi\u00f3n Solemne, 18 de diciembre de 2013, \u00abPresea al M\u00e9rito de la Mujer, Coahuila 2013\u00bb<\/a><\/p>\n<p><a href=\"http:\/\/www.congresocoahuila.gob.mx\/portal\/wp-content\/uploads\/2014\/11\/20132po24.pdf\">Sesi\u00f3n del d\u00eda 18 de diciembre de 2013<\/a><br \/>\n<a href=\"http:\/\/www.congresocoahuila.gob.mx\/portal\/wp-content\/uploads\/2014\/11\/20132po25.pdf\">Sesi\u00f3n del d\u00eda 19 de diciembre de 2013<\/a><\/p>\n","protected":false},"excerpt":{"rendered":"<p>SEGUNDO A\u00d1O DE EJERCICIO CONSTITUCIONAL 2013 SEGUNDO PER\u00cdODO ORDINARIO Sesi\u00f3n del d\u00eda 2 de septiembre de 2013 Sesi\u00f3n del d\u00eda 10 de septiembre de 2013 Sesi\u00f3n del d\u00eda 18 de septiembre de 2013 Sesi\u00f3n Solemne, 24 de septiembre de 2013, inscribir la frase \u00abA los firmantes del Plan de Guadalupe\u00bb, \u00a0en el Muro de Honor [&hellip;]<\/p>\n","protected":false},"author":3,"featured_media":0,"parent":0,"menu_order":0,"comment_status":"closed","ping_status":"closed","template":"","meta":{"footnotes":""},"categories":[],"tags":[],"class_list":["post-1801","page","type-page","status-publish","hentry"],"_links":{"self":[{"href":"https:\/\/www.congresocoahuila.gob.mx\/portal\/wp-json\/wp\/v2\/pages\/1801","targetHints":{"allow":["GET"]}}],"collection":[{"href":"https:\/\/www.congresocoahuila.gob.mx\/portal\/wp-json\/wp\/v2\/pages"}],"about":[{"href":"https:\/\/www.congresocoahuila.gob.mx\/portal\/wp-json\/wp\/v2\/types\/page"}],"author":[{"embeddable":true,"href":"https:\/\/www.congresocoahuila.gob.mx\/portal\/wp-json\/wp\/v2\/users\/3"}],"replies":[{"embeddable":true,"href":"https:\/\/www.congresocoahuila.gob.mx\/portal\/wp-json\/wp\/v2\/comments?post=1801"}],"version-history":[{"count":0,"href":"https:\/\/www.congresocoahuila.gob.mx\/portal\/wp-json\/wp\/v2\/pages\/1801\/revisions"}],"wp:attachment":[{"href":"https:\/\/www.congresocoahuila.gob.mx\/portal\/wp-json\/wp\/v2\/media?parent=1801"}],"wp:term":[{"taxonomy":"category","embeddable":true,"href":"https:\/\/www.congresocoahuila.gob.mx\/portal\/wp-json\/wp\/v2\/categories?post=1801"},{"taxonomy":"post_tag","embeddable":true,"href":"https:\/\/www.congresocoahuila.gob.mx\/portal\/wp-json\/wp\/v2\/tags?post=1801"}],"curies":[{"name":"wp","href":"https:\/\/api.w.org\/{rel}","templated":true}]}}