{"id":18441,"date":"2016-01-11T14:09:36","date_gmt":"2016-01-11T20:09:36","guid":{"rendered":"http:\/\/congresocoahuila.gob.mx\/portal\/?page_id=18441"},"modified":"2017-05-23T11:33:02","modified_gmt":"2017-05-23T16:33:02","slug":"primer-periodo-de-la-diputacion-permanente-2016","status":"publish","type":"page","link":"https:\/\/www.congresocoahuila.gob.mx\/portal\/primer-periodo-de-la-diputacion-permanente-2016\/","title":{"rendered":"PRIMER PER\u00cdODO DE LA DIPUTACI\u00d3N PERMANENTE 2016"},"content":{"rendered":"<p><strong>SEGUNDO\u00a0A\u00d1O DE EJERCICIO CONSTITUCIONAL 2016<br \/>\nPRIMER PER\u00cdODO DE LA DIPUTACI\u00d3N PERMANENTE<\/strong><\/p>\n<p style=\"text-align: justify;\">Fecha de actualizaci\u00f3n de Diario de los Debates: La presente fracci\u00f3n se actualiza, atento a lo que disponen los Art\u00edculos 247 al 252\u00a0de la Ley Org\u00e1nica del Congreso, que disponen la publicaci\u00f3n del Diario de los Debates al termino de cada sesi\u00f3n, por lo que la presente p\u00e1gina se actualiza una vez que las \u00e1reas t\u00e9cnico administrativas concluyen la labor de transcripci\u00f3n de la sesi\u00f3n correspondiente, para su publicaci\u00f3n en Internet.<\/p>\n<p>Responsable de la Informaci\u00f3n: Lic. Francisco Javier Rangel Castro,<br \/>\nOficial Mayor\u00a0del H. Congreso del Estado de Coahuila<br \/>\n<a href=\"http:\/\/congresocoahuila.gob.mx\/portal\/wp-content\/uploads\/2014\/11\/20160107_1DP_S01.doc\">Primera Sesi\u00f3n del d\u00eda 07 de Enero de 2016<\/a><br \/>\n<a href=\"http:\/\/congresocoahuila.gob.mx\/portal\/wp-content\/uploads\/2014\/11\/20160112_1DP_S02.doc\">Segunda Sesi\u00f3n del d\u00eda 12 de Enero de 2016<\/a><br \/>\n<a href=\"http:\/\/congresocoahuila.gob.mx\/portal\/wp-content\/uploads\/2014\/11\/20160119_1DP_S03.doc\">Tercera Sesi\u00f3n del d\u00eda 19 de Enero de 2016<\/a><br \/>\n<a href=\"http:\/\/congresocoahuila.gob.mx\/portal\/wp-content\/uploads\/2014\/11\/20160128_1DP_S04.doc\">Cuarta Sesi\u00f3n del d\u00eda 28 de Enero de 2016<\/a><br \/>\n<a href=\"http:\/\/congresocoahuila.gob.mx\/portal\/wp-content\/uploads\/2014\/11\/20160203_1DP_S05.doc\">Quinta Sesi\u00f3n del d\u00eda 03 de Febrero de 2016<\/a><br \/>\n<a href=\"http:\/\/congresocoahuila.gob.mx\/portal\/wp-content\/uploads\/2014\/11\/20160210_1DP_S06.doc\">Sexta Sesi\u00f3n del d\u00eda 10 de Febrero de 2016<\/a><br \/>\n<a href=\"http:\/\/congresocoahuila.gob.mx\/portal\/wp-content\/uploads\/2014\/11\/20160215_1DP_S07.doc\">S\u00e9ptima Sesi\u00f3n del d\u00eda 15 de Febrero de 2016<\/a><br \/>\n<a href=\"http:\/\/congresocoahuila.gob.mx\/portal\/wp-content\/uploads\/2014\/11\/20160226_1DP_S08.doc\">Octava Sesi\u00f3n del d\u00eda 26 de Febrero de 2016<\/a><\/p>\n","protected":false},"excerpt":{"rendered":"<p>SEGUNDO\u00a0A\u00d1O DE EJERCICIO CONSTITUCIONAL 2016 PRIMER PER\u00cdODO DE LA DIPUTACI\u00d3N PERMANENTE Fecha de actualizaci\u00f3n de Diario de los Debates: La presente fracci\u00f3n se actualiza, atento a lo que disponen los Art\u00edculos 247 al 252\u00a0de la Ley Org\u00e1nica del Congreso, que disponen la publicaci\u00f3n del Diario de los Debates al termino de cada sesi\u00f3n, por lo [&hellip;]<\/p>\n","protected":false},"author":3,"featured_media":0,"parent":0,"menu_order":0,"comment_status":"closed","ping_status":"closed","template":"","meta":{"footnotes":""},"categories":[],"tags":[],"class_list":["post-18441","page","type-page","status-publish","hentry"],"_links":{"self":[{"href":"https:\/\/www.congresocoahuila.gob.mx\/portal\/wp-json\/wp\/v2\/pages\/18441","targetHints":{"allow":["GET"]}}],"collection":[{"href":"https:\/\/www.congresocoahuila.gob.mx\/portal\/wp-json\/wp\/v2\/pages"}],"about":[{"href":"https:\/\/www.congresocoahuila.gob.mx\/portal\/wp-json\/wp\/v2\/types\/page"}],"author":[{"embeddable":true,"href":"https:\/\/www.congresocoahuila.gob.mx\/portal\/wp-json\/wp\/v2\/users\/3"}],"replies":[{"embeddable":true,"href":"https:\/\/www.congresocoahuila.gob.mx\/portal\/wp-json\/wp\/v2\/comments?post=18441"}],"version-history":[{"count":11,"href":"https:\/\/www.congresocoahuila.gob.mx\/portal\/wp-json\/wp\/v2\/pages\/18441\/revisions"}],"predecessor-version":[{"id":25884,"href":"https:\/\/www.congresocoahuila.gob.mx\/portal\/wp-json\/wp\/v2\/pages\/18441\/revisions\/25884"}],"wp:attachment":[{"href":"https:\/\/www.congresocoahuila.gob.mx\/portal\/wp-json\/wp\/v2\/media?parent=18441"}],"wp:term":[{"taxonomy":"category","embeddable":true,"href":"https:\/\/www.congresocoahuila.gob.mx\/portal\/wp-json\/wp\/v2\/categories?post=18441"},{"taxonomy":"post_tag","embeddable":true,"href":"https:\/\/www.congresocoahuila.gob.mx\/portal\/wp-json\/wp\/v2\/tags?post=18441"}],"curies":[{"name":"wp","href":"https:\/\/api.w.org\/{rel}","templated":true}]}}