{"id":18464,"date":"2016-01-12T11:37:12","date_gmt":"2016-01-12T17:37:12","guid":{"rendered":"http:\/\/congresocoahuila.gob.mx\/portal\/?page_id=18464"},"modified":"2018-01-09T13:52:04","modified_gmt":"2018-01-09T19:52:04","slug":"articulo-21-xx-2015-2017","status":"publish","type":"page","link":"https:\/\/www.congresocoahuila.gob.mx\/portal\/articulo-21-xx-2015-2017\/","title":{"rendered":"ART\u00cdCULO 21-XX 2015-2017"},"content":{"rendered":"<p><a href=\"https:\/\/congresocoahuila.gob.mx\/transparencia\/ART\/21\/20\/2015-2017\/Decreto717-16.doc\">2017<\/a><br \/>\n<a href=\"https:\/\/congresocoahuila.gob.mx\/transparencia\/ART\/21\/20\/pre_ej_fiscal_2016.pdf\">2016<\/a><br \/>\n<a href=\"https:\/\/congresocoahuila.gob.mx\/transparencia\/ART\/21\/20\/Decreto722-14_2015.pdf\">2015<\/a><\/p>\n<p>Fecha de actualizaci\u00f3n: 31 de Diciembre de 2017.<br \/>\nResponsable de la Informaci\u00f3n: Lic. Melissa Esther Said Fernandez;<br \/>\nAuxiliar Jur\u00eddico en la Tesorer\u00eda del H. Congreso del Estado de Coahuila<\/p>\n","protected":false},"excerpt":{"rendered":"<p>2017 2016 2015 Fecha de actualizaci\u00f3n: 31 de Diciembre de 2017. Responsable de la Informaci\u00f3n: Lic. Melissa Esther Said Fernandez; Auxiliar Jur\u00eddico en la Tesorer\u00eda del H. Congreso del Estado de Coahuila<\/p>\n","protected":false},"author":2,"featured_media":0,"parent":0,"menu_order":0,"comment_status":"closed","ping_status":"closed","template":"","meta":{"footnotes":""},"categories":[],"tags":[],"class_list":["post-18464","page","type-page","status-publish","hentry"],"_links":{"self":[{"href":"https:\/\/www.congresocoahuila.gob.mx\/portal\/wp-json\/wp\/v2\/pages\/18464","targetHints":{"allow":["GET"]}}],"collection":[{"href":"https:\/\/www.congresocoahuila.gob.mx\/portal\/wp-json\/wp\/v2\/pages"}],"about":[{"href":"https:\/\/www.congresocoahuila.gob.mx\/portal\/wp-json\/wp\/v2\/types\/page"}],"author":[{"embeddable":true,"href":"https:\/\/www.congresocoahuila.gob.mx\/portal\/wp-json\/wp\/v2\/users\/2"}],"replies":[{"embeddable":true,"href":"https:\/\/www.congresocoahuila.gob.mx\/portal\/wp-json\/wp\/v2\/comments?post=18464"}],"version-history":[{"count":14,"href":"https:\/\/www.congresocoahuila.gob.mx\/portal\/wp-json\/wp\/v2\/pages\/18464\/revisions"}],"predecessor-version":[{"id":29645,"href":"https:\/\/www.congresocoahuila.gob.mx\/portal\/wp-json\/wp\/v2\/pages\/18464\/revisions\/29645"}],"wp:attachment":[{"href":"https:\/\/www.congresocoahuila.gob.mx\/portal\/wp-json\/wp\/v2\/media?parent=18464"}],"wp:term":[{"taxonomy":"category","embeddable":true,"href":"https:\/\/www.congresocoahuila.gob.mx\/portal\/wp-json\/wp\/v2\/categories?post=18464"},{"taxonomy":"post_tag","embeddable":true,"href":"https:\/\/www.congresocoahuila.gob.mx\/portal\/wp-json\/wp\/v2\/tags?post=18464"}],"curies":[{"name":"wp","href":"https:\/\/api.w.org\/{rel}","templated":true}]}}