{"id":18882,"date":"2016-02-05T11:58:08","date_gmt":"2016-02-05T17:58:08","guid":{"rendered":"http:\/\/congresocoahuila.gob.mx\/portal\/?page_id=18882"},"modified":"2017-01-13T19:18:16","modified_gmt":"2017-01-14T01:18:16","slug":"articulo-21-xxiv-2015-2","status":"publish","type":"page","link":"https:\/\/www.congresocoahuila.gob.mx\/portal\/articulo-21-xxiv-2015-2\/","title":{"rendered":"ART\u00cdCULO 21- XXIV-2016"},"content":{"rendered":"<p><strong>REPORTE MENSUAL DE SOLICITUDES DE ACCESO A LA INFORMACI\u00d3N Y RECURSOS DE REVISI\u00d3N:<\/strong><\/p>\n<p><strong>2016<\/strong><\/p>\n<p><a href=\"http:\/\/congresocoahuila.gob.mx\/portal\/wp-content\/uploads\/2014\/11\/RSR_Enero_2016.xls\">ENERO<\/a><br \/>\n<a href=\"http:\/\/congresocoahuila.gob.mx\/portal\/wp-content\/uploads\/2016\/02\/Rep_Solicitudes_Recu_Feb_2016.xls\">FEBRERO<\/a><br \/>\n<a href=\"https:\/\/congresocoahuila.gob.mx\/transparencia\/ART\/21\/24\/RSR_MARZO_2016.xls\">MARZO<\/a><br \/>\n<a href=\"https:\/\/congresocoahuila.gob.mx\/transparencia\/ART\/21\/24\/RSR_ABRIL_2016.xls\">ABRIL<\/a><br \/>\n<a href=\"https:\/\/congresocoahuila.gob.mx\/transparencia\/ART\/21\/24\/RSR_MAYO_2016.xls\">MAYO<\/a><br \/>\n<a href=\"https:\/\/congresocoahuila.gob.mx\/transparencia\/ART\/21\/24\/RSR_JUNIO_2016.xls\">JUNIO<\/a><br \/>\n<a href=\"https:\/\/congresocoahuila.gob.mx\/transparencia\/ART\/21\/24\/RSR_JULIO_2016.xls\">JULIO<\/a><br \/>\n<a href=\"https:\/\/congresocoahuila.gob.mx\/transparencia\/ART\/21\/24\/RSR_AGOSTO_2016.xls\">AGOSTO<\/a><br \/>\n<a href=\"https:\/\/congresocoahuila.gob.mx\/transparencia\/ART\/21\/24\/RSR_SEPT_2016.xls\">SEPTIEMBRE<\/a><br \/>\n<a href=\"https:\/\/congresocoahuila.gob.mx\/transparencia\/ART\/21\/24\/RSR_OCTUBRE%202016.xls\">OCTUBRE<\/a><br \/>\n<a href=\"http:\/\/www.congresocoahuila.gob.mx\/transparencia\/ART\/21\/24\/RSR_NOV_2016.xls\">NOVIEMBRE<\/a><br \/>\n<a href=\"https:\/\/congresocoahuila.gob.mx\/transparencia\/ART\/21\/24\/RSR_DIC_2016.xls\">DICIEMBRE<\/a><\/p>\n","protected":false},"excerpt":{"rendered":"<p>REPORTE MENSUAL DE SOLICITUDES DE ACCESO A LA INFORMACI\u00d3N Y RECURSOS DE REVISI\u00d3N: 2016 ENERO FEBRERO MARZO ABRIL MAYO JUNIO JULIO AGOSTO SEPTIEMBRE OCTUBRE NOVIEMBRE DICIEMBRE<\/p>\n","protected":false},"author":2,"featured_media":0,"parent":0,"menu_order":0,"comment_status":"closed","ping_status":"closed","template":"","meta":{"footnotes":""},"categories":[],"tags":[],"class_list":["post-18882","page","type-page","status-publish","hentry"],"_links":{"self":[{"href":"https:\/\/www.congresocoahuila.gob.mx\/portal\/wp-json\/wp\/v2\/pages\/18882","targetHints":{"allow":["GET"]}}],"collection":[{"href":"https:\/\/www.congresocoahuila.gob.mx\/portal\/wp-json\/wp\/v2\/pages"}],"about":[{"href":"https:\/\/www.congresocoahuila.gob.mx\/portal\/wp-json\/wp\/v2\/types\/page"}],"author":[{"embeddable":true,"href":"https:\/\/www.congresocoahuila.gob.mx\/portal\/wp-json\/wp\/v2\/users\/2"}],"replies":[{"embeddable":true,"href":"https:\/\/www.congresocoahuila.gob.mx\/portal\/wp-json\/wp\/v2\/comments?post=18882"}],"version-history":[{"count":13,"href":"https:\/\/www.congresocoahuila.gob.mx\/portal\/wp-json\/wp\/v2\/pages\/18882\/revisions"}],"predecessor-version":[{"id":24014,"href":"https:\/\/www.congresocoahuila.gob.mx\/portal\/wp-json\/wp\/v2\/pages\/18882\/revisions\/24014"}],"wp:attachment":[{"href":"https:\/\/www.congresocoahuila.gob.mx\/portal\/wp-json\/wp\/v2\/media?parent=18882"}],"wp:term":[{"taxonomy":"category","embeddable":true,"href":"https:\/\/www.congresocoahuila.gob.mx\/portal\/wp-json\/wp\/v2\/categories?post=18882"},{"taxonomy":"post_tag","embeddable":true,"href":"https:\/\/www.congresocoahuila.gob.mx\/portal\/wp-json\/wp\/v2\/tags?post=18882"}],"curies":[{"name":"wp","href":"https:\/\/api.w.org\/{rel}","templated":true}]}}