{"id":18887,"date":"2016-02-05T12:43:55","date_gmt":"2016-02-05T18:43:55","guid":{"rendered":"http:\/\/congresocoahuila.gob.mx\/portal\/?page_id=18887"},"modified":"2016-02-18T11:02:17","modified_gmt":"2016-02-18T17:02:17","slug":"primer-periodo-de-la-diputacion-permanente-de-la-lx-legislatura-2016","status":"publish","type":"page","link":"https:\/\/www.congresocoahuila.gob.mx\/portal\/primer-periodo-de-la-diputacion-permanente-de-la-lx-legislatura-2016\/","title":{"rendered":"Primer Per\u00edodo de la Diputaci\u00f3n Permanente de la LX Legislatura 2016"},"content":{"rendered":"<p><a href=\"http:\/\/congresocoahuila.gob.mx\/portal\/wp-content\/uploads\/2016\/02\/1.PRIMERA_7ENERO_2016.docx\">Primera Sesi\u00f3n del d\u00eda 07 de Enero de 2016<\/a><br \/>\n<a href=\"http:\/\/congresocoahuila.gob.mx\/portal\/wp-content\/uploads\/2016\/02\/2.SEGUNDA_-12ENERO_2016.docx\">Segunda Sesi\u00f3n del d\u00eda 12 de Enero de 2016<\/a><br \/>\n<a href=\"http:\/\/congresocoahuila.gob.mx\/portal\/wp-content\/uploads\/2016\/02\/3.TERCERA_19ENERO_2016.docx\">Tercera Sesi\u00f3n del d\u00eda 19 de Enero de 2016<\/a><br \/>\n<a href=\"http:\/\/congresocoahuila.gob.mx\/portal\/wp-content\/uploads\/2016\/02\/4.CUARTA-_28ENERO_2016.docx\">Cuarta Sesi\u00f3n del d\u00eda 28 de Enero de 2016<\/a><br \/>\n<a href=\"http:\/\/congresocoahuila.gob.mx\/portal\/wp-content\/uploads\/2016\/02\/5.QUINTA_3FEBRERO_2016.docx\">Quinta Sesi\u00f3n del d\u00eda 3 de Febrero de 2016<\/a><br \/>\n<a href=\"http:\/\/congresocoahuila.gob.mx\/portal\/wp-content\/uploads\/2016\/02\/6.SEXTA_10FEBRERO_2016.docx\">Sexta Sesi\u00f3n del d\u00eda 10 de Febrero de 2016<\/a><br \/>\n<a href=\"http:\/\/congresocoahuila.gob.mx\/portal\/wp-content\/uploads\/2016\/02\/7.SEPTIMA_15FEBRERO_2016.docx\">S\u00e9ptima Sesi\u00f3n del d\u00eda 15 de Febrero de 2016<\/a><\/p>\n","protected":false},"excerpt":{"rendered":"<p>Primera Sesi\u00f3n del d\u00eda 07 de Enero de 2016 Segunda Sesi\u00f3n del d\u00eda 12 de Enero de 2016 Tercera Sesi\u00f3n del d\u00eda 19 de Enero de 2016 Cuarta Sesi\u00f3n del d\u00eda 28 de Enero de 2016 Quinta Sesi\u00f3n del d\u00eda 3 de Febrero de 2016 Sexta Sesi\u00f3n del d\u00eda 10 de Febrero de 2016 S\u00e9ptima [&hellip;]<\/p>\n","protected":false},"author":2,"featured_media":0,"parent":0,"menu_order":0,"comment_status":"closed","ping_status":"closed","template":"","meta":{"footnotes":""},"categories":[],"tags":[],"class_list":["post-18887","page","type-page","status-publish","hentry"],"_links":{"self":[{"href":"https:\/\/www.congresocoahuila.gob.mx\/portal\/wp-json\/wp\/v2\/pages\/18887","targetHints":{"allow":["GET"]}}],"collection":[{"href":"https:\/\/www.congresocoahuila.gob.mx\/portal\/wp-json\/wp\/v2\/pages"}],"about":[{"href":"https:\/\/www.congresocoahuila.gob.mx\/portal\/wp-json\/wp\/v2\/types\/page"}],"author":[{"embeddable":true,"href":"https:\/\/www.congresocoahuila.gob.mx\/portal\/wp-json\/wp\/v2\/users\/2"}],"replies":[{"embeddable":true,"href":"https:\/\/www.congresocoahuila.gob.mx\/portal\/wp-json\/wp\/v2\/comments?post=18887"}],"version-history":[{"count":7,"href":"https:\/\/www.congresocoahuila.gob.mx\/portal\/wp-json\/wp\/v2\/pages\/18887\/revisions"}],"predecessor-version":[{"id":19074,"href":"https:\/\/www.congresocoahuila.gob.mx\/portal\/wp-json\/wp\/v2\/pages\/18887\/revisions\/19074"}],"wp:attachment":[{"href":"https:\/\/www.congresocoahuila.gob.mx\/portal\/wp-json\/wp\/v2\/media?parent=18887"}],"wp:term":[{"taxonomy":"category","embeddable":true,"href":"https:\/\/www.congresocoahuila.gob.mx\/portal\/wp-json\/wp\/v2\/categories?post=18887"},{"taxonomy":"post_tag","embeddable":true,"href":"https:\/\/www.congresocoahuila.gob.mx\/portal\/wp-json\/wp\/v2\/tags?post=18887"}],"curies":[{"name":"wp","href":"https:\/\/api.w.org\/{rel}","templated":true}]}}