{"id":18897,"date":"2016-02-05T12:52:26","date_gmt":"2016-02-05T18:52:26","guid":{"rendered":"http:\/\/congresocoahuila.gob.mx\/portal\/?page_id=18897"},"modified":"2016-02-18T12:20:09","modified_gmt":"2016-02-18T18:20:09","slug":"segundo-ano-de-ejercicio-constitucional-2016-primer-periodo-extraordinario","status":"publish","type":"page","link":"https:\/\/www.congresocoahuila.gob.mx\/portal\/segundo-ano-de-ejercicio-constitucional-2016-primer-periodo-extraordinario\/","title":{"rendered":"SEGUNDO A\u00d1O DE EJERCICIO CONSTITUCIONAL 2016 PRIMER PER\u00cdODO EXTRAORDINARIO"},"content":{"rendered":"<p><a href=\"http:\/\/congresocoahuila.gob.mx\/portal\/wp-content\/uploads\/2016\/02\/1.PRIMERA_EXTRA_12ENERO2016.docx\">Primera Sesi\u00f3n del d\u00eda 12 de Enero de 2016<\/a><br \/>\n<a href=\"http:\/\/congresocoahuila.gob.mx\/portal\/wp-content\/uploads\/2016\/02\/2.SEGUNDA_EXTRA_28ENERO2016.docx\">Segunda Sesi\u00f3n del d\u00eda 28 de Enero de 2016<\/a><br \/>\n<a href=\"http:\/\/congresocoahuila.gob.mx\/portal\/wp-content\/uploads\/2016\/02\/3.TERCERA_EXTRA_3FEBRERO2016.docx\">Tercera Sesi\u00f3n del d\u00eda 3 de Febrero de 2016<\/a><br \/>\nCuarta Sesi\u00f3n del d\u00eda 12 de Febrero de 2016<br \/>\n<a href=\"http:\/\/congresocoahuila.gob.mx\/portal\/wp-content\/uploads\/2016\/02\/5.QUINTA_EXTRA_12FEBRERO2016.docx\">Quinta Sesi\u00f3n del d\u00eda 12 de Febrero de 2016<\/a><\/p>\n","protected":false},"excerpt":{"rendered":"<p>Primera Sesi\u00f3n del d\u00eda 12 de Enero de 2016 Segunda Sesi\u00f3n del d\u00eda 28 de Enero de 2016 Tercera Sesi\u00f3n del d\u00eda 3 de Febrero de 2016 Cuarta Sesi\u00f3n del d\u00eda 12 de Febrero de 2016 Quinta Sesi\u00f3n del d\u00eda 12 de Febrero de 2016<\/p>\n","protected":false},"author":2,"featured_media":0,"parent":0,"menu_order":0,"comment_status":"closed","ping_status":"closed","template":"","meta":{"footnotes":""},"categories":[],"tags":[],"class_list":["post-18897","page","type-page","status-publish","hentry"],"_links":{"self":[{"href":"https:\/\/www.congresocoahuila.gob.mx\/portal\/wp-json\/wp\/v2\/pages\/18897","targetHints":{"allow":["GET"]}}],"collection":[{"href":"https:\/\/www.congresocoahuila.gob.mx\/portal\/wp-json\/wp\/v2\/pages"}],"about":[{"href":"https:\/\/www.congresocoahuila.gob.mx\/portal\/wp-json\/wp\/v2\/types\/page"}],"author":[{"embeddable":true,"href":"https:\/\/www.congresocoahuila.gob.mx\/portal\/wp-json\/wp\/v2\/users\/2"}],"replies":[{"embeddable":true,"href":"https:\/\/www.congresocoahuila.gob.mx\/portal\/wp-json\/wp\/v2\/comments?post=18897"}],"version-history":[{"count":4,"href":"https:\/\/www.congresocoahuila.gob.mx\/portal\/wp-json\/wp\/v2\/pages\/18897\/revisions"}],"predecessor-version":[{"id":19089,"href":"https:\/\/www.congresocoahuila.gob.mx\/portal\/wp-json\/wp\/v2\/pages\/18897\/revisions\/19089"}],"wp:attachment":[{"href":"https:\/\/www.congresocoahuila.gob.mx\/portal\/wp-json\/wp\/v2\/media?parent=18897"}],"wp:term":[{"taxonomy":"category","embeddable":true,"href":"https:\/\/www.congresocoahuila.gob.mx\/portal\/wp-json\/wp\/v2\/categories?post=18897"},{"taxonomy":"post_tag","embeddable":true,"href":"https:\/\/www.congresocoahuila.gob.mx\/portal\/wp-json\/wp\/v2\/tags?post=18897"}],"curies":[{"name":"wp","href":"https:\/\/api.w.org\/{rel}","templated":true}]}}