{"id":2029,"date":"2014-11-22T19:00:38","date_gmt":"2014-11-23T01:00:38","guid":{"rendered":"http:\/\/www.congresocoahuila.gob.mx\/portal\/?page_id=2029"},"modified":"2021-01-13T13:43:09","modified_gmt":"2021-01-13T19:43:09","slug":"que-es-el-congreso-2","status":"publish","type":"page","link":"https:\/\/www.congresocoahuila.gob.mx\/portal\/que-es-el-congreso-2\/","title":{"rendered":"\u00bfQU\u00c9 ES EL CONGRESO?"},"content":{"rendered":"<p><strong>NORMAS FUNDAMENTALES QUE RIGEN LA VIDA PARLAMENTARIA DEL CONGRESO DEL ESTADO DE COAHUILA DE ZARAGOZA<\/strong><\/p>\n<p><strong>Constituci\u00f3n Pol\u00edtica del Estado de Coahuila de Zaragoza<\/strong><\/p>\n<p>Nuestra Carta Magna previene que el Poder P\u00fablico del Estado es la expresi\u00f3n constitutiva, concreta y din\u00e1mica de la soberan\u00eda, emana del pueblo y se instituye para su beneficio en un marco de respeto a la dignidad, igualdad y libre desarrollo del ser humano, sus derechos fundamentales y sus garant\u00edas constitucionales y legales.<\/p>\n<p>El pueblo, en quien reside esencial y originariamente la soberan\u00eda que deposita formalmente en esta Constituci\u00f3n, tendr\u00e1 siempre el derecho de elegir o nombrar, conforme a las leyes, a sus representantes en los poderes p\u00fablicos del estado y de los municipios y de los organismos p\u00fablicos aut\u00f3nomos, los cuales ejercer\u00e1n sus funciones de acuerdo a los principios que establece la Constituci\u00f3n Pol\u00edtica de los Estados Unidos Mexicanos, esta Constituci\u00f3n y dem\u00e1s disposiciones aplicables.<\/p>\n<p>Para ello, el Poder P\u00fablico del Estado se divide para su ejercicio en Legislativo, Ejecutivo y Judicial, sin que puedan reunirse estos Poderes, ni dos de ellos, en una persona o corporaci\u00f3n.<\/p>\n<p>En el caso del Poder Legislativo, es decir, el Congreso del Estado se renovar\u00e1 en su totalidad cada tres a\u00f1os y se integrar\u00e1 con diecis\u00e9is diputados electos seg\u00fan el principio de mayor\u00eda relativa mediante el sistema de distritos electorales, y con nueve diputados electos por el principio de representaci\u00f3n proporcional, los cuales ser\u00e1n asignados en los t\u00e9rminos que establezca la ley entre aquellos partidos pol\u00edticos que obtengan cuando menos el 2% de la votaci\u00f3n v\u00e1lida emitida en el Estado para la elecci\u00f3n de Diputados. Los diputados de mayor\u00eda relativa o de representaci\u00f3n proporcional, siendo todos representantes populares, tendr\u00e1n los mismos derechos y obligaciones.<\/p>\n<p><a href=\"https:\/\/congresocoahuila.gob.mx\/transparencia\/03\/Leyes_Coahuila\/coa01.pdf\">Consulta la Constituci\u00f3n Pol\u00edtica del Estado de Coahuila de Zaragoza en su texto completo.<\/a><\/p>\n<p><strong>Ley Org\u00e1nica del Congreso del Estado de Coahuila de Zaragoza<\/strong><\/p>\n<p>Esta ley tiene por objeto regular la estructura y funcionamiento internos del Congreso del Estado, sujet\u00e1ndose en todo momento a lo establecido en la Constituci\u00f3n Pol\u00edtica del Estado, lo previsto en esta ley, as\u00ed como en las dem\u00e1s disposiciones aplicables. Su aprobaci\u00f3n, reformas y adiciones no necesitar\u00e1n ser promulgados para tener vigencia ni podr\u00e1n ser vetadas por el Ejecutivo.<\/p>\n<p>La Ley Org\u00e1nica contempla tanto la estructura parlamentaria, es decir, la forma en que los diputados trabajan tanto en el Pleno, como en comisiones y comit\u00e9s; como la estructura administrativa, es decir, los \u00f3rganos de servicios financieros, administrativos y parlamentarios de apoyo al trabajo de los legisladores. Igualmente establece los procedimientos para la presentaci\u00f3n de iniciativas de leyes y decretos y el tr\u00e1mite hasta su aprobaci\u00f3n.<\/p>\n<p><a href=\"https:\/\/congresocoahuila.gob.mx\/transparencia\/03\/Leyes_Coahuila\/coa60.pdf\">Consulta la Ley Org\u00e1nica del Congreso del Estado de Coahuila\u00a0de Zaragoza en su texto completo.<\/a><\/p>\n<p><strong>El Congreso<\/strong><\/p>\n<p>El Congreso del Estado es la Asamblea depositaria de la Soberan\u00eda Popular, integrada por 25 diputadas y diputados, su sede se encuentra en la Ciudad de Saltillo, Capital del Estado de Coahuila de Zaragoza, donde se localiza el Palacio Legislativo, contando con otros dos inmuebles, el Recinto \u201cMiguel Ramos Arizpe\u201d y la Biblioteca del Congreso, donde adem\u00e1s se ubica el Instituto de Investigaciones Jur\u00eddicas y Parlamentarias.<\/p>\n<p>El Poder Legislativo se integra por 25 diputados elegidos por sufragio directo. Cada diputado por el principio de mayor\u00eda es electo dentro un distrito electoral (cuyo n\u00famero es de 16 distritos) con la mayor\u00eda simple de los votos.<\/p>\n<p>Adem\u00e1s de estos 16 diputados de mayor\u00eda, hay nueve por el principio de representaci\u00f3n proporcional, que se les conoce como diputados plurinominales, que son postulados por sus partidos pol\u00edticos de acuerdo a listas proporcionadas al instituto electoral local. Una vez realizado el c\u00f3mputo estatal, conforme el n\u00famero de votos obtenidos, se asignan los diputados que corresponden a cada uno de los partidos pol\u00edticos, hasta el total de los nueve diputados plurinominales.<\/p>\n<p><strong>La elecci\u00f3n de los diputados<\/strong><\/p>\n<p>El Congreso se elige en su totalidad por tres a\u00f1os. Actualmente se encuentra la LXII Legislatura, que inici\u00f3 funciones el d\u00eda primero de enero de 2021 y concluye el d\u00eda 31 de diciembre de 2023.<\/p>\n<p>La \u00faltima elecci\u00f3n se desarroll\u00f3 el\u00a018 de octubre de 2020.<\/p>\n<p><strong>La Junta de Gobierno<\/strong><\/p>\n<p>La Junta de Gobierno del Congreso del Estado, es el \u00f3rgano de gobierno encargado de la direcci\u00f3n de los asuntos relativos al r\u00e9gimen interno del Poder Legislativo, con el fin de optimizar sus funciones legislativas, pol\u00edticas y administrativas, conforme a lo dispuesto en la ley.<\/p>\n<p><strong>Los Grupos Parlamentarios o Fracci\u00f3n Parlamentaria<\/strong><\/p>\n<p>Los diputados pertenecen a grupos parlamentarios como una forma de organizaci\u00f3n de igual filiaci\u00f3n pol\u00edtica o de partido, a efecto de encauzar la libre expresi\u00f3n de las corrientes ideol\u00f3gicas en el seno del Congreso del Estado, para coadyuvar al eficaz desarrollo del proceso legislativo. Para formar grupo parlamentario se requiere al menos contar con dos diputados y s\u00f3lo podr\u00e1 haber uno grupo por cada partido pol\u00edtico que cuente con Diputadas y Diputado en el Congreso local.<\/p>\n<p>Si alg\u00fan partido pol\u00edtico cuenta con una o un diputado solamente, estos podr\u00e1n formar una fracci\u00f3n parlamentaria.<\/p>\n<p>Los grupos parlamentarios adem\u00e1s contribuyen a orientar y estimular la formaci\u00f3n de criterios comunes en las deliberaciones en que participen sus integrantes, proporcionar\u00e1n informaci\u00f3n, otorgando asesor\u00eda y preparar\u00e1n los elementos necesarios para articular el trabajo parlamentario.<\/p>\n<p><strong>Las Comisiones y Comit\u00e9s<\/strong><\/p>\n<p>Adem\u00e1s del trabajo en el Pleno, los diputados trabajan en 25 comisiones permanentes y 4 comit\u00e9s especializados por temas a efecto de estudiar y dictaminar los asuntos que son competencia del Congreso. Estas comisiones, que son los grupos de trabajo parlamentario, sesionan al menos una vez al mes y cuentan con un Coordinador y un Secretario, adem\u00e1s de los integrantes, que en total\u00a0se integrar\u00e1n en lo general con un m\u00e1ximo de siete diputados y diputadas; y, excepcionalmente, podr\u00e1n integrarse con nueve. Eventualmente pueden crearse comisiones especiales que ser\u00e1n transitorias para atender asuntos espec\u00edficos.<\/p>\n<p><strong>\u00a0<\/strong><\/p>\n<p><strong>\u00a0<\/strong><strong>Las facultades del Congreso del Estado<\/strong><\/p>\n<p>Si bien, los congresos suelen ser reconocidos por la tarea legislativa, es decir, la de aprobaci\u00f3n de leyes y decretos, tambi\u00e9n realizan acuerdos sobre temas importantes de la agenda estatal y nacional y se hacen pronunciamientos sobre fechas hist\u00f3ricas o posicionamientos pol\u00edticos. Igualmente cuentan con facultades de ratificaci\u00f3n en el caso de los secretarios del ramo del Poder Ejecutivo, magistrados del Poder Judicial y de nombramiento de otros servidores p\u00fablicos, por ejemplo, los encargados de \u00f3rganos constitucionales aut\u00f3nomos, como la Comisi\u00f3n Estatal de los Derechos Humanos o el Instituto Estatal Electoral y de Participaci\u00f3n Ciudadana.<\/p>\n<p>Otra funci\u00f3n relevante es la relacionada a la fiscalizaci\u00f3n, a trav\u00e9s de la Auditoria Superior del Estado, en los t\u00e9rminos previstos en la ley, de las cuentas p\u00fablicas de los Poderes del Estado, municipios y de los organismos p\u00fablicos aut\u00f3nomos.<\/p>\n","protected":false},"excerpt":{"rendered":"<p>NORMAS FUNDAMENTALES QUE RIGEN LA VIDA PARLAMENTARIA DEL CONGRESO DEL ESTADO DE COAHUILA DE ZARAGOZA Constituci\u00f3n Pol\u00edtica del Estado de Coahuila de Zaragoza Nuestra Carta Magna previene que el Poder P\u00fablico del Estado es la expresi\u00f3n constitutiva, concreta y din\u00e1mica de la soberan\u00eda, emana del pueblo y se instituye para su beneficio en un marco [&hellip;]<\/p>\n","protected":false},"author":3,"featured_media":0,"parent":0,"menu_order":0,"comment_status":"closed","ping_status":"closed","template":"","meta":{"footnotes":""},"categories":[],"tags":[],"class_list":["post-2029","page","type-page","status-publish","hentry"],"_links":{"self":[{"href":"https:\/\/www.congresocoahuila.gob.mx\/portal\/wp-json\/wp\/v2\/pages\/2029","targetHints":{"allow":["GET"]}}],"collection":[{"href":"https:\/\/www.congresocoahuila.gob.mx\/portal\/wp-json\/wp\/v2\/pages"}],"about":[{"href":"https:\/\/www.congresocoahuila.gob.mx\/portal\/wp-json\/wp\/v2\/types\/page"}],"author":[{"embeddable":true,"href":"https:\/\/www.congresocoahuila.gob.mx\/portal\/wp-json\/wp\/v2\/users\/3"}],"replies":[{"embeddable":true,"href":"https:\/\/www.congresocoahuila.gob.mx\/portal\/wp-json\/wp\/v2\/comments?post=2029"}],"version-history":[{"count":15,"href":"https:\/\/www.congresocoahuila.gob.mx\/portal\/wp-json\/wp\/v2\/pages\/2029\/revisions"}],"predecessor-version":[{"id":39943,"href":"https:\/\/www.congresocoahuila.gob.mx\/portal\/wp-json\/wp\/v2\/pages\/2029\/revisions\/39943"}],"wp:attachment":[{"href":"https:\/\/www.congresocoahuila.gob.mx\/portal\/wp-json\/wp\/v2\/media?parent=2029"}],"wp:term":[{"taxonomy":"category","embeddable":true,"href":"https:\/\/www.congresocoahuila.gob.mx\/portal\/wp-json\/wp\/v2\/categories?post=2029"},{"taxonomy":"post_tag","embeddable":true,"href":"https:\/\/www.congresocoahuila.gob.mx\/portal\/wp-json\/wp\/v2\/tags?post=2029"}],"curies":[{"name":"wp","href":"https:\/\/api.w.org\/{rel}","templated":true}]}}