{"id":20368,"date":"2016-05-23T12:06:13","date_gmt":"2016-05-23T17:06:13","guid":{"rendered":"http:\/\/congresocoahuila.gob.mx\/portal\/?page_id=20368"},"modified":"2021-01-29T14:44:19","modified_gmt":"2021-01-29T20:44:19","slug":"cumplimiento-de-la-lgcg","status":"publish","type":"page","link":"https:\/\/www.congresocoahuila.gob.mx\/portal\/cumplimiento-de-la-lgcg\/","title":{"rendered":"CUMPLIMIENTO DE LA LGCG"},"content":{"rendered":"<p><em><strong>Lo anterior para dar cumplimiento a los siguientes ordenamientos<\/strong><\/em><\/p>\n<p style=\"text-align: justify;\"><em><strong>Art\u00edculo 57.-<\/strong> La Secretar\u00eda de Hacienda, las secretar\u00edas de finanzas o sus equivalentes de las\u00a0entidades federativas, as\u00ed como las tesorer\u00edas de los municipios y sus equivalentes en las\u00a0demarcaciones territoriales del Distrito Federal, establecer\u00e1n, en su respectiva p\u00e1gina de Internet,\u00a0<\/em><em>los enlaces electr\u00f3nicos que permitan acceder a la informaci\u00f3n financiera de todos los entes\u00a0p\u00fablicos que conforman el correspondiente orden de gobierno as\u00ed como a los \u00f3rganos o instancias\u00a0de transparencia competentes. En el caso de las secretar\u00edas de finanzas o sus equivalentes, podr\u00e1n\u00a0incluir, previo convenio administrativo, la informaci\u00f3n financiera de los municipios de la entidad\u00a0federativa o, en el caso del Distrito Federal, de sus demarcaciones territoriales.<\/em><\/p>\n<p style=\"text-align: justify;\"><em><strong>Art\u00edculo 58.-<\/strong> La informaci\u00f3n financiera que deba incluirse en Internet en t\u00e9rminos de este T\u00edtulo\u00a0deber\u00e1 publicarse por lo menos trimestralmente, a excepci\u00f3n de los informes y documentos de\u00a0naturaleza anual y otros que por virtud de esta Ley o disposici\u00f3n legal aplicable tengan un plazo y\u00a0periodicidad determinada, y difundirse en dicho medio dentro de los treinta d\u00edas naturales\u00a0siguientes al cierre del per\u00edodo que corresponda. Asimismo, deber\u00e1 permanecer disponible en\u00a0Internet la informaci\u00f3n correspondiente de los \u00faltimos seis ejercicios fiscales.<\/em><\/p>\n<p><strong><span style=\"color: #ff0000;\">INVENTARIO DE BIENES MUEBLES E INMUEBLES ACTUALIZADO LXI<\/span><\/strong><\/p>\n<table style=\"height: 92px;\" width=\"230\">\n<tbody>\n<tr>\n<td style=\"text-align: left;\"><a href=\"https:\/\/congresocoahuila.gob.mx\/transparencia\/00\/LGCG\/1_bienes_muebles.xlsx\">Relaci\u00f3n de Bienes Muebles que componen el patrimonio<\/a><\/td>\n<td style=\"text-align: left;\">Al 31 de diciembre de 2018\u00a0(semestral)<\/td>\n<\/tr>\n<tr>\n<td style=\"text-align: left;\"><a href=\"https:\/\/congresocoahuila.gob.mx\/transparencia\/00\/LGCG\/2_bienes_inmuebles.xlsx\">Relaci\u00f3n de Bienes Inmuebles que componen el patrimonio<\/a><\/td>\n<td style=\"text-align: left;\">Al 31 de diciembre de 2018\u00a0(semestral)<\/td>\n<\/tr>\n<tr>\n<td>\u00a0<\/td>\n<td>\u00a0<\/td>\n<\/tr>\n<\/tbody>\n<\/table>\n<p><strong><span style=\"color: #ff0000;\">MONTOS EFECTIVAMENTE PAGADOS POR CONCEPTO DE AYUDA Y SUBSIDIOS LXI<\/span><\/strong><\/p>\n<table style=\"height: 73px;\" width=\"281\">\n<tbody>\n<tr>\n<td style=\"text-align: left;\">Montos pagados por ayudas y subsidios<\/td>\n<td style=\"text-align: left;\"><a href=\"https:\/\/congresocoahuila.gob.mx\/transparencia\/ART\/21\/15\/LXI\/1ER_TRI_2018.xlsx\">Primer Trimestre de 2018<\/a><br \/><a href=\"https:\/\/congresocoahuila.gob.mx\/transparencia\/ART\/21\/15\/LXI\/DOC_02.xlsx\">Segundo\u00a0Trimestre de 2018<\/a><br \/><a href=\"https:\/\/congresocoahuila.gob.mx\/transparencia\/ART\/21\/15\/LXI\/DOC_03.xlsx\">Tercer\u00a0Trimestre de 2018<\/a><br \/><a href=\"https:\/\/congresocoahuila.gob.mx\/transparencia\/ART\/21\/15\/LXI\/DOC_04.xlsx\">Cuarto\u00a0Trimestre de 2018<\/a><\/td>\n<\/tr>\n<\/tbody>\n<\/table>\n<p><span style=\"color: #ff0000;\"><strong>AVANCES FINANCIEROS Y CUENTA P\u00daBLICA LEGISLATURA LX<\/strong><\/span><br \/><strong>2015<\/strong><\/p>\n<p><strong><a href=\"http:\/\/congresocoahuila.gob.mx\/portal\/wp-content\/uploads\/2015\/05\/21-25_documento1.pdf\">Documento 1<\/a><\/strong>\u00a0 Primer Trimestre de 2015<br \/><strong><a href=\"http:\/\/congresocoahuila.gob.mx\/portal\/wp-content\/uploads\/2015\/05\/SEGUNDO-TRIMESTRE-INF_-AVANCE_-GESTION_FINA.pdf\">Documento 2<\/a>\u00a0\u00a0<\/strong>Segundo Trimestre de 2015<br \/><strong><a href=\"http:\/\/congresocoahuila.gob.mx\/portal\/wp-content\/uploads\/2015\/05\/21-XXV-LX-DOC3.PDF.zip\">Documento 3<\/a>\u00a0\u00a0<\/strong>Tercer\u00a0Trimestre de 2015<br \/><strong><a href=\"http:\/\/congresocoahuila.gob.mx\/portal\/wp-content\/uploads\/2015\/05\/21XXV-LX_04.pdf\">Documento 4<\/a>\u00a0\u00a0<\/strong>Cuarto Trimestre de 2015<br \/><strong><a href=\"http:\/\/congresocoahuila.gob.mx\/portal\/wp-content\/uploads\/2015\/05\/Informe_Anual_20151.pdf\">Documento 5<\/a><\/strong>\u00a0 \u00a0Informe Anual de 2015<\/p>\n<p><strong>2016<\/strong><br \/><strong><a href=\"http:\/\/congresocoahuila.gob.mx\/portal\/wp-content\/uploads\/2015\/05\/Documento1_2016.pdf\">Documento 1 <\/a>\u00a0<\/strong>Primer Trimestre de 2016<br \/><strong><a href=\"http:\/\/congresocoahuila.gob.mx\/portal\/wp-content\/uploads\/2015\/05\/DOC_02_.pdf\">Documento 2<\/a>\u00a0\u00a0<\/strong>Segundo Trimestre de 2016<br \/><strong><a href=\"http:\/\/congresocoahuila.gob.mx\/portal\/wp-content\/uploads\/2016\/10\/Tercer_Trimestre-_2016.pdf\">Documento 3<\/a>\u00a0<\/strong>\u00a0Tercer Trimestre de 2016<br \/><strong><a href=\"https:\/\/congresocoahuila.gob.mx\/transparencia\/\/ART\/21\/25\/2016\/DOC_04_2016_4_TRI.pdf\">Documento 4\u00a0<\/a>\u00a0<\/strong>Informe Anual de 2016<\/p>\n<p><strong>2017<\/strong><br \/><strong><a href=\"https:\/\/congresocoahuila.gob.mx\/transparencia\/\/ART\/21\/25\/2017\/1ER_TRIMESTRE_2017.pdf\">Documento 1\u00a0<\/a>\u00a0\u00a0<\/strong>Primer Trimestre de 2017<br \/><strong><a href=\"https:\/\/congresocoahuila.gob.mx\/transparencia\/\/ART\/21\/25\/2017\/2DO_TRIMESTRE_2017.pdf\">Documento 2<\/a><\/strong>\u00a0 \u00a0Segundo Trimestre de 2017<br \/><strong><a href=\"http:\/\/congresocoahuila.gob.mx\/portal\/wp-content\/uploads\/2015\/05\/3ER_TRIMESTRE_2017.pdf\">Documento 3<\/a>\u00a0\u00a0<\/strong>Tercer Trimestre de 2017<br \/><strong><a href=\"https:\/\/congresocoahuila.gob.mx\/transparencia\/\/ART\/21\/25\/2017\/4TO_TRIMESTRE_2017.pdf\">Documento 4<\/a>\u00a0\u00a0<\/strong>Cuarto Trimestre de 2017<br \/><strong><a href=\"https:\/\/congresocoahuila.gob.mx\/transparencia\/\/ART\/21\/25\/2017\/CUENTA_ANUAL_2017.docx\">Documento 5\u00a0<\/a>\u00a0<\/strong>Cuenta Anual 2017<\/p>\n<p><strong>2018<\/strong><br \/><a href=\"https:\/\/congresocoahuila.gob.mx\/transparencia\/ART\/21\/25\/2018\/Primer_Trimestre_2018.pdf\"><strong>Documento 1<\/strong>\u00a0<\/a>\u00a0 Primer Trimestre de 2018<br \/><strong><a href=\"https:\/\/congresocoahuila.gob.mx\/transparencia\/ART\/21\/25\/2018\/doc_02.pdf\">Documento 2<\/a>\u00a0\u00a0<\/strong>\u00a0Segundo Trimestre de 2018<br \/><strong><a href=\"https:\/\/congresocoahuila.gob.mx\/transparencia\/ART\/21\/25\/2018\/Tercer_Tri_2018.pdf\">Documento 3<\/a><\/strong>\u00a0 \u00a0Tercer Trimestre de 2018<br \/><strong><a href=\"https:\/\/congresocoahuila.gob.mx\/transparencia\/ART\/21\/25\/2018\/CUARTO_TRIMESTRE_2018.pdf\">Documento 4<\/a>\u00a0 \u00a0<\/strong>Cuarto Trimestre de 2018<br \/><strong><a href=\"https:\/\/congresocoahuila.gob.mx\/transparencia\/ART\/21\/25\/2018\/DOC_05.docx\">Documento 5<\/a><\/strong>\u00a0 \u00a0Cuenta Anual 2018<\/p>\n<div><strong>2019<\/strong><\/div>\n<div>\n<div><strong><a href=\"https:\/\/congresocoahuila.gob.mx\/transparencia\/ART\/21\/25\/2019\/2019.pdf\" target=\"_blank\" rel=\"noopener noreferrer\" data-saferedirecturl=\"https:\/\/www.google.com\/url?q=https:\/\/congresocoahuila.gob.mx\/transparencia\/ART\/21\/25\/2019\/2019.pdf&amp;source=gmail&amp;ust=1558207841981000&amp;usg=AFQjCNHnl1LR-vXQy3cu7I0Z8cssk-f75w\">Documento 1<\/a><\/strong> Primer Trimestre de 2019<\/div>\n<div>\n<div><strong><a href=\"https:\/\/congresocoahuila.gob.mx\/transparencia\/ART\/21\/25\/2019\/SEGUNDO_TRIMESTRE_2019.pdf\">Documento 2<\/a><\/strong> \u00a0Segundo Trimestre de 2019<\/div>\n<div><strong><a href=\"https:\/\/congresocoahuila.gob.mx\/transparencia\/ART\/21\/25\/2019\/TERCER_TRIMESTRE_2019.pdf\">Documento 3<\/a><\/strong> \u00a0Tercer Trimestre de 2019<\/div>\n<div><strong><a href=\"https:\/\/congresocoahuila.gob.mx\/transparencia\/ART\/21\/25\/2019\/CUARTO_TRIMESTRE_2019.pdf\">Documento 4<\/a> \u00a0<\/strong>Cuarto Trimestre 2019<\/div>\n<\/div>\n<div><strong><a href=\"https:\/\/congresocoahuila.gob.mx\/transparencia\/ART\/21\/25\/2019\/CUENTA_ANUAL_2019.docx\" target=\"_blank\" rel=\"noopener noreferrer\" data-saferedirecturl=\"https:\/\/www.google.com\/url?q=https:\/\/congresocoahuila.gob.mx\/transparencia\/ART\/21\/25\/2019\/CUENTA_ANUAL_2019.docx&amp;source=gmail&amp;ust=1558207841981000&amp;usg=AFQjCNFHc5mzRlAQ_9lkzy-l212nLu48PA\">Documento 5<\/a><\/strong>\u00a0 Cuenta Anual 2019<\/div>\n<\/div>\n<div>\n<div>\u00a0<\/div>\n<div><strong>2020<\/strong><\/div>\n<div>\n<div><strong><a href=\"https:\/\/congresocoahuila.gob.mx\/transparencia\/ART\/21\/25\/2020\/1_TRIMESTRE_2020.pdf\">Documento 1<\/a>\u00a0 <\/strong>Primer Trimestre de 2020<\/div>\n<div>\n<div><b><a href=\"https:\/\/congresocoahuila.gob.mx\/transparencia\/ART\/21\/25\/2020\/2_TRIMESTRE_2020.pdf\">Documento 2<\/a>\u00a0 <\/b>Segundo Trimestre de 2020<\/div>\n<div><strong><a href=\"https:\/\/congresocoahuila.gob.mx\/transparencia\/ART\/21\/27\/2018-2020\/3_TRIMESTRE_2020.pdf\">Documento 3<\/a>\u00a0 <\/strong>Tercer Trimestre de 2020<\/div>\n<div><strong><a href=\"https:\/\/congresocoahuila.gob.mx\/transparencia\/ART\/21\/27\/2018-2020\/4_TRIMESTRE_2020.pdf\">Documento 4<\/a><\/strong>\u00a0 Cuarto Trimestre de 2020<\/div>\n<div><a href=\"https:\/\/congresocoahuila.gob.mx\/transparencia\/ART\/21\/25\/2020\/CUENTA_ANUAL_2020.docx\"><strong>Documento<\/strong><\/a>\u00a0 \u00a0 \u00a0 Cuenta Anual 2020<\/div>\n<\/div>\n<\/div>\n<\/div>\n\n\n<p><\/p>\n","protected":false},"excerpt":{"rendered":"<p>Lo anterior para dar cumplimiento a los siguientes ordenamientos Art\u00edculo 57.- La Secretar\u00eda de Hacienda, las secretar\u00edas de finanzas o sus equivalentes de las\u00a0entidades federativas, as\u00ed como las tesorer\u00edas de los municipios y sus equivalentes en las\u00a0demarcaciones territoriales del Distrito Federal, establecer\u00e1n, en su respectiva p\u00e1gina de Internet,\u00a0los enlaces electr\u00f3nicos que permitan acceder a la [&hellip;]<\/p>\n","protected":false},"author":2,"featured_media":0,"parent":0,"menu_order":0,"comment_status":"closed","ping_status":"closed","template":"","meta":{"footnotes":""},"categories":[],"tags":[],"class_list":["post-20368","page","type-page","status-publish","hentry"],"_links":{"self":[{"href":"https:\/\/www.congresocoahuila.gob.mx\/portal\/wp-json\/wp\/v2\/pages\/20368","targetHints":{"allow":["GET"]}}],"collection":[{"href":"https:\/\/www.congresocoahuila.gob.mx\/portal\/wp-json\/wp\/v2\/pages"}],"about":[{"href":"https:\/\/www.congresocoahuila.gob.mx\/portal\/wp-json\/wp\/v2\/types\/page"}],"author":[{"embeddable":true,"href":"https:\/\/www.congresocoahuila.gob.mx\/portal\/wp-json\/wp\/v2\/users\/2"}],"replies":[{"embeddable":true,"href":"https:\/\/www.congresocoahuila.gob.mx\/portal\/wp-json\/wp\/v2\/comments?post=20368"}],"version-history":[{"count":27,"href":"https:\/\/www.congresocoahuila.gob.mx\/portal\/wp-json\/wp\/v2\/pages\/20368\/revisions"}],"predecessor-version":[{"id":40211,"href":"https:\/\/www.congresocoahuila.gob.mx\/portal\/wp-json\/wp\/v2\/pages\/20368\/revisions\/40211"}],"wp:attachment":[{"href":"https:\/\/www.congresocoahuila.gob.mx\/portal\/wp-json\/wp\/v2\/media?parent=20368"}],"wp:term":[{"taxonomy":"category","embeddable":true,"href":"https:\/\/www.congresocoahuila.gob.mx\/portal\/wp-json\/wp\/v2\/categories?post=20368"},{"taxonomy":"post_tag","embeddable":true,"href":"https:\/\/www.congresocoahuila.gob.mx\/portal\/wp-json\/wp\/v2\/tags?post=20368"}],"curies":[{"name":"wp","href":"https:\/\/api.w.org\/{rel}","templated":true}]}}