{"id":20397,"date":"2016-05-24T11:33:33","date_gmt":"2016-05-24T16:33:33","guid":{"rendered":"http:\/\/congresocoahuila.gob.mx\/portal\/?page_id=20397"},"modified":"2016-08-02T11:44:31","modified_gmt":"2016-08-02T16:44:31","slug":"primer-periodo-ordinario-de-la-lx-legislatura-2016","status":"publish","type":"page","link":"https:\/\/www.congresocoahuila.gob.mx\/portal\/primer-periodo-ordinario-de-la-lx-legislatura-2016\/","title":{"rendered":"Primer Per\u00edodo Ordinario de la LX Legislatura 2016"},"content":{"rendered":"<p>Primera Sesi\u00f3n del d\u00eda 01 de Marzo de 2016<br \/>\n<a href=\"http:\/\/congresocoahuila.gob.mx\/portal\/wp-content\/uploads\/2016\/05\/2_SESION_3MARZO2016.docx\">Segunda Sesi\u00f3n del d\u00eda 03 de Marzo de 2016<\/a><br \/>\n<a href=\"http:\/\/congresocoahuila.gob.mx\/portal\/wp-content\/uploads\/2016\/05\/3_SESION_9MARZO2016.docx\">Tercera Sesi\u00f3n del d\u00eda 09 de Marzo de 2016<\/a><br \/>\n<a href=\"http:\/\/congresocoahuila.gob.mx\/portal\/wp-content\/uploads\/2016\/05\/4_SESION_9MARZO2016.docx\">Cuarta Sesi\u00f3n del d\u00eda 09 de Marzo de 2016<\/a><br \/>\n<a href=\"http:\/\/congresocoahuila.gob.mx\/portal\/wp-content\/uploads\/2016\/05\/5SESION_15MARZO2016.docx\">Quinta Sesi\u00f3n del d\u00eda 15 de Marzo de 2016<\/a><br \/>\n<a href=\"http:\/\/congresocoahuila.gob.mx\/portal\/wp-content\/uploads\/2016\/05\/6SESION_18MARZO2016.docx\">Sexta Sesi\u00f3n del d\u00eda 18 de Marzo de 2016<\/a><br \/>\n<a href=\"http:\/\/congresocoahuila.gob.mx\/portal\/wp-content\/uploads\/2016\/05\/7SESION_18MARZO2016.docx\">S\u00e9ptima Sesi\u00f3n del d\u00eda 18 de Marzo de 2016<\/a><br \/>\n<a href=\"http:\/\/congresocoahuila.gob.mx\/portal\/wp-content\/uploads\/2016\/05\/8SESION_29MARZO2016.docx\">Octava Sesi\u00f3n del d\u00eda 29 de Marzo de 2016<\/a><br \/>\n<a href=\"http:\/\/congresocoahuila.gob.mx\/portal\/wp-content\/uploads\/2016\/05\/9SESION_29MARZO2016.docx\">Novena Sesi\u00f3n del d\u00eda 29 de Marzo de 2016<\/a><br \/>\n<a href=\"http:\/\/congresocoahuila.gob.mx\/portal\/wp-content\/uploads\/2016\/05\/10.DECIMA_5ABRIL_2016.docx\">D\u00e9cima Sesi\u00f3n del d\u00eda 05 de Abril de 2016<\/a><br \/>\n<a href=\"http:\/\/congresocoahuila.gob.mx\/portal\/wp-content\/uploads\/2016\/05\/11.UNDECIMA_7ABRIL_2016.docx\">Und\u00e9cima Sesi\u00f3n del d\u00eda 07 de Abril de 2016<\/a><br \/>\n<a href=\"http:\/\/congresocoahuila.gob.mx\/portal\/wp-content\/uploads\/2016\/05\/12.DECIMA_SEGUNDA_13ABRIL_2016.docx\">Duod\u00e9cima Sesi\u00f3n del d\u00eda 13 de Abril de 2016<\/a><br \/>\n<a href=\"http:\/\/congresocoahuila.gob.mx\/portal\/wp-content\/uploads\/2016\/05\/13.DECIMA_TERCERA_-13ABRIL_2016.docx\">D\u00e9cima Tercera Sesi\u00f3n del d\u00eda 13 de Abril de 2016<\/a><br \/>\n<a href=\"http:\/\/congresocoahuila.gob.mx\/portal\/wp-content\/uploads\/2016\/05\/14.DECIMA_CUARTA_20ABRIL_2016.docx\">D\u00e9cima Cuarta Sesi\u00f3n del d\u00eda 20 de Abril de 2016<\/a><br \/>\n<a href=\"http:\/\/congresocoahuila.gob.mx\/portal\/wp-content\/uploads\/2016\/05\/15.DECIMA_QUINTA_20ABRIL_2016.docx\">D\u00e9cima Quinta Sesi\u00f3n del d\u00eda 20 de Abril de 2016<\/a><br \/>\n<a href=\"http:\/\/congresocoahuila.gob.mx\/portal\/wp-content\/uploads\/2016\/05\/16.DECIMA_SEXTA_3MAYO_2016.docx\">D\u00e9cima Sexta Sesi\u00f3n del d\u00eda 03 de Mayo de 2016<\/a><br \/>\n<a href=\"http:\/\/congresocoahuila.gob.mx\/portal\/wp-content\/uploads\/2016\/05\/17.DECIMA_SEPTIMA_5MAYO_2016.docx\">D\u00e9cima S\u00e9ptima Sesi\u00f3n del d\u00eda 05 de Mayo de 2016<\/a><br \/>\n<a href=\"http:\/\/congresocoahuila.gob.mx\/portal\/wp-content\/uploads\/2016\/05\/18.DECIMA_OCTAVA_10MAYO_2016.docx\">D\u00e9cima Octava Sesi\u00f3n del d\u00eda 10 de Mayo de 2016<\/a><br \/>\n<a href=\"http:\/\/congresocoahuila.gob.mx\/portal\/wp-content\/uploads\/2016\/05\/19.DECIMA_NOVENA_-12MAYO_2016.docx\">D\u00e9cima Novena Sesi\u00f3n del d\u00eda 12 de Mayo de 2016<\/a><br \/>\n<a href=\"http:\/\/congresocoahuila.gob.mx\/portal\/wp-content\/uploads\/2016\/05\/20.VIGESIMA_18MAYO_2016.docx\">Vig\u00e9sima Sesi\u00f3n del d\u00eda 18 de Mayo de 2016<\/a><br \/>\n<a href=\"http:\/\/congresocoahuila.gob.mx\/portal\/wp-content\/uploads\/2016\/05\/21.VIGESIMA_PRIMERA_18MAYO_2016.docx\">Vig\u00e9sima Primera Sesi\u00f3n del d\u00eda 18 de Mayo de 2016<\/a><br \/>\n<a href=\"http:\/\/congresocoahuila.gob.mx\/portal\/wp-content\/uploads\/2016\/05\/22.VIGESIMA_SEGUNDA_26MAYO_2016-1.docx\">Vig\u00e9sima Segunda Sesi\u00f3n del d\u00eda 26 de Mayo de 2016<\/a><br \/>\n<a href=\"http:\/\/congresocoahuila.gob.mx\/portal\/wp-content\/uploads\/2016\/05\/23.VIGESIMA_TERCERA_26MAYO_2016.docx\">Vig\u00e9sima Tercera Sesi\u00f3n del d\u00eda 26 de Mayo de 2016<\/a><br \/>\n<a href=\"http:\/\/congresocoahuila.gob.mx\/portal\/wp-content\/uploads\/2016\/05\/24.VIGESIMA_CUARTA_31MAYO_2016.docx\">Vig\u00e9sima Cuarta Sesi\u00f3n del d\u00eda 31 de Mayo de 2016<\/a><br \/>\n<a href=\"http:\/\/congresocoahuila.gob.mx\/portal\/wp-content\/uploads\/2016\/05\/25.VIGESIMA_QUINTA_31MAYO_2016.docx\">Vig\u00e9sima Quinta Sesi\u00f3n del d\u00eda 31 de Mayo de 2016<\/a><br \/>\n<a href=\"http:\/\/congresocoahuila.gob.mx\/portal\/wp-content\/uploads\/2016\/05\/26.VIGESIMA_SEXTA_-8JUNIO_2016.docx\">Vig\u00e9sima Sexta Sesi\u00f3n del d\u00eda 8 de Junio de 2016<\/a><br \/>\n<a href=\"http:\/\/congresocoahuila.gob.mx\/portal\/wp-content\/uploads\/2016\/05\/27.VIGESIMA_SEPTIMA_8JUNIO_2016.docx\">Vig\u00e9sima S\u00e9ptima Sesi\u00f3n del d\u00eda 8 de Junio de 2016<\/a><br \/>\n<a href=\"http:\/\/congresocoahuila.gob.mx\/portal\/wp-content\/uploads\/2016\/05\/28_SESION-15JUNIO_2016.docx\">Vig\u00e9sima Octava Sesi\u00f3n del d\u00eda 15 de Junio de 2016<\/a><br \/>\n<a href=\"http:\/\/congresocoahuila.gob.mx\/portal\/wp-content\/uploads\/2016\/05\/29_SESION-15JUNIO_2016.docx\">Vig\u00e9sima Novena Sesi\u00f3n del d\u00eda 15 de Junio de 2016<\/a><br \/>\nTrig\u00e9sima Sesi\u00f3n del d\u00eda 21 de Junio de 2016<br \/>\n<a href=\"http:\/\/congresocoahuila.gob.mx\/portal\/wp-content\/uploads\/2016\/05\/31_SESION-21JUNIO_2016.docx\">Trig\u00e9sima Primera Sesi\u00f3n del d\u00eda 21 de Junio de 2016<\/a><br \/>\n<a href=\"http:\/\/congresocoahuila.gob.mx\/portal\/wp-content\/uploads\/2016\/05\/32_SESION-28JUNIO_2016-1.docx\">Trig\u00e9sima Segunda Sesi\u00f3n del d\u00eda 28 de Junio de 2016<\/a><br \/>\n<a href=\"http:\/\/congresocoahuila.gob.mx\/portal\/wp-content\/uploads\/2016\/05\/33_SESION-30JUNIO_2016.docx\">Trig\u00e9sima Tercera Sesi\u00f3n del d\u00eda 30 de Junio de 2016<\/a><\/p>\n","protected":false},"excerpt":{"rendered":"<p>Primera Sesi\u00f3n del d\u00eda 01 de Marzo de 2016 Segunda Sesi\u00f3n del d\u00eda 03 de Marzo de 2016 Tercera Sesi\u00f3n del d\u00eda 09 de Marzo de 2016 Cuarta Sesi\u00f3n del d\u00eda 09 de Marzo de 2016 Quinta Sesi\u00f3n del d\u00eda 15 de Marzo de 2016 Sexta Sesi\u00f3n del d\u00eda 18 de Marzo de 2016 S\u00e9ptima [&hellip;]<\/p>\n","protected":false},"author":2,"featured_media":0,"parent":0,"menu_order":0,"comment_status":"closed","ping_status":"closed","template":"","meta":{"footnotes":""},"categories":[],"tags":[],"class_list":["post-20397","page","type-page","status-publish","hentry"],"_links":{"self":[{"href":"https:\/\/www.congresocoahuila.gob.mx\/portal\/wp-json\/wp\/v2\/pages\/20397","targetHints":{"allow":["GET"]}}],"collection":[{"href":"https:\/\/www.congresocoahuila.gob.mx\/portal\/wp-json\/wp\/v2\/pages"}],"about":[{"href":"https:\/\/www.congresocoahuila.gob.mx\/portal\/wp-json\/wp\/v2\/types\/page"}],"author":[{"embeddable":true,"href":"https:\/\/www.congresocoahuila.gob.mx\/portal\/wp-json\/wp\/v2\/users\/2"}],"replies":[{"embeddable":true,"href":"https:\/\/www.congresocoahuila.gob.mx\/portal\/wp-json\/wp\/v2\/comments?post=20397"}],"version-history":[{"count":12,"href":"https:\/\/www.congresocoahuila.gob.mx\/portal\/wp-json\/wp\/v2\/pages\/20397\/revisions"}],"predecessor-version":[{"id":21366,"href":"https:\/\/www.congresocoahuila.gob.mx\/portal\/wp-json\/wp\/v2\/pages\/20397\/revisions\/21366"}],"wp:attachment":[{"href":"https:\/\/www.congresocoahuila.gob.mx\/portal\/wp-json\/wp\/v2\/media?parent=20397"}],"wp:term":[{"taxonomy":"category","embeddable":true,"href":"https:\/\/www.congresocoahuila.gob.mx\/portal\/wp-json\/wp\/v2\/categories?post=20397"},{"taxonomy":"post_tag","embeddable":true,"href":"https:\/\/www.congresocoahuila.gob.mx\/portal\/wp-json\/wp\/v2\/tags?post=20397"}],"curies":[{"name":"wp","href":"https:\/\/api.w.org\/{rel}","templated":true}]}}