{"id":2108,"date":"2014-11-23T14:08:37","date_gmt":"2014-11-23T20:08:37","guid":{"rendered":"http:\/\/www.congresocoahuila.gob.mx\/portal\/?page_id=2108"},"modified":"2022-07-05T09:05:10","modified_gmt":"2022-07-05T14:05:10","slug":"articulo-26-xiv","status":"publish","type":"page","link":"https:\/\/www.congresocoahuila.gob.mx\/portal\/articulo-26-xiv\/","title":{"rendered":"ART\u00cdCULO 26-XIV"},"content":{"rendered":"<p><strong>LA DIRECCI\u00d3N DONDE SE ENCUENTRE UBICADO EL M\u00d3DULO DE ORIENTACI\u00d3N<br \/>\nY, EN SU CASO, LAS OFICINAS DE GESTI\u00d3N DE CADA UNO DE LOS DIPUTADOS, AS\u00cd COMO<br \/>\nEL TIPO Y N\u00daMERO DE GESTIONES QUE REALICEN <\/strong><\/p>\n<p><a href=\"http:\/\/congresocoahuila.gob.mx\/portal\/articulo-26-xiv-modulo\">M\u00f3dulo de Orientaci\u00f3n<\/a><br \/>\n<a title=\"ART\u00cdCULO 26-XIII OFICINAS\" href=\"http:\/\/congresocoahuila.gob.mx\/portal\/?page_id=13314\">Oficinas de Gesti\u00f3n, Tipo y N\u00famero de Gestiones Realizadas.<\/a><\/p>\n<p><strong>Fecha de actualizaci\u00f3n:<\/strong> 1 de julio de 2022.<br \/>\n<strong>Responsable de la Informaci\u00f3n:<\/strong><br \/>\nLic. Gerardo Blanco Guerra<br \/>\nOficial Mayor del H. Congreso del Estado de Coahuila.<\/p>\n","protected":false},"excerpt":{"rendered":"<p>LA DIRECCI\u00d3N DONDE SE ENCUENTRE UBICADO EL M\u00d3DULO DE ORIENTACI\u00d3N Y, EN SU CASO, LAS OFICINAS DE GESTI\u00d3N DE CADA UNO DE LOS DIPUTADOS, AS\u00cd COMO EL TIPO Y N\u00daMERO DE GESTIONES QUE REALICEN M\u00f3dulo de Orientaci\u00f3n Oficinas de Gesti\u00f3n, Tipo y N\u00famero de Gestiones Realizadas. Fecha de actualizaci\u00f3n: 1 de julio de 2022. Responsable [&hellip;]<\/p>\n","protected":false},"author":3,"featured_media":0,"parent":0,"menu_order":0,"comment_status":"closed","ping_status":"closed","template":"","meta":{"footnotes":""},"categories":[],"tags":[],"class_list":["post-2108","page","type-page","status-publish","hentry"],"_links":{"self":[{"href":"https:\/\/www.congresocoahuila.gob.mx\/portal\/wp-json\/wp\/v2\/pages\/2108","targetHints":{"allow":["GET"]}}],"collection":[{"href":"https:\/\/www.congresocoahuila.gob.mx\/portal\/wp-json\/wp\/v2\/pages"}],"about":[{"href":"https:\/\/www.congresocoahuila.gob.mx\/portal\/wp-json\/wp\/v2\/types\/page"}],"author":[{"embeddable":true,"href":"https:\/\/www.congresocoahuila.gob.mx\/portal\/wp-json\/wp\/v2\/users\/3"}],"replies":[{"embeddable":true,"href":"https:\/\/www.congresocoahuila.gob.mx\/portal\/wp-json\/wp\/v2\/comments?post=2108"}],"version-history":[{"count":53,"href":"https:\/\/www.congresocoahuila.gob.mx\/portal\/wp-json\/wp\/v2\/pages\/2108\/revisions"}],"predecessor-version":[{"id":43833,"href":"https:\/\/www.congresocoahuila.gob.mx\/portal\/wp-json\/wp\/v2\/pages\/2108\/revisions\/43833"}],"wp:attachment":[{"href":"https:\/\/www.congresocoahuila.gob.mx\/portal\/wp-json\/wp\/v2\/media?parent=2108"}],"wp:term":[{"taxonomy":"category","embeddable":true,"href":"https:\/\/www.congresocoahuila.gob.mx\/portal\/wp-json\/wp\/v2\/categories?post=2108"},{"taxonomy":"post_tag","embeddable":true,"href":"https:\/\/www.congresocoahuila.gob.mx\/portal\/wp-json\/wp\/v2\/tags?post=2108"}],"curies":[{"name":"wp","href":"https:\/\/api.w.org\/{rel}","templated":true}]}}