{"id":2124,"date":"2014-11-23T14:38:43","date_gmt":"2014-11-23T20:38:43","guid":{"rendered":"http:\/\/www.congresocoahuila.gob.mx\/portal\/?page_id=2124"},"modified":"2022-07-05T09:09:00","modified_gmt":"2022-07-05T14:09:00","slug":"articulo-26-xii","status":"publish","type":"page","link":"https:\/\/www.congresocoahuila.gob.mx\/portal\/articulo-26-xii\/","title":{"rendered":"ART\u00cdCULO 26-XII"},"content":{"rendered":"<p><strong>Fecha de Actualizaci\u00f3n:<\/strong> 1 de julio de 2022.<br \/>\n<strong>Responsable de la Informaci\u00f3n:<\/strong> C.P. Cesar Alejandro Fern\u00e1ndez Padilla:<br \/>\nDirector de Contabilidad en la Tesorer\u00eda del H. Congreso del Estado de Coahuila.<\/p>\n<p><strong>A TRAV\u00c9S DE LA AUDITOR\u00cdA SUPERIOR DEL ESTADO, LOS INFORMES DE RESULTADOS\u00a0<\/strong><strong>Y EN SU CASO, LOS DICT\u00c1MENES DE LAS CUENTAS P\u00daBLICAS;<\/strong><\/p>\n<p><strong>LXII Legislatura del Congreso del Estado 2021-2023<\/strong><br \/>\n<a href=\"https:\/\/congresocoahuila.gob.mx\/transparencia\/ART\/26\/12\/2021-2023\/DOC_01.docx\">Documento 1<\/a> Informe de Resultado 2021<br \/>\n<a href=\"https:\/\/congresocoahuila.gob.mx\/transparencia\/ART\/26\/12\/2021-2023\/2022.docx\">Documento 2<\/a> Informe de Resultado 2022<\/p>\n<p><strong>LXI Legislatura del Congreso del Estado 2018 \u2013 2020<\/strong><br \/>\n<a href=\"https:\/\/congresocoahuila.gob.mx\/transparencia\/ART\/26\/11\/documentos\/2019_doc_03.docx\">Documento 3<\/a> Informe del Resultado 2020<br \/>\n<a href=\"https:\/\/congresocoahuila.gob.mx\/transparencia\/ART\/26\/11\/documentos\/2019_doc_02.docx\">Documento 2<\/a> Informe del Resultado 2019<br \/>\n<a href=\"https:\/\/congresocoahuila.gob.mx\/transparencia\/ART\/26\/11\/documentos\/2018.docx\">Documento 1\u00a0<\/a>Informe del Resultado 2018<\/p>\n<p><strong>LX Legislatura del Congreso del Estado 2015 &#8211; 2017<\/strong><\/p>\n<p><a href=\"https:\/\/congresocoahuila.gob.mx\/transparencia\/ART\/26\/11\/documentos\/2017.docx\">Documento 3<\/a>\u00a0Informe de Resultado 2017<br \/>\n<a href=\"https:\/\/congresocoahuila.gob.mx\/transparencia\/ART\/26\/11\/documentos\/2016.docx\">Documento 2<\/a>\u00a0Informe del Resultado 2016<br \/>\n<a href=\"https:\/\/congresocoahuila.gob.mx\/transparencia\/ART\/26\/11\/documentos\/2015.pdf\">Documento 1<\/a> Informe del Resultado 2015<\/p>\n<p><strong>LIX Legislatura del Congreso del Estado 2012 &#8211; 2014<\/strong><br \/>\n<a href=\"https:\/\/congresocoahuila.gob.mx\/transparencia\/ART\/26\/11\/documentos\/2014.pdf\">Documento 3<\/a> Informe del Resultado 2014<br \/>\n<a href=\"https:\/\/congresocoahuila.gob.mx\/transparencia\/ART\/26\/11\/documentos\/2013.pdf\">Documento 2<\/a>\u00a0Informe del Resultado 2013<br \/>\n<a href=\"https:\/\/congresocoahuila.gob.mx\/transparencia\/ART\/26\/11\/documentos\/2012.pdf\">Documento 1<\/a> Informe del Resultado 2012<\/p>\n<p><strong>LVIII Legislatura del Congreso del Estado 2009 &#8211; 2011<\/strong><br \/>\n<a href=\"https:\/\/congresocoahuila.gob.mx\/transparencia\/ART\/26\/11\/documentos\/2011.pdf\">Documento 3<\/a> Informe del Resultado 2011<br \/>\n<a href=\"https:\/\/congresocoahuila.gob.mx\/transparencia\/ART\/26\/11\/documentos\/2010.pdf\">Documento 2<\/a>\u00a0Informe del Resultado 2010<br \/>\n<a href=\"https:\/\/congresocoahuila.gob.mx\/transparencia\/ART\/26\/11\/documentos\/2009.pdf\">Documento 1<\/a> Informe del Resultado 2009<\/p>\n<p><strong>LVII Legislatura del Congreso del Estado 2006 &#8211; 2008<\/strong><br \/>\n<a href=\"https:\/\/congresocoahuila.gob.mx\/transparencia\/ART\/26\/11\/documentos\/2008.pdf\">Documento 3<\/a>\u00a0Informe del Resultado 2008<br \/>\n<a href=\"https:\/\/congresocoahuila.gob.mx\/transparencia\/ART\/26\/11\/documentos\/2007.pdf\">Documento 2<\/a> Informe del Resultado 2007<br \/>\n<a href=\"http:\/\/www.congresocoahuila.gob.mx\/portal\/wp-content\/uploads\/2014\/11\/26-XI-2006-2008_1.pdf\">Documento 1<\/a> Certificaci\u00f3n de la Cuenta P\u00fablica 2006<\/p>\n","protected":false},"excerpt":{"rendered":"<p>Fecha de Actualizaci\u00f3n: 1 de julio de 2022. Responsable de la Informaci\u00f3n: C.P. Cesar Alejandro Fern\u00e1ndez Padilla: Director de Contabilidad en la Tesorer\u00eda del H. Congreso del Estado de Coahuila. A TRAV\u00c9S DE LA AUDITOR\u00cdA SUPERIOR DEL ESTADO, LOS INFORMES DE RESULTADOS\u00a0Y EN SU CASO, LOS DICT\u00c1MENES DE LAS CUENTAS P\u00daBLICAS; LXII Legislatura del Congreso [&hellip;]<\/p>\n","protected":false},"author":3,"featured_media":0,"parent":0,"menu_order":0,"comment_status":"closed","ping_status":"closed","template":"","meta":{"footnotes":""},"categories":[],"tags":[],"class_list":["post-2124","page","type-page","status-publish","hentry"],"_links":{"self":[{"href":"https:\/\/www.congresocoahuila.gob.mx\/portal\/wp-json\/wp\/v2\/pages\/2124","targetHints":{"allow":["GET"]}}],"collection":[{"href":"https:\/\/www.congresocoahuila.gob.mx\/portal\/wp-json\/wp\/v2\/pages"}],"about":[{"href":"https:\/\/www.congresocoahuila.gob.mx\/portal\/wp-json\/wp\/v2\/types\/page"}],"author":[{"embeddable":true,"href":"https:\/\/www.congresocoahuila.gob.mx\/portal\/wp-json\/wp\/v2\/users\/3"}],"replies":[{"embeddable":true,"href":"https:\/\/www.congresocoahuila.gob.mx\/portal\/wp-json\/wp\/v2\/comments?post=2124"}],"version-history":[{"count":86,"href":"https:\/\/www.congresocoahuila.gob.mx\/portal\/wp-json\/wp\/v2\/pages\/2124\/revisions"}],"predecessor-version":[{"id":43837,"href":"https:\/\/www.congresocoahuila.gob.mx\/portal\/wp-json\/wp\/v2\/pages\/2124\/revisions\/43837"}],"wp:attachment":[{"href":"https:\/\/www.congresocoahuila.gob.mx\/portal\/wp-json\/wp\/v2\/media?parent=2124"}],"wp:term":[{"taxonomy":"category","embeddable":true,"href":"https:\/\/www.congresocoahuila.gob.mx\/portal\/wp-json\/wp\/v2\/categories?post=2124"},{"taxonomy":"post_tag","embeddable":true,"href":"https:\/\/www.congresocoahuila.gob.mx\/portal\/wp-json\/wp\/v2\/tags?post=2124"}],"curies":[{"name":"wp","href":"https:\/\/api.w.org\/{rel}","templated":true}]}}