{"id":21517,"date":"2016-08-15T13:38:35","date_gmt":"2016-08-15T18:38:35","guid":{"rendered":"http:\/\/congresocoahuila.gob.mx\/portal\/?page_id=21517"},"modified":"2016-08-15T13:38:35","modified_gmt":"2016-08-15T18:38:35","slug":"segundo-periodo-extraordinario-de-la-lx-legislatura-2016","status":"publish","type":"page","link":"https:\/\/www.congresocoahuila.gob.mx\/portal\/segundo-periodo-extraordinario-de-la-lx-legislatura-2016\/","title":{"rendered":"Segundo Per\u00edodo Extraordinario de la LX Legislatura 2016"},"content":{"rendered":"<p><a href=\"http:\/\/congresocoahuila.gob.mx\/portal\/wp-content\/uploads\/2016\/08\/1_SESION_EXTRA_26JULIO_2016.docx\">Primera Sesi\u00f3n del d\u00eda 26 de Julio de 2016<\/a><br \/>\n<a href=\"http:\/\/congresocoahuila.gob.mx\/portal\/wp-content\/uploads\/2016\/08\/2_SESION_EXTRA_1AGOSTO_2016.docx\">Segunda Sesi\u00f3n del d\u00eda 01 de Agosto de 2016<\/a><\/p>\n","protected":false},"excerpt":{"rendered":"<p>Primera Sesi\u00f3n del d\u00eda 26 de Julio de 2016 Segunda Sesi\u00f3n del d\u00eda 01 de Agosto de 2016<\/p>\n","protected":false},"author":6,"featured_media":0,"parent":0,"menu_order":0,"comment_status":"closed","ping_status":"closed","template":"","meta":{"footnotes":""},"categories":[],"tags":[],"class_list":["post-21517","page","type-page","status-publish","hentry"],"_links":{"self":[{"href":"https:\/\/www.congresocoahuila.gob.mx\/portal\/wp-json\/wp\/v2\/pages\/21517","targetHints":{"allow":["GET"]}}],"collection":[{"href":"https:\/\/www.congresocoahuila.gob.mx\/portal\/wp-json\/wp\/v2\/pages"}],"about":[{"href":"https:\/\/www.congresocoahuila.gob.mx\/portal\/wp-json\/wp\/v2\/types\/page"}],"author":[{"embeddable":true,"href":"https:\/\/www.congresocoahuila.gob.mx\/portal\/wp-json\/wp\/v2\/users\/6"}],"replies":[{"embeddable":true,"href":"https:\/\/www.congresocoahuila.gob.mx\/portal\/wp-json\/wp\/v2\/comments?post=21517"}],"version-history":[{"count":1,"href":"https:\/\/www.congresocoahuila.gob.mx\/portal\/wp-json\/wp\/v2\/pages\/21517\/revisions"}],"predecessor-version":[{"id":21520,"href":"https:\/\/www.congresocoahuila.gob.mx\/portal\/wp-json\/wp\/v2\/pages\/21517\/revisions\/21520"}],"wp:attachment":[{"href":"https:\/\/www.congresocoahuila.gob.mx\/portal\/wp-json\/wp\/v2\/media?parent=21517"}],"wp:term":[{"taxonomy":"category","embeddable":true,"href":"https:\/\/www.congresocoahuila.gob.mx\/portal\/wp-json\/wp\/v2\/categories?post=21517"},{"taxonomy":"post_tag","embeddable":true,"href":"https:\/\/www.congresocoahuila.gob.mx\/portal\/wp-json\/wp\/v2\/tags?post=21517"}],"curies":[{"name":"wp","href":"https:\/\/api.w.org\/{rel}","templated":true}]}}