{"id":22,"date":"2014-11-12T14:29:54","date_gmt":"2014-11-12T20:29:54","guid":{"rendered":"http:\/\/www.congresocoahuila.gob.mx\/portal\/?page_id=22"},"modified":"2022-01-18T12:50:27","modified_gmt":"2022-01-18T18:50:27","slug":"diputacion-permanente","status":"publish","type":"page","link":"https:\/\/www.congresocoahuila.gob.mx\/portal\/diputacion-permanente\/","title":{"rendered":"DIPUTACI\u00d3N PERMANENTE"},"content":{"rendered":"<p style=\"text-align: justify;\"><b>DIPUTACI\u00d3N PERMANENTE<\/b><\/p>\n<p><a href=\"https:\/\/www.congresocoahuila.gob.mx\/portal\/segundo-periodo-de-la-diputacion-permanente-del-primer-ano-de-ejercicio-constitucional-de-la-lxii-legislatura-2022\/\">Primer Per\u00edodo de la Diputaci\u00f3n Permanente del Segundo A\u00f1o de Ejercicio Constitucional de la LXII Legislatura 2022<\/a><br \/>\n<a href=\"https:\/\/www.congresocoahuila.gob.mx\/portal\/segundo-periodo-de-la-diputacion-permanente-del-primer-ano-de-ejercicio-constitucional-de-la-lxii-legislatura-2021\/\">Segundo Per\u00edodo de la Diputaci\u00f3n Permanente del Primer A\u00f1o de Ejercicio Constitucional de la LXII Legislatura 2021<\/a><br \/>\n<a href=\"http:\/\/congresocoahuila.gob.mx\/portal\/primer-periodo-de-la-diputacion-permanente-del-primer-ano-de-ejercicio-constitucional-de-la-lxii-legislatura-2021\">Primer Per\u00edodo de la Diputaci\u00f3n Permanente del Primer A\u00f1o de Ejercicio Constitucional de la LXII Legislatura 2021<\/a><br \/>\n<a href=\"http:\/\/congresocoahuila.gob.mx\/portal\/primer-periodo-de-la-diputacion-permanente-del-tercer-ano-de-ejercicio-constitucional-de-la-lxi-legislatura-2020\">Primer Per\u00edodo de la Diputaci\u00f3n Permanente del Tercer A\u00f1o de Ejercicio Constitucional\u00a0de la LXI Legislatura 2020 <\/a><br \/>\n<a href=\"http:\/\/congresocoahuila.gob.mx\/portal\/segundo-periodo-de-la-diputacion-permanente-del-tercer-ano-de-ejercicio-constitucional-de-la-lxi-legislatura-2020\">Segundo Per\u00edodo de la Diputaci\u00f3n Permanente del Tercer A\u00f1o de Ejercicio Constitucional de la LXI Legislatura 2020<\/a><br \/>\n<a href=\"http:\/\/congresocoahuila.gob.mx\/portal\/primer-periodo-de-la-diputacion-permanente-del-segundo-ano-de-ejercicio-constitucional-de-la-lxi-legislatura-2019\">Primer Per\u00edodo de la Diputaci\u00f3n Permanente del\u00a0Segundo A\u00f1o de Ejercicio Constitucional de la LXI Legislatura 2019<\/a><br \/>\n<a href=\"http:\/\/congresocoahuila.gob.mx\/portal\/segundo-periodo-de-la-diputacion-permanente-del-segundo-ano-de-ejercicio-constitucional-de-la-lxi-legislatura-2019\">Segundo Per\u00edodo de la Diputaci\u00f3n Permanente del Segundo A\u00f1o de Ejercicio Constitucional de la LXI Legislatura 2019<\/a><br \/>\n<a href=\"http:\/\/congresocoahuila.gob.mx\/portal\/primer-periodo-de-la-diputacion-permanente-del-primer-ano-de-ejercicio-constitucional-de-la-lxi\">Primer Per\u00edodo de la Diputaci\u00f3n Permanente del Primer A\u00f1o de Ejercicio Constitucional de la LXI Legislatura 2018<\/a><br \/>\n<a href=\"http:\/\/congresocoahuila.gob.mx\/portal\/segundo-periodo-de-la-diputacion-permanente-del-primer-ano-de-ejercicio-constitucional-de-la-lxi-legislatura-2018\">Segundo Per\u00edodo de la Diputaci\u00f3n Permanente del Primer A\u00f1o de Ejercicio Constitucional de la LXI Legislatura 2018<\/a><br \/>\n<a href=\"http:\/\/congresocoahuila.gob.mx\/portal\/?page_id=23935\">Primer Per\u00edodo de la Diputaci\u00f3n Permanente del Tercer A\u00f1o de Ejercicio Constitucional de la LX Legislatura 2017<\/a><br \/>\n<a href=\"http:\/\/congresocoahuila.gob.mx\/portal\/?page_id=26519\">Segundo Per\u00edodo de la Diputaci\u00f3n Permanente del Tercer A\u00f1o de Ejercicio Constitucional\u00a0de la LX Legislatura 2017<\/a><br \/>\n<a href=\"http:\/\/congresocoahuila.gob.mx\/portal\/?page_id=18348\">Primer Per\u00edodo de la Diputaci\u00f3n Permanente del Segundo \u00a0A\u00f1o de Ejercicio Constitucional de la LX Legislatura 2016<\/a><br \/>\n<a href=\"http:\/\/congresocoahuila.gob.mx\/portal\/wp-content\/uploads\/2014\/11\/DIP_PER_SEGUNDO_PERIODO_2016.docx\">Segundo Per\u00edodo de la Diputaci\u00f3n Permanente del Segundo A\u00f1o de Ejercicio Constitucional de la LX Legislatura 2016<\/a><br \/>\n<a title=\"DIPUTACI\u00d3N PERMANENTE LX\" href=\"http:\/\/congresocoahuila.gob.mx\/portal\/?page_id=12787\">Primer Per\u00edodo de la Diputaci\u00f3n Permanente del Primer \u00a0A\u00f1o de Ejercicio Constitucional de la LX Legislatura 2015<\/a><br \/>\n<a title=\"SEGUNDO PER\u00cdODO DE LA DIPUTACI\u00d3N PERMANENTE LX\" href=\"http:\/\/congresocoahuila.gob.mx\/portal\/?page_id=15493\">Segundo Per\u00edodo de la Diputaci\u00f3n Permanente del Primer A\u00f1o de Ejercicio Constitucional de la LX Legislatura 2015<\/a><\/p>\n<p style=\"text-align: justify;\"><a href=\"http:\/\/congresocoahuila.gob.mx\/portal\/?page_id=12781\">Diputaci\u00f3n Permanente Correspondiente a la\u00a0LIX\u00a0Legislatura\u00a02012-2014<\/a><\/p>\n<p style=\"text-align: justify;\">\u2022\u00a0Se instalar\u00e1 el mismo d\u00eda que concluya el primer per\u00edodo ordinario de sesiones. Hecha la declaraci\u00f3n respectiva, se comunicar\u00e1 oficialmente por escrito a los Poderes Ejecutivo y Judicial del Estado.<\/p>\n<p style=\"text-align: justify;\">\u2022\u00a0Su primera sesi\u00f3n se celebrar\u00e1 cuando lo se\u00f1ale su Presidente.<\/p>\n<p style=\"text-align: justify;\">\u2022\u00a0Las sesiones de la Diputaci\u00f3n Permanente tendr\u00e1n lugar cuatro veces por mes. Si hubiere necesidad de celebrar otras sesiones cuando as\u00ed lo exija el n\u00famero de asuntos en cartera o sea necesario por la urgencia de algunos asuntos, se llevar\u00e1n a cabo previo acuerdo de la Junta de Gobierno.<\/p>\n<p style=\"text-align: justify;\">\u2022\u00a0Cuando la Presidencia de la Diputaci\u00f3n Permanente lo considere necesario, podr\u00e1n celebrarse m\u00e1s de cuatro sesiones, en cuyo caso se informar\u00e1 lo correspondiente desde la sesi\u00f3n anterior o en comunicaci\u00f3n por escrito que se haga oportunamente el mismo d\u00eda de la sesi\u00f3n, cuando exista una causa de fuerza mayor que lo justifique plenamente.<\/p>\n<p style=\"text-align: justify;\">\u2022\u00a0S\u00f3lo podr\u00e1 sesionar cuando concurran m\u00e1s de la mitad de sus integrantes y sus resoluciones se tomar\u00e1n por mayor\u00eda de votos. En caso de empate, el Presidente tendr\u00e1 voto de calidad.<\/p>\n<p style=\"text-align: justify;\">\u2022\u00a0En caso de que no se re\u00fana el qu\u00f3rum necesario para sesionar, se citar\u00e1 de nuevo a sesi\u00f3n dentro de los dos d\u00edas h\u00e1biles siguientes, convocando ahora a los suplentes de los que faltaron. Dicha sesi\u00f3n se llevar\u00e1 a cabo con la asistencia de los diputados convocados que ocurran.<\/p>\n<p style=\"text-align: justify;\">\u2022La Diputaci\u00f3n Permanente continuar\u00e1 en funciones, a\u00fan cuando el Pleno entre en per\u00edodo extraordinario de sesiones, por lo que no suspender\u00e1 sus trabajos, salvo en aquello que se refiera a los asuntos para los que haya sido convocado el per\u00edodo extraordinario.<\/p>\n<p style=\"text-align: justify;\"><strong>DEFINICI\u00d3N E INTEGRACI\u00d3N<\/strong><\/p>\n<p style=\"text-align: justify;\">\u2022\u00a0Es el \u00f3rgano del Congreso del Estado, que funcionar\u00e1 cuando el Pleno no est\u00e9 en per\u00edodo de sesiones,y actualmente est\u00e1 integrada de la siguiente manera:<\/p>\n<p style=\"text-align: justify;\">\u2022\u00a0Se integrar\u00e1 con nueve diputados propietarios, de los cuales se nombrar\u00e1 un Presidente, un Vicepresidente, dos Secretarios y cinco Vocales, adem\u00e1s de nueve sustitutos, los cuales ser\u00e1n designados por el Presidente, de entre los que est\u00e9n en funciones un d\u00eda antes de la clausura del per\u00edodo de sesiones.<\/p>\n<p style=\"text-align: justify;\">\u2022\u00a0Por cada uno de los diputados electos como propietarios, se designar\u00e1 respectivamente un sustituto, que los sustituir\u00e1 en caso de ausencia temporal o absoluta.<\/p>\n<p style=\"text-align: justify;\"><strong>REGLAS PARA SU INTEGRACI\u00d3N:<\/strong><\/p>\n<p style=\"text-align: justify;\">\u2022\u00a0En primer lugar, se asignar\u00e1n cinco lugares para el Grupo Parlamentario que haya obtenido la mayor\u00eda absoluta en el Congreso del Estado.<\/p>\n<p style=\"text-align: justify;\">\u2022\u00a0Enseguida, se asignar\u00e1 en orden descendente de representaci\u00f3n, un lugar para cada uno de los Grupos Parlamentarios que conforme al resultado electoral est\u00e9n representados en el Congreso, exceptuando al Grupo Parlamentario mayoritario.<\/p>\n<p style=\"text-align: justify;\">\u2022\u00a0De los lugares restantes, se asignar\u00e1 a cada Grupo Parlamentario, por el orden de su representaci\u00f3n, la cantidad que proporcionalmente le corresponda en relaci\u00f3n a los nueve diputados que conforman la diputaci\u00f3n permanente, rest\u00e1ndoles el diputado ya asignado en la fracci\u00f3n que antecede. Se except\u00faa de lo anterior al Grupo Parlamentario Mayoritario.<\/p>\n<p style=\"text-align: justify;\">\u2022\u00a0En caso de empate de dos o m\u00e1s Grupos Parlamentarios en la representaci\u00f3n en el Congreso, se decidir\u00e1 por el n\u00famero de votos obtenidos en el proceso electoral correspondiente.<\/p>\n<p style=\"text-align: justify;\">\u2022\u00a0En caso de que ning\u00fan Partido Pol\u00edtico obtenga la mayor\u00eda absoluta en el Congreso del Estado, se asignar\u00e1 un Diputado a cada Grupo Parlamentario y el resto se asignar\u00e1 en orden descendente de representaci\u00f3n, proporcionalmente al n\u00famero de Diputados que tenga en la Legislatura.<\/p>\n<p style=\"text-align: justify;\">\u2022\u00a0La elecci\u00f3n de la diputaci\u00f3n Permanente se har\u00e1 conforme a una Planilla, en la que se determinar\u00e1n los cargos que ocupar\u00e1n sus integrantes.<\/p>\n<p style=\"text-align: justify;\"><strong>PRINCIPALES ATRIBUCIONES:<\/strong><\/p>\n<p style=\"text-align: justify;\">\u2022 Llevar la correspondencia con los Poderes de la Federaci\u00f3n y con los de los Estados;<\/p>\n<p style=\"text-align: justify;\">\u2022 Recibir, en su caso, y registrar las declaratorias de validez de las elecciones de gobernador, diputados y ayuntamientos y comunicarlas al Pleno del Congreso, cuando \u00e9ste se re\u00fana;<\/p>\n<p style=\"text-align: justify;\">\u2022 Acordar por s\u00ed o a petici\u00f3n del Ejecutivo, la convocatoria de la Legislatura a sesiones extraordinarias;<\/p>\n<p style=\"text-align: justify;\">\u2022 Designar al Gobernador Interino o al Provisional, en los casos a que se refiere la Constituci\u00f3n Pol\u00edtica del Estado;<\/p>\n<p style=\"text-align: justify;\">\u2022 Tomar, en su caso, la protesta de ley del Gobernador del Estado, la de los Magistrados del Tribunal Superior de Justicia, la de los Magistrados del Tribunal Estatal Electoral y de los dem\u00e1s servidores p\u00fablicos en los casos que proceda conforme a la ley, as\u00ed como ratificar, en su caso, el nombramiento del Fiscal General del Estado.<\/p>\n<p style=\"text-align: justify;\">\u2022 Conceder licencia, en su caso, a los servidores p\u00fablicos a que se refiere la fracci\u00f3n XVIII del art\u00edculo 67 de la Constituci\u00f3n Pol\u00edtica Local; as\u00ed como conocer y resolver, en los t\u00e9rminos de la propia Constituci\u00f3n y dem\u00e1s ordenamientos aplicables, sobre las renuncias que individualmente, y sin tratarse de la mayor\u00eda, presenten los miembros de los Ayuntamientos y de los Concejos Municipales;<\/p>\n<p style=\"text-align: justify;\">\u2022 Resolver los asuntos que quedaren pendientes de resoluci\u00f3n por el Pleno y dar cuenta de ellos en el siguiente periodo de sesiones;<\/p>\n<p style=\"text-align: justify;\">\u2022 Recibir y remitir a la Comisi\u00f3n de Hacienda y Cuenta P\u00fablica, las cuentas p\u00fablicas anuales estatales, municipales y de los organismos p\u00fablicos aut\u00f3nomos, en los t\u00e9rminos que marca la ley.<\/p>\n<p style=\"text-align: justify;\">\u2022 Resolver los asuntos para que fuere autorizada por el Pleno del Congreso, seg\u00fan la fracci\u00f3n XXXV del art\u00edculo 67 de la Constituci\u00f3n Local y lo previsto en el art\u00edculo 12 de la Ley Org\u00e1nica del Congreso.<\/p>\n<p style=\"text-align: justify;\">\u2022 El Presidente de la Diputaci\u00f3n Permanente, en t\u00e9rminos generales y en lo aplicable, tendr\u00e1 las mismas facultades que tiene el Presidente de la Mesa Directiva del Pleno del Congreso.<\/p>\n<p style=\"text-align: justify;\">\u2022 La Diputaci\u00f3n Permanente deber\u00e1 rendir un Informe de sus trabajos, al t\u00e9rmino de sus per\u00edodos de funciones.<\/p>\n<p style=\"text-align: justify;\">\u2022 En los casos de invasi\u00f3n y perturbaci\u00f3n de la paz p\u00fablica, la Diputaci\u00f3n Permanente podr\u00e1 conceder, con car\u00e1cter de provisional, facultades extraordinarias al Ejecutivo para que haga frente a la situaci\u00f3n; pero tan luego como se otorgue esta concesi\u00f3n, deber\u00e1 convocar al Pleno del Congreso a periodo extraordinario para que confirme, modifique o revoque, el acuerdo relativo.<\/p>\n","protected":false},"excerpt":{"rendered":"<p>DIPUTACI\u00d3N PERMANENTE Primer Per\u00edodo de la Diputaci\u00f3n Permanente del Segundo A\u00f1o de Ejercicio Constitucional de la LXII Legislatura 2022 Segundo Per\u00edodo de la Diputaci\u00f3n Permanente del Primer A\u00f1o de Ejercicio Constitucional de la LXII Legislatura 2021 Primer Per\u00edodo de la Diputaci\u00f3n Permanente del Primer A\u00f1o de Ejercicio Constitucional de la LXII Legislatura 2021 Primer Per\u00edodo [&hellip;]<\/p>\n","protected":false},"author":3,"featured_media":0,"parent":0,"menu_order":0,"comment_status":"open","ping_status":"closed","template":"","meta":{"footnotes":""},"categories":[],"tags":[],"class_list":["post-22","page","type-page","status-publish","hentry"],"_links":{"self":[{"href":"https:\/\/www.congresocoahuila.gob.mx\/portal\/wp-json\/wp\/v2\/pages\/22","targetHints":{"allow":["GET"]}}],"collection":[{"href":"https:\/\/www.congresocoahuila.gob.mx\/portal\/wp-json\/wp\/v2\/pages"}],"about":[{"href":"https:\/\/www.congresocoahuila.gob.mx\/portal\/wp-json\/wp\/v2\/types\/page"}],"author":[{"embeddable":true,"href":"https:\/\/www.congresocoahuila.gob.mx\/portal\/wp-json\/wp\/v2\/users\/3"}],"replies":[{"embeddable":true,"href":"https:\/\/www.congresocoahuila.gob.mx\/portal\/wp-json\/wp\/v2\/comments?post=22"}],"version-history":[{"count":50,"href":"https:\/\/www.congresocoahuila.gob.mx\/portal\/wp-json\/wp\/v2\/pages\/22\/revisions"}],"predecessor-version":[{"id":43029,"href":"https:\/\/www.congresocoahuila.gob.mx\/portal\/wp-json\/wp\/v2\/pages\/22\/revisions\/43029"}],"wp:attachment":[{"href":"https:\/\/www.congresocoahuila.gob.mx\/portal\/wp-json\/wp\/v2\/media?parent=22"}],"wp:term":[{"taxonomy":"category","embeddable":true,"href":"https:\/\/www.congresocoahuila.gob.mx\/portal\/wp-json\/wp\/v2\/categories?post=22"},{"taxonomy":"post_tag","embeddable":true,"href":"https:\/\/www.congresocoahuila.gob.mx\/portal\/wp-json\/wp\/v2\/tags?post=22"}],"curies":[{"name":"wp","href":"https:\/\/api.w.org\/{rel}","templated":true}]}}