{"id":22263,"date":"2016-09-28T12:23:34","date_gmt":"2016-09-28T17:23:34","guid":{"rendered":"http:\/\/congresocoahuila.gob.mx\/portal\/?page_id=22263"},"modified":"2017-01-14T11:22:25","modified_gmt":"2017-01-14T17:22:25","slug":"segundo-ano-de-ejercicio-constitucional-2016-segundo-periodo-ordinario","status":"publish","type":"page","link":"https:\/\/www.congresocoahuila.gob.mx\/portal\/segundo-ano-de-ejercicio-constitucional-2016-segundo-periodo-ordinario\/","title":{"rendered":"SEGUNDO A\u00d1O DE EJERCICIO CONSTITUCIONAL 2016 SEGUNDO PER\u00cdODO ORDINARIO"},"content":{"rendered":"<p><a href=\"http:\/\/congresocoahuila.gob.mx\/portal\/wp-content\/uploads\/2016\/09\/1_SEPTIEMBRE_2016.docx\">Primera Sesi\u00f3n del d\u00eda 01 de Septiembre de 2016<\/a><br \/>\n<a href=\"http:\/\/congresocoahuila.gob.mx\/portal\/wp-content\/uploads\/2016\/09\/2_1_SEPTIEMBRE_2016.docx\">Segunda Sesi\u00f3n del d\u00eda 01 de Septiembre de 2016<\/a><br \/>\nTercera Sesi\u00f3n del d\u00eda\u00a006 de Septiembre de 2016<br \/>\n<a href=\"http:\/\/congresocoahuila.gob.mx\/portal\/wp-content\/uploads\/2016\/09\/4_6_SEPTIEMBRE-2016.docx\">Cuarta Sesi\u00f3n del d\u00eda 06 de Septiembre de 2016<\/a><br \/>\n<a href=\"http:\/\/congresocoahuila.gob.mx\/portal\/wp-content\/uploads\/2016\/09\/5_14_SEPTIEMBRE_2016.docx\">Quinta Sesi\u00f3n del d\u00eda 14 de Septiembre de 2016<\/a><br \/>\n<a href=\"http:\/\/congresocoahuila.gob.mx\/portal\/wp-content\/uploads\/2016\/09\/6_14_SEPTIEMBRE_2016.docx\">Sexta Sesi\u00f3n del d\u00eda 14 de Septiembre de 2016<\/a><br \/>\n<a href=\"http:\/\/congresocoahuila.gob.mx\/portal\/wp-content\/uploads\/2016\/09\/7__20-SEPTIEMBRE_2016.docx\">S\u00e9ptima Sesi\u00f3n del d\u00eda 20 de Septiembre de 2016<\/a><br \/>\n<a href=\"https:\/\/congresocoahuila.gob.mx\/transparencia\/LISTAS\/2NDO_A_EJE_CONS_2016_2NDO_PERI_ORD\/8_22_SEPTIEMBRE_2016.docx\">Octava Sesi\u00f3n del d\u00eda 22 de Septiembre de 2016<\/a><br \/>\n<a href=\"https:\/\/congresocoahuila.gob.mx\/transparencia\/LISTAS\/2NDO_A_EJE_CONS_2016_2NDO_PERI_ORD\/9_27_SEPTIEMBRE_2016.docx\">Novena Sesi\u00f3n del d\u00eda 27 de Septiembre de 2016<\/a><br \/>\n<a href=\"https:\/\/congresocoahuila.gob.mx\/transparencia\/LISTAS\/2NDO_A_EJE_CONS_2016_2NDO_PERI_ORD\/10_27_SEPTIEMBRE_2016.docx\">D\u00e9cima Sesi\u00f3n del d\u00eda 27 de Septiembre de 2016<\/a><br \/>\n<a href=\"https:\/\/congresocoahuila.gob.mx\/transparencia\/LISTAS\/2NDO_A_EJE_CONS_2016_2NDO_PERI_ORD\/11_5_OCTUBRE_2016.docx\">D\u00e9cima Primera Sesi\u00f3n del d\u00eda 05 de Octubre de 2016<\/a><br \/>\n<a href=\"https:\/\/congresocoahuila.gob.mx\/transparencia\/LISTAS\/2NDO_A_EJE_CONS_2016_2NDO_PERI_ORD\/12_5_OCTUBRE_2016.docx\">D\u00e9cima Segunda Sesi\u00f3n del d\u00eda 05 de Octubre de 2016<\/a><br \/>\n<a href=\"https:\/\/congresocoahuila.gob.mx\/transparencia\/LISTAS\/2NDO_A_EJE_CONS_2016_2NDO_PERI_ORD\/13_11_OCTUBRE_2016.docx\">D\u00e9cima Tercera Sesi\u00f3n del d\u00eda 11 de Octubre de 2016<\/a><br \/>\n<a href=\"https:\/\/congresocoahuila.gob.mx\/transparencia\/LISTAS\/2NDO_A_EJE_CONS_2016_2NDO_PERI_ORD\/14_11_OCTUBRE_2016.docx\">D\u00e9cima Cuarta Sesi\u00f3n del d\u00eda 11 de Octubre de 2016<\/a><br \/>\n<a href=\"https:\/\/congresocoahuila.gob.mx\/transparencia\/LISTAS\/2NDO_A_EJE_CONS_2016_2NDO_PERI_ORD\/15_20_OCTUBRE_2016.docx\">D\u00e9cima Quinta Sesi\u00f3n del d\u00eda 20 de Octubre de 2016<\/a><br \/>\n<a href=\"https:\/\/congresocoahuila.gob.mx\/transparencia\/LISTAS\/2NDO_A_EJE_CONS_2016_2NDO_PERI_ORD\/16_20_OCTUBRE_2016.docx\">D\u00e9cima Sexta Sesi\u00f3n del d\u00eda 20 de Octubre de 2016<\/a><br \/>\n<a href=\"https:\/\/congresocoahuila.gob.mx\/transparencia\/LISTAS\/2NDO_A_EJE_CONS_2016_2NDO_PERI_ORD\/17_02_NOV_2016.doc\">D\u00e9cima S\u00e9ptima Sesi\u00f3n del d\u00eda 02 de Noviembre de 2016<\/a><br \/>\n<a href=\"https:\/\/congresocoahuila.gob.mx\/transparencia\/LISTAS\/2NDO_A_EJE_CONS_2016_2NDO_PERI_ORD\/18_02_NOV_2016.doc\">D\u00e9cima Octava Sesi\u00f3n del d\u00eda 02 de Noviembre de 2016<\/a><br \/>\n<a href=\"https:\/\/congresocoahuila.gob.mx\/transparencia\/LISTAS\/2NDO_A_EJE_CONS_2016_2NDO_PERI_ORD\/19_9_NOV_2016.doc\">D\u00e9cima Novena Sesi\u00f3n del d\u00eda 09 de Noviembre de 2016<\/a><br \/>\n<a href=\"https:\/\/congresocoahuila.gob.mx\/transparencia\/LISTAS\/2NDO_A_EJE_CONS_2016_2NDO_PERI_ORD\/20_9_NOV_2016.doc\">Vig\u00e9sima Sesi\u00f3n del d\u00eda 09 de Noviembre de 2016<\/a><br \/>\n<a href=\"https:\/\/congresocoahuila.gob.mx\/transparencia\/LISTAS\/2NDO_A_EJE_CONS_2016_2NDO_PERI_ORD\/21_16_NOV_2016.doc\">Vig\u00e9sima Primera Sesi\u00f3n del d\u00eda 16 de Noviembre de 2016<\/a><br \/>\n<a href=\"https:\/\/congresocoahuila.gob.mx\/transparencia\/LISTAS\/2NDO_A_EJE_CONS_2016_2NDO_PERI_ORD\/22_16_NOV_2016.doc\">Vig\u00e9sima Segunda Sesi\u00f3n del d\u00eda 16 de Noviembre de 2016<\/a><br \/>\n<a href=\"https:\/\/congresocoahuila.gob.mx\/transparencia\/LISTAS\/2NDO_A_EJE_CONS_2016_2NDO_PERI_ORD\/23_22_NOV_2016.doc\">Vig\u00e9sima Tercera Sesi\u00f3n del d\u00eda 22 de Noviembre de 2016<\/a><br \/>\n<a href=\"https:\/\/congresocoahuila.gob.mx\/transparencia\/LISTAS\/2NDO_A_EJE_CONS_2016_2NDO_PERI_ORD\/24_22_NOV_2016.doc\">Vig\u00e9sima Cuarta Sesi\u00f3n del d\u00eda 22 de Noviembre de 2016<\/a><br \/>\nVig\u00e9sima Quinta Sesi\u00f3n del d\u00eda 30 de Noviembre de 2016<br \/>\n<a href=\"https:\/\/congresocoahuila.gob.mx\/transparencia\/LISTAS\/2NDO_A_EJE_CONS_2016_2NDO_PERI_ORD\/26_30_NOV_2016.doc\">Vig\u00e9sima Sexta Sesi\u00f3n del d\u00eda 30 de Noviembre de 2016<\/a><br \/>\n<a href=\"https:\/\/congresocoahuila.gob.mx\/transparencia\/LISTAS\/2NDO_A_EJE_CONS_2016_2NDO_PERI_ORD\/27_07_DIC_2016.doc\">Vig\u00e9sima S\u00e9ptima Sesi\u00f3n del d\u00eda 07 de Diciembre de 2016<\/a><br \/>\n<a href=\"https:\/\/congresocoahuila.gob.mx\/transparencia\/LISTAS\/2NDO_A_EJE_CONS_2016_2NDO_PERI_ORD\/28_07_DIC_2016.doc\">Vig\u00e9sima Octava Sesi\u00f3n del d\u00eda 07 de Diciembre de 2016<\/a><br \/>\n<a href=\"https:\/\/congresocoahuila.gob.mx\/transparencia\/LISTAS\/2NDO_A_EJE_CONS_2016_2NDO_PERI_ORD\/29_13_DIC_ 2016.doc\">Vig\u00e9sima Novena Sesi\u00f3n del d\u00eda 13 de Diciembre de 2016<\/a><br \/>\n<a href=\"https:\/\/congresocoahuila.gob.mx\/transparencia\/LISTAS\/2NDO_A_EJE_CONS_2016_2NDO_PERI_ORD\/30_13_DIC_2016.doc\">Trig\u00e9sima Sesi\u00f3n del d\u00eda 13 de Diciembre de 2016<\/a><br \/>\n<a href=\"https:\/\/congresocoahuila.gob.mx\/transparencia\/LISTAS\/2NDO_A_EJE_CONS_2016_2NDO_PERI_ORD\/31_20_DIC_2016.doc\">Trig\u00e9sima Primera Sesi\u00f3n del d\u00eda 20 de Diciembre de 2016<\/a><br \/>\n<a href=\"https:\/\/congresocoahuila.gob.mx\/transparencia\/LISTAS\/2NDO_A_EJE_CONS_2016_2NDO_PERI_ORD\/32_20_DIC_2016.doc\">Trig\u00e9sima Segunda Sesi\u00f3n del d\u00eda 20 de Diciembre de 2016<\/a><\/p>\n","protected":false},"excerpt":{"rendered":"<p>Primera Sesi\u00f3n del d\u00eda 01 de Septiembre de 2016 Segunda Sesi\u00f3n del d\u00eda 01 de Septiembre de 2016 Tercera Sesi\u00f3n del d\u00eda\u00a006 de Septiembre de 2016 Cuarta Sesi\u00f3n del d\u00eda 06 de Septiembre de 2016 Quinta Sesi\u00f3n del d\u00eda 14 de Septiembre de 2016 Sexta Sesi\u00f3n del d\u00eda 14 de Septiembre de 2016 S\u00e9ptima Sesi\u00f3n [&hellip;]<\/p>\n","protected":false},"author":6,"featured_media":0,"parent":0,"menu_order":0,"comment_status":"closed","ping_status":"closed","template":"","meta":{"footnotes":""},"categories":[],"tags":[],"class_list":["post-22263","page","type-page","status-publish","hentry"],"_links":{"self":[{"href":"https:\/\/www.congresocoahuila.gob.mx\/portal\/wp-json\/wp\/v2\/pages\/22263","targetHints":{"allow":["GET"]}}],"collection":[{"href":"https:\/\/www.congresocoahuila.gob.mx\/portal\/wp-json\/wp\/v2\/pages"}],"about":[{"href":"https:\/\/www.congresocoahuila.gob.mx\/portal\/wp-json\/wp\/v2\/types\/page"}],"author":[{"embeddable":true,"href":"https:\/\/www.congresocoahuila.gob.mx\/portal\/wp-json\/wp\/v2\/users\/6"}],"replies":[{"embeddable":true,"href":"https:\/\/www.congresocoahuila.gob.mx\/portal\/wp-json\/wp\/v2\/comments?post=22263"}],"version-history":[{"count":23,"href":"https:\/\/www.congresocoahuila.gob.mx\/portal\/wp-json\/wp\/v2\/pages\/22263\/revisions"}],"predecessor-version":[{"id":24031,"href":"https:\/\/www.congresocoahuila.gob.mx\/portal\/wp-json\/wp\/v2\/pages\/22263\/revisions\/24031"}],"wp:attachment":[{"href":"https:\/\/www.congresocoahuila.gob.mx\/portal\/wp-json\/wp\/v2\/media?parent=22263"}],"wp:term":[{"taxonomy":"category","embeddable":true,"href":"https:\/\/www.congresocoahuila.gob.mx\/portal\/wp-json\/wp\/v2\/categories?post=22263"},{"taxonomy":"post_tag","embeddable":true,"href":"https:\/\/www.congresocoahuila.gob.mx\/portal\/wp-json\/wp\/v2\/tags?post=22263"}],"curies":[{"name":"wp","href":"https:\/\/api.w.org\/{rel}","templated":true}]}}