{"id":2255,"date":"2014-11-24T03:59:43","date_gmt":"2014-11-24T09:59:43","guid":{"rendered":"http:\/\/www.congresocoahuila.gob.mx\/portal\/?page_id=2255"},"modified":"2022-07-04T22:33:31","modified_gmt":"2022-07-05T03:33:31","slug":"articulo-21-xxiv","status":"publish","type":"page","link":"https:\/\/www.congresocoahuila.gob.mx\/portal\/articulo-21-xxiv\/","title":{"rendered":"ART\u00cdCULO 21- XXIV"},"content":{"rendered":"<p>LAS SOLICITUDES DE ACCESO A LA INFORMACI\u00d3N P\u00daBLICA Y LAS RESPUESTAS QUE SE LES D\u00c9, INCLUYENDO, EN SU CASO, LA INFORMACI\u00d3N ENTREGADA, A TRAV\u00c9S DEL SISTEMA ELECTR\u00d3NICO CORRESPONDIENTE;<br \/>\nLas solicitudes de Acceso a la Informaci\u00f3n P\u00fablica, las respuestas y la informaci\u00f3n entregada por parte de esta Soberan\u00eda, puede consultarse en la p\u00e1gina WEB del ICAI:<\/p>\n<p><a href=\"http:\/\/www.infocoahuila.org.mx\/\" target=\"_blank\" rel=\"noopener noreferrer\">www.infocoahuila.org.mx<\/a><br \/>\nSolicitudes de Acceso a la Informaci\u00f3n P\u00fablica, que no pudieron concluir su tr\u00e1mite legal en la anterior direcci\u00f3n electr\u00f3nica, se ponen a disposici\u00f3n dando click en el siguiente apartado:<\/p>\n<p><a title=\"ART\u00cdCULO 21- XXIV NOTIFICACIONES\" href=\"http:\/\/www.congresocoahuila.gob.mx\/portal?page_id=2260\">N o t i f i c a c i o n e s<\/a><\/p>\n<p>Reporte mensual de Solicitudes de Acceso a la Informaci\u00f3n y Recursos de Revisi\u00f3n:<br \/>\n<a href=\"https:\/\/www.congresocoahuila.gob.mx\/portal\/articulo-21-xxiv-2022\/\">2022<\/a><br \/>\n<a href=\"http:\/\/congresocoahuila.gob.mx\/portal\/articulo-21-xxiv-2021\">2021<\/a><br \/>\n<a href=\"http:\/\/congresocoahuila.gob.mx\/portal\/articulo-21-xxiv-2020\">2020<\/a><br \/>\n<a href=\"http:\/\/congresocoahuila.gob.mx\/portal\/articulo-21-xxiv-2019\">2019<\/a><br \/>\n<a href=\"http:\/\/congresocoahuila.gob.mx\/portal\/articulo-21-xxiv-2018\">2018<\/a><br \/>\n<a href=\"http:\/\/congresocoahuila.gob.mx\/portal\/?page_id=25332\">2017<\/a><br \/>\n<a href=\"http:\/\/congresocoahuila.gob.mx\/portal\/?page_id=18882\">2016<\/a><br \/>\n<a title=\"ART\u00cdCULO 21- XXIV-2015\" href=\"http:\/\/congresocoahuila.gob.mx\/portal\/?page_id=13230\">2015<\/a><br \/>\n<a title=\"ART\u00cdCULO 21- XXIV-2014\" href=\"http:\/\/congresocoahuila.gob.mx\/portal\/?page_id=9203\">2014<\/a><\/p>\n<div>\n<div><strong>Fecha de Actualizaci\u00f3n:<\/strong> 1 de julio de 2022<\/div>\n<div>\n<div><strong>Responsable de la Informaci\u00f3n:\u00a0<\/strong>Lic. Gerardo Blanco Guerra<\/div>\n<div>Oficial Mayor del H. Congreso del Estado de Coahuila<\/div>\n<\/div>\n<\/div>\n","protected":false},"excerpt":{"rendered":"<p>LAS SOLICITUDES DE ACCESO A LA INFORMACI\u00d3N P\u00daBLICA Y LAS RESPUESTAS QUE SE LES D\u00c9, INCLUYENDO, EN SU CASO, LA INFORMACI\u00d3N ENTREGADA, A TRAV\u00c9S DEL SISTEMA ELECTR\u00d3NICO CORRESPONDIENTE; Las solicitudes de Acceso a la Informaci\u00f3n P\u00fablica, las respuestas y la informaci\u00f3n entregada por parte de esta Soberan\u00eda, puede consultarse en la p\u00e1gina WEB del ICAI: [&hellip;]<\/p>\n","protected":false},"author":3,"featured_media":0,"parent":0,"menu_order":0,"comment_status":"closed","ping_status":"closed","template":"","meta":{"footnotes":""},"categories":[],"tags":[],"class_list":["post-2255","page","type-page","status-publish","hentry"],"_links":{"self":[{"href":"https:\/\/www.congresocoahuila.gob.mx\/portal\/wp-json\/wp\/v2\/pages\/2255","targetHints":{"allow":["GET"]}}],"collection":[{"href":"https:\/\/www.congresocoahuila.gob.mx\/portal\/wp-json\/wp\/v2\/pages"}],"about":[{"href":"https:\/\/www.congresocoahuila.gob.mx\/portal\/wp-json\/wp\/v2\/types\/page"}],"author":[{"embeddable":true,"href":"https:\/\/www.congresocoahuila.gob.mx\/portal\/wp-json\/wp\/v2\/users\/3"}],"replies":[{"embeddable":true,"href":"https:\/\/www.congresocoahuila.gob.mx\/portal\/wp-json\/wp\/v2\/comments?post=2255"}],"version-history":[{"count":64,"href":"https:\/\/www.congresocoahuila.gob.mx\/portal\/wp-json\/wp\/v2\/pages\/2255\/revisions"}],"predecessor-version":[{"id":43810,"href":"https:\/\/www.congresocoahuila.gob.mx\/portal\/wp-json\/wp\/v2\/pages\/2255\/revisions\/43810"}],"wp:attachment":[{"href":"https:\/\/www.congresocoahuila.gob.mx\/portal\/wp-json\/wp\/v2\/media?parent=2255"}],"wp:term":[{"taxonomy":"category","embeddable":true,"href":"https:\/\/www.congresocoahuila.gob.mx\/portal\/wp-json\/wp\/v2\/categories?post=2255"},{"taxonomy":"post_tag","embeddable":true,"href":"https:\/\/www.congresocoahuila.gob.mx\/portal\/wp-json\/wp\/v2\/tags?post=2255"}],"curies":[{"name":"wp","href":"https:\/\/api.w.org\/{rel}","templated":true}]}}