{"id":2471,"date":"2014-11-24T10:11:40","date_gmt":"2014-11-24T16:11:40","guid":{"rendered":"http:\/\/www.congresocoahuila.gob.mx\/portal\/?page_id=2471"},"modified":"2017-06-30T15:02:13","modified_gmt":"2017-06-30T20:02:13","slug":"articulo-xxvii","status":"publish","type":"page","link":"https:\/\/www.congresocoahuila.gob.mx\/portal\/articulo-xxvii\/","title":{"rendered":"ART\u00cdCULO 21-XXVII 2009 &#8211; 2011"},"content":{"rendered":"<p><strong>LOS RESULTADOS DE TODO TIPO DE AUDITOR\u00cdAS PRACTICADAS Y CONCLUIDAS AL EJERCICIO PRESUPUESTAL DE CADA UNA DE LAS ENTIDADES P\u00daBLICAS, CON EXCEPCI\u00d3N DE LOS QUE DEBE PUBLICAR LA AUDITOR\u00cdA SUPERIOR DEL ESTADO, DE ACUERDO A LO PREVISTO EN LA FRACCI\u00d3N IX DEL ART\u00cdCULO 21 DE ESTE ORDENAMIENTO;<\/strong><\/p>\n<table border=\"0\" width=\"534\" cellspacing=\"1\" cellpadding=\"0\" bgcolor=\"#F4F4F4\">\n<tbody>\n<tr>\n<td class=\"Estilo21\" valign=\"middle\" bgcolor=\"#E1E1E1\" width=\"109\" height=\"21\">Archivo<\/td>\n<td class=\"Estilo21\" valign=\"middle\" bgcolor=\"#E1E1E1\" width=\"288\">Periodo<\/td>\n<\/tr>\n<tr>\n<td valign=\"middle\" bgcolor=\"#E1E1E1\" height=\"21\"><span class=\"Estilo15\"><u><a href=\"http:\/\/www.congresocoahuila.gob.mx\/transparencia\/ART\/21\/27\/2009-2011\/DOC_03.pdf\">Documento 3<\/a><\/u><\/span><\/td>\n<td class=\"Estilo15\" valign=\"middle\" bgcolor=\"#E1E1E1\">Informe del Resultado\u00a02011<\/td>\n<\/tr>\n<tr>\n<td valign=\"middle\" bgcolor=\"#E1E1E1\" height=\"21\"><span class=\"Estilo15\"><u><a href=\"http:\/\/www.congresocoahuila.gob.mx\/transparencia\/ART\/21\/27\/2009-2011\/DOC_02.pdf\">Documento 2<\/a><\/u><\/span><\/td>\n<td class=\"Estilo15\" valign=\"middle\" bgcolor=\"#E1E1E1\">Informe del Resultado\u00a02010<\/td>\n<\/tr>\n<tr>\n<td valign=\"middle\" bgcolor=\"#E1E1E1\" height=\"21\"><span class=\"Estilo15\"><u><a href=\"http:\/\/www.congresocoahuila.gob.mx\/transparencia\/ART\/21\/27\/2009-2011\/DOC_01.pdf\">Documento 1<\/a><\/u><\/span><\/td>\n<td class=\"Estilo15\" valign=\"middle\" bgcolor=\"#E1E1E1\">Informe del Resultado\u00a02009<\/td>\n<\/tr>\n<\/tbody>\n<\/table>\n<p>&nbsp;<\/p>\n","protected":false},"excerpt":{"rendered":"<p>LOS RESULTADOS DE TODO TIPO DE AUDITOR\u00cdAS PRACTICADAS Y CONCLUIDAS AL EJERCICIO PRESUPUESTAL DE CADA UNA DE LAS ENTIDADES P\u00daBLICAS, CON EXCEPCI\u00d3N DE LOS QUE DEBE PUBLICAR LA AUDITOR\u00cdA SUPERIOR DEL ESTADO, DE ACUERDO A LO PREVISTO EN LA FRACCI\u00d3N IX DEL ART\u00cdCULO 21 DE ESTE ORDENAMIENTO; Archivo Periodo Documento 3 Informe del Resultado\u00a02011 Documento [&hellip;]<\/p>\n","protected":false},"author":3,"featured_media":0,"parent":0,"menu_order":0,"comment_status":"closed","ping_status":"closed","template":"","meta":{"footnotes":""},"categories":[],"tags":[],"class_list":["post-2471","page","type-page","status-publish","hentry"],"_links":{"self":[{"href":"https:\/\/www.congresocoahuila.gob.mx\/portal\/wp-json\/wp\/v2\/pages\/2471","targetHints":{"allow":["GET"]}}],"collection":[{"href":"https:\/\/www.congresocoahuila.gob.mx\/portal\/wp-json\/wp\/v2\/pages"}],"about":[{"href":"https:\/\/www.congresocoahuila.gob.mx\/portal\/wp-json\/wp\/v2\/types\/page"}],"author":[{"embeddable":true,"href":"https:\/\/www.congresocoahuila.gob.mx\/portal\/wp-json\/wp\/v2\/users\/3"}],"replies":[{"embeddable":true,"href":"https:\/\/www.congresocoahuila.gob.mx\/portal\/wp-json\/wp\/v2\/comments?post=2471"}],"version-history":[{"count":4,"href":"https:\/\/www.congresocoahuila.gob.mx\/portal\/wp-json\/wp\/v2\/pages\/2471\/revisions"}],"predecessor-version":[{"id":26325,"href":"https:\/\/www.congresocoahuila.gob.mx\/portal\/wp-json\/wp\/v2\/pages\/2471\/revisions\/26325"}],"wp:attachment":[{"href":"https:\/\/www.congresocoahuila.gob.mx\/portal\/wp-json\/wp\/v2\/media?parent=2471"}],"wp:term":[{"taxonomy":"category","embeddable":true,"href":"https:\/\/www.congresocoahuila.gob.mx\/portal\/wp-json\/wp\/v2\/categories?post=2471"},{"taxonomy":"post_tag","embeddable":true,"href":"https:\/\/www.congresocoahuila.gob.mx\/portal\/wp-json\/wp\/v2\/tags?post=2471"}],"curies":[{"name":"wp","href":"https:\/\/api.w.org\/{rel}","templated":true}]}}