{"id":25142,"date":"2017-04-03T14:34:09","date_gmt":"2017-04-03T19:34:09","guid":{"rendered":"http:\/\/congresocoahuila.gob.mx\/portal\/?page_id=25142"},"modified":"2018-01-29T12:23:43","modified_gmt":"2018-01-29T18:23:43","slug":"articulo-20_lx","status":"publish","type":"page","link":"https:\/\/www.congresocoahuila.gob.mx\/portal\/articulo-20_lx\/","title":{"rendered":"ART\u00cdCULO 20 LX"},"content":{"rendered":"<p>El sujeto obligado deber\u00e1 difundir, dentro del primer mes de cada a\u00f1o, un calendario de actualizaci\u00f3n de la informaci\u00f3n, por cada contenido y \u00e1rea responsable.<\/p>\n<p>Para la publicaci\u00f3n de la informaci\u00f3n p\u00fablica de oficio, los sujetos obligados utilizar\u00e1n formatos de f\u00e1cil comprensi\u00f3n. Se procurar\u00e1, en la medida de lo posible, la traducci\u00f3n a lenguas ind\u00edgenas.<\/p>\n<p>Fecha de actualizaci\u00f3n: 31 de\u00a0Diciembre de 2017<br \/>\nElaborado por: Lic. Luis Enrique Gonz\u00e1lez Torales<br \/>\nPuesto: Sub Titular de la Unidad de Transparencia.<br \/>\nAutorizado por: Lic. Juan Carlos Cisneros Ruiz |<br \/>\nPuesto: Titular de la Unidad de Transparencia.<\/p>\n<p><a href=\"https:\/\/congresocoahuila.gob.mx\/transparencia\/ART\/20\/1\/CalendarioIPOCONGRESO2017.pdf\">2017<\/a><br \/>\n<a href=\"https:\/\/congresocoahuila.gob.mx\/transparencia\/ART\/20\/1\/CalendarioIPOCONGRESO2016.pdf\">2016<\/a><\/p>\n","protected":false},"excerpt":{"rendered":"<p>El sujeto obligado deber\u00e1 difundir, dentro del primer mes de cada a\u00f1o, un calendario de actualizaci\u00f3n de la informaci\u00f3n, por cada contenido y \u00e1rea responsable. Para la publicaci\u00f3n de la informaci\u00f3n p\u00fablica de oficio, los sujetos obligados utilizar\u00e1n formatos de f\u00e1cil comprensi\u00f3n. Se procurar\u00e1, en la medida de lo posible, la traducci\u00f3n a lenguas ind\u00edgenas. [&hellip;]<\/p>\n","protected":false},"author":6,"featured_media":0,"parent":0,"menu_order":0,"comment_status":"closed","ping_status":"closed","template":"","meta":{"footnotes":""},"categories":[],"tags":[],"class_list":["post-25142","page","type-page","status-publish","hentry"],"_links":{"self":[{"href":"https:\/\/www.congresocoahuila.gob.mx\/portal\/wp-json\/wp\/v2\/pages\/25142","targetHints":{"allow":["GET"]}}],"collection":[{"href":"https:\/\/www.congresocoahuila.gob.mx\/portal\/wp-json\/wp\/v2\/pages"}],"about":[{"href":"https:\/\/www.congresocoahuila.gob.mx\/portal\/wp-json\/wp\/v2\/types\/page"}],"author":[{"embeddable":true,"href":"https:\/\/www.congresocoahuila.gob.mx\/portal\/wp-json\/wp\/v2\/users\/6"}],"replies":[{"embeddable":true,"href":"https:\/\/www.congresocoahuila.gob.mx\/portal\/wp-json\/wp\/v2\/comments?post=25142"}],"version-history":[{"count":13,"href":"https:\/\/www.congresocoahuila.gob.mx\/portal\/wp-json\/wp\/v2\/pages\/25142\/revisions"}],"predecessor-version":[{"id":30052,"href":"https:\/\/www.congresocoahuila.gob.mx\/portal\/wp-json\/wp\/v2\/pages\/25142\/revisions\/30052"}],"wp:attachment":[{"href":"https:\/\/www.congresocoahuila.gob.mx\/portal\/wp-json\/wp\/v2\/media?parent=25142"}],"wp:term":[{"taxonomy":"category","embeddable":true,"href":"https:\/\/www.congresocoahuila.gob.mx\/portal\/wp-json\/wp\/v2\/categories?post=25142"},{"taxonomy":"post_tag","embeddable":true,"href":"https:\/\/www.congresocoahuila.gob.mx\/portal\/wp-json\/wp\/v2\/tags?post=25142"}],"curies":[{"name":"wp","href":"https:\/\/api.w.org\/{rel}","templated":true}]}}