{"id":25212,"date":"2017-04-05T13:28:49","date_gmt":"2017-04-05T18:28:49","guid":{"rendered":"http:\/\/congresocoahuila.gob.mx\/portal\/?page_id=25212"},"modified":"2017-07-07T15:10:45","modified_gmt":"2017-07-07T20:10:45","slug":"primer-periodo-ordinario-de-la-lx-legislatura-2017","status":"publish","type":"page","link":"https:\/\/www.congresocoahuila.gob.mx\/portal\/primer-periodo-ordinario-de-la-lx-legislatura-2017\/","title":{"rendered":"Primer Per\u00edodo Ordinario de la LX Legislatura 2017"},"content":{"rendered":"<p><strong>TERCER A\u00d1O DE EJERCICIO CONSTITUCIONAL 2017<br \/>\nPRIMER PER\u00cdODO ORDINARIO<\/strong><\/p>\n<p><a href=\"https:\/\/congresocoahuila.gob.mx\/transparencia\/ART\/26\/05\/1ER_ORDI_2017\/1_SESION_1_MARZO_2017.doc\">Primera Sesi\u00f3n del d\u00eda 01 de Marzo de 2017<\/a><br \/>\n<a href=\"https:\/\/congresocoahuila.gob.mx\/transparencia\/ART\/26\/05\/1ER_ORDI_2017\/2_SESION_8_MARZO_2017.doc\">Segunda Sesi\u00f3n del d\u00eda 08 de Marzo de 2017<\/a><br \/>\n<a href=\"https:\/\/congresocoahuila.gob.mx\/transparencia\/ART\/26\/05\/1ER_ORDI_2017\/3_SESION_8_MARZO_2017.doc\">Tercera Sesi\u00f3n del d\u00eda 08 de Marzo de 2017<\/a><br \/>\n<a href=\"https:\/\/congresocoahuila.gob.mx\/transparencia\/ART\/26\/05\/1ER_ORDI_2017\/4_SESION_14_MARZO_2017.doc\">Cuarta Sesi\u00f3n del d\u00eda 14 de Marzo de 2017<\/a><br \/>\n<a href=\"https:\/\/congresocoahuila.gob.mx\/transparencia\/ART\/26\/05\/1ER_ORDI_2017\/5_SESION_14_MARZO_2017.doc\">Quinta Sesi\u00f3n del d\u00eda 14 de Marzo de 2017<\/a><br \/>\n<a href=\"https:\/\/congresocoahuila.gob.mx\/transparencia\/ART\/26\/05\/1ER_ORDI_2017\/6_SESION_21_MARZO_2017.doc\">Sexta Sesi\u00f3n del d\u00eda 21 de Marzo de 2017<\/a><br \/>\n<a href=\"https:\/\/congresocoahuila.gob.mx\/transparencia\/ART\/26\/05\/1ER_ORDI_2017\/7_SESION_21_MARZO_2017.doc\">S\u00e9ptima Sesi\u00f3n del d\u00eda 21 de Marzo de 2017<\/a><br \/>\n<a href=\"https:\/\/congresocoahuila.gob.mx\/transparencia\/ART\/26\/05\/1ER_ORDI_2017\/8_SESION_29_MARZO_2017.doc\">Octava Sesi\u00f3n del d\u00eda 29 de Marzo de 2017<\/a><br \/>\n<a href=\"https:\/\/congresocoahuila.gob.mx\/transparencia\/ART\/26\/05\/1ER_ORDI_2017\/9_SESION_29_MARZO_2017.doc\">Novena Sesi\u00f3n del d\u00eda 29 de Marzo de 2017<\/a><br \/>\n<a href=\"https:\/\/congresocoahuila.gob.mx\/transparencia\/ART\/26\/05\/1ER_ORDI_2017\/10_SESION_5_ABRIL_2017.doc\">D\u00e9cima Sesi\u00f3n del d\u00eda 05 de Abril de 2017<\/a><br \/>\n<a href=\"https:\/\/congresocoahuila.gob.mx\/transparencia\/ART\/26\/05\/1ER_ORDI_2017\/11_SESION_5_ABRIL_2017.doc\">Und\u00e9cima Sesi\u00f3n del d\u00eda 05 de Abril de 2017<\/a><br \/>\n<a href=\"https:\/\/congresocoahuila.gob.mx\/transparencia\/ART\/26\/05\/1ER_ORDI_2017\/12_SESION_10_ABRIL_2017.doc\">Duod\u00e9cima Sesi\u00f3n del d\u00eda 10 de Abril de 2017<\/a><br \/>\n<a href=\"https:\/\/congresocoahuila.gob.mx\/transparencia\/ART\/26\/05\/1ER_ORDI_2017\/13_SESION_10_ABRIL_2017.doc\">D\u00e9cima Tercera Sesi\u00f3n del d\u00eda 10 de Abril de 2017<\/a><br \/>\n<a href=\"https:\/\/congresocoahuila.gob.mx\/transparencia\/ART\/26\/05\/1ER_ORDI_2017\/14_SESION_24_ABRIL_2017.doc\">D\u00e9cima Cuarta Sesi\u00f3n del d\u00eda 24 de Abril de 2017<\/a><br \/>\n<a href=\"https:\/\/congresocoahuila.gob.mx\/transparencia\/ART\/26\/05\/1ER_ORDI_2017\/15_SESION_24_ABRIL_2017.doc\">D\u00e9cima Quinta Sesi\u00f3n del d\u00eda 24 de Abril de 2017<\/a><br \/>\n<a href=\"https:\/\/congresocoahuila.gob.mx\/transparencia\/ART\/26\/05\/1ER_ORDI_2017\/16_DECIMA_SEXTA_2_MAYO_2017.doc\">D\u00e9cima Sexta Sesi\u00f3n del d\u00eda 02 de Mayo de 2017<\/a><br \/>\n<a href=\"https:\/\/congresocoahuila.gob.mx\/transparencia\/ART\/26\/05\/1ER_ORDI_2017\/17_DECIMA_SEPTIMA_2_MAYO_2017.doc\">D\u00e9cima S\u00e9ptima Sesi\u00f3n del d\u00eda 02 de Mayo de 2017<\/a><br \/>\n<a href=\"https:\/\/congresocoahuila.gob.mx\/transparencia\/ART\/26\/05\/1ER_ORDI_2017\/18_DECIMA_OCTAVA_10_MAYO_2017.doc\">D\u00e9cima Octava Sesi\u00f3n del d\u00eda 10 de Mayo de 2017<\/a><br \/>\n<a href=\"https:\/\/congresocoahuila.gob.mx\/transparencia\/ART\/26\/05\/1ER_ORDI_2017\/19_DECIMA_NOVENA_10_MAYO_2017.doc\">D\u00e9cima Novena Sesi\u00f3n del d\u00eda 10 de Mayo de 2017<\/a><br \/>\n<a href=\"https:\/\/congresocoahuila.gob.mx\/transparencia\/ART\/26\/05\/1ER_ORDI_2017\/20_VIGESIMA_17_MAYO_2017.doc\">Vig\u00e9sima Sesi\u00f3n del d\u00eda 17 de Mayo de 2017<\/a><br \/>\n<a href=\"https:\/\/congresocoahuila.gob.mx\/transparencia\/ART\/26\/05\/1ER_ORDI_2017\/21_VIGESIMA_PRIMERA_17_MAYO_2017.doc\">Vig\u00e9sima Primera Sesi\u00f3n del d\u00eda 17 de Mayo de 2017<\/a><br \/>\n<a href=\"https:\/\/congresocoahuila.gob.mx\/transparencia\/ART\/26\/05\/1ER_ORDI_2017\/22_VIGESIMA_SEGUNDA_23_MAYO_2017.doc\">Vig\u00e9sima Segunda Sesi\u00f3n del d\u00eda 23 de Mayo de 2017<\/a><br \/>\n<a href=\"https:\/\/congresocoahuila.gob.mx\/transparencia\/ART\/26\/05\/1ER_ORDI_2017\/23_VIGESIMA_TERCERA_23_MAYO_2017.doc\">Vig\u00e9sima Tercera Sesi\u00f3n del d\u00eda 23 de Mayo de 2017<\/a><br \/>\n<a href=\"https:\/\/congresocoahuila.gob.mx\/transparencia\/ART\/26\/05\/1ER_ORDI_2017\/24_VIGESIMA_CUARTA_29_MAYO_2017.doc\">Vig\u00e9sima Cuarta Sesi\u00f3n del d\u00eda 29 de Mayo de 2017<\/a><br \/>\n<a href=\"https:\/\/congresocoahuila.gob.mx\/transparencia\/ART\/26\/05\/1ER_ORDI_2017\/25_VIGESIMA_QUINTA_29_MAYO_2017.doc\">Vig\u00e9sima Quinta Sesi\u00f3n del d\u00eda 29 de Mayo de 2017<\/a><br \/>\n<a href=\"https:\/\/congresocoahuila.gob.mx\/transparencia\/ART\/26\/05\/1ER_ORDI_2017\/26_VIGESIMA_SEXTA_9_JUNIO_2017.doc\">Vig\u00e9sima Sexta Sesi\u00f3n del d\u00eda 09 de Junio de 2017<\/a><br \/>\n<a href=\"https:\/\/congresocoahuila.gob.mx\/transparencia\/ART\/26\/05\/1ER_ORDI_2017\/27_VIGESIMA_SEPTIMA_9_JUNIO_2017.doc\">Vig\u00e9sima S\u00e9ptima Sesi\u00f3n del d\u00eda 09 de Junio de 2017<\/a><br \/>\n<a href=\"https:\/\/congresocoahuila.gob.mx\/transparencia\/ART\/26\/05\/1ER_ORDI_2017\/28_VIGESIMA_OCTAVA_13_JUNIO_2017.doc\">Vig\u00e9sima Octava Sesi\u00f3n del d\u00eda 13 de Junio de 2017<\/a><br \/>\n<a href=\"https:\/\/congresocoahuila.gob.mx\/transparencia\/ART\/26\/05\/1ER_ORDI_2017\/29_VIGESIMA_NOVENA_13_JUNIO_2017.doc\">Vig\u00e9sima Novena Sesi\u00f3n del d\u00eda 13 de Junio de 2017<\/a><br \/>\n<a href=\"https:\/\/congresocoahuila.gob.mx\/transparencia\/ART\/26\/05\/1ER_ORDI_2017\/30_TRIGESIMA_20_JUNIO_2017.doc\">Trig\u00e9sima Sesi\u00f3n del d\u00eda 20 de Junio de 2017<\/a><br \/>\n<a href=\"https:\/\/congresocoahuila.gob.mx\/transparencia\/ART\/26\/05\/1ER_ORDI_2017\/31_TRIGESIMA_PRIMERA_20_JUNIO_2017.doc\">Trig\u00e9sima Primera Sesi\u00f3n del d\u00eda 20 de Junio de 2017<\/a><br \/>\n<a href=\"https:\/\/congresocoahuila.gob.mx\/transparencia\/ART\/26\/05\/1ER_ORDI_2017\/32_TRIGESIMA_SEGUNDA_28_JUNIO_2017.doc\">Trig\u00e9sima Segunda Sesi\u00f3n del d\u00eda 28 de Junio de 2017<\/a><br \/>\n<a href=\"https:\/\/congresocoahuila.gob.mx\/transparencia\/ART\/26\/05\/1ER_ORDI_2017\/33_TRIGESIMA_TERCERA__28_JUNIO_2017.doc\">Trig\u00e9sima Tercera Sesi\u00f3n del d\u00eda 28 de Junio de 2017<\/a><\/p>\n","protected":false},"excerpt":{"rendered":"<p>TERCER A\u00d1O DE EJERCICIO CONSTITUCIONAL 2017 PRIMER PER\u00cdODO ORDINARIO Primera Sesi\u00f3n del d\u00eda 01 de Marzo de 2017 Segunda Sesi\u00f3n del d\u00eda 08 de Marzo de 2017 Tercera Sesi\u00f3n del d\u00eda 08 de Marzo de 2017 Cuarta Sesi\u00f3n del d\u00eda 14 de Marzo de 2017 Quinta Sesi\u00f3n del d\u00eda 14 de Marzo de 2017 Sexta [&hellip;]<\/p>\n","protected":false},"author":6,"featured_media":0,"parent":0,"menu_order":0,"comment_status":"closed","ping_status":"closed","template":"","meta":{"footnotes":""},"categories":[],"tags":[],"class_list":["post-25212","page","type-page","status-publish","hentry"],"_links":{"self":[{"href":"https:\/\/www.congresocoahuila.gob.mx\/portal\/wp-json\/wp\/v2\/pages\/25212","targetHints":{"allow":["GET"]}}],"collection":[{"href":"https:\/\/www.congresocoahuila.gob.mx\/portal\/wp-json\/wp\/v2\/pages"}],"about":[{"href":"https:\/\/www.congresocoahuila.gob.mx\/portal\/wp-json\/wp\/v2\/types\/page"}],"author":[{"embeddable":true,"href":"https:\/\/www.congresocoahuila.gob.mx\/portal\/wp-json\/wp\/v2\/users\/6"}],"replies":[{"embeddable":true,"href":"https:\/\/www.congresocoahuila.gob.mx\/portal\/wp-json\/wp\/v2\/comments?post=25212"}],"version-history":[{"count":42,"href":"https:\/\/www.congresocoahuila.gob.mx\/portal\/wp-json\/wp\/v2\/pages\/25212\/revisions"}],"predecessor-version":[{"id":26513,"href":"https:\/\/www.congresocoahuila.gob.mx\/portal\/wp-json\/wp\/v2\/pages\/25212\/revisions\/26513"}],"wp:attachment":[{"href":"https:\/\/www.congresocoahuila.gob.mx\/portal\/wp-json\/wp\/v2\/media?parent=25212"}],"wp:term":[{"taxonomy":"category","embeddable":true,"href":"https:\/\/www.congresocoahuila.gob.mx\/portal\/wp-json\/wp\/v2\/categories?post=25212"},{"taxonomy":"post_tag","embeddable":true,"href":"https:\/\/www.congresocoahuila.gob.mx\/portal\/wp-json\/wp\/v2\/tags?post=25212"}],"curies":[{"name":"wp","href":"https:\/\/api.w.org\/{rel}","templated":true}]}}