{"id":25304,"date":"2017-04-08T20:06:42","date_gmt":"2017-04-09T01:06:42","guid":{"rendered":"http:\/\/congresocoahuila.gob.mx\/portal\/?page_id=25304"},"modified":"2018-01-10T10:15:02","modified_gmt":"2018-01-10T16:15:02","slug":"articulo-21-xxxi-2017","status":"publish","type":"page","link":"https:\/\/www.congresocoahuila.gob.mx\/portal\/articulo-21-xxxi-2017\/","title":{"rendered":"ART\u00cdCULO 21. XXXI 2017"},"content":{"rendered":"<p><a href=\"https:\/\/congresocoahuila.gob.mx\/transparencia\/ART\/21\/31\/2017\/2017_ENERO.doc\">ENERO<\/a><br \/>\n<a href=\"https:\/\/congresocoahuila.gob.mx\/transparencia\/ART\/21\/31\/2017\/2017_FEBRERO.doc\">FEBRERO<\/a><br \/>\n<a href=\"https:\/\/congresocoahuila.gob.mx\/transparencia\/ART\/21\/31\/2017\/2017_MARZO.doc\">MARZO<\/a><br \/>\n<a href=\"https:\/\/congresocoahuila.gob.mx\/transparencia\/ART\/21\/31\/2017\/2017_ABRIL.doc\">ABRIL<\/a><br \/>\n<a href=\"https:\/\/congresocoahuila.gob.mx\/transparencia\/ART\/21\/31\/2017\/2017_MAYO.doc\">MAYO<\/a><br \/>\n<a href=\"https:\/\/congresocoahuila.gob.mx\/transparencia\/ART\/21\/31\/2017\/2017_JUNIO.doc\">JUNIO<\/a><br \/>\n<a href=\"https:\/\/congresocoahuila.gob.mx\/transparencia\/ART\/21\/31\/2017\/2017_JULIO-SEPTIEMBRE.doc\">JULIO-SEPTIEMBRE<\/a><br \/>\n<a href=\"https:\/\/congresocoahuila.gob.mx\/transparencia\/ART\/21\/31\/2017\/2017_OCTUBRE-DICIEMBRE.doc\">OCTUBRE-DICIEMBRE<\/a><\/p>\n<p>Fecha de actualizaci\u00f3n: 31 de Diciembre de 2017.<br \/>\nResponsable de la Informaci\u00f3n: Lic. Juan Carlos Cisneros Ruiz,<br \/>\nDirector de Asuntos Jur\u00eddicos del H. Congreso del Estado de Coahuila<\/p>\n","protected":false},"excerpt":{"rendered":"<p>ENERO FEBRERO MARZO ABRIL MAYO JUNIO JULIO-SEPTIEMBRE OCTUBRE-DICIEMBRE Fecha de actualizaci\u00f3n: 31 de Diciembre de 2017. Responsable de la Informaci\u00f3n: Lic. Juan Carlos Cisneros Ruiz, Director de Asuntos Jur\u00eddicos del H. Congreso del Estado de Coahuila<\/p>\n","protected":false},"author":6,"featured_media":0,"parent":0,"menu_order":0,"comment_status":"closed","ping_status":"closed","template":"","meta":{"footnotes":""},"categories":[],"tags":[],"class_list":["post-25304","page","type-page","status-publish","hentry"],"_links":{"self":[{"href":"https:\/\/www.congresocoahuila.gob.mx\/portal\/wp-json\/wp\/v2\/pages\/25304","targetHints":{"allow":["GET"]}}],"collection":[{"href":"https:\/\/www.congresocoahuila.gob.mx\/portal\/wp-json\/wp\/v2\/pages"}],"about":[{"href":"https:\/\/www.congresocoahuila.gob.mx\/portal\/wp-json\/wp\/v2\/types\/page"}],"author":[{"embeddable":true,"href":"https:\/\/www.congresocoahuila.gob.mx\/portal\/wp-json\/wp\/v2\/users\/6"}],"replies":[{"embeddable":true,"href":"https:\/\/www.congresocoahuila.gob.mx\/portal\/wp-json\/wp\/v2\/comments?post=25304"}],"version-history":[{"count":12,"href":"https:\/\/www.congresocoahuila.gob.mx\/portal\/wp-json\/wp\/v2\/pages\/25304\/revisions"}],"predecessor-version":[{"id":29665,"href":"https:\/\/www.congresocoahuila.gob.mx\/portal\/wp-json\/wp\/v2\/pages\/25304\/revisions\/29665"}],"wp:attachment":[{"href":"https:\/\/www.congresocoahuila.gob.mx\/portal\/wp-json\/wp\/v2\/media?parent=25304"}],"wp:term":[{"taxonomy":"category","embeddable":true,"href":"https:\/\/www.congresocoahuila.gob.mx\/portal\/wp-json\/wp\/v2\/categories?post=25304"},{"taxonomy":"post_tag","embeddable":true,"href":"https:\/\/www.congresocoahuila.gob.mx\/portal\/wp-json\/wp\/v2\/tags?post=25304"}],"curies":[{"name":"wp","href":"https:\/\/api.w.org\/{rel}","templated":true}]}}