{"id":25377,"date":"2017-04-11T12:47:06","date_gmt":"2017-04-11T17:47:06","guid":{"rendered":"http:\/\/congresocoahuila.gob.mx\/portal\/?page_id=25377"},"modified":"2022-07-04T22:14:34","modified_gmt":"2022-07-05T03:14:34","slug":"articulo-21-8","status":"publish","type":"page","link":"https:\/\/www.congresocoahuila.gob.mx\/portal\/articulo-21-8\/","title":{"rendered":"ART\u00cdCULO 21-8"},"content":{"rendered":"<p><strong>Fecha de actualizaci\u00f3n:<\/strong> 1 de julio de 2022.<br \/>\n<strong>Responsable de la Informaci\u00f3n:<\/strong> C.P. Rogelio Torres Mendoza;<br \/>\nDirector de Administraci\u00f3n y Recursos Humanos<br \/>\ndel H. Congreso del Estado de Coahuila<\/p>\n<p>El perfil de los puestos y el curr\u00edculum de todos los servidores p\u00fablicos. Se except\u00faa la publicaci\u00f3n del curr\u00edculum de los miembros de las corporaciones policiacas;<\/p>\n<p><a href=\"http:\/\/congresocoahuila.gob.mx\/portal\/articulo-21-8-lxii-2021-2023-2\">LXII Legislatura 2021-2023<\/a><br \/>\n<a href=\"http:\/\/congresocoahuila.gob.mx\/portal\/21-8-lxi-legislatura\">LXI Legislatura 2018-2020<\/a><br \/>\n<a href=\"http:\/\/congresocoahuila.gob.mx\/portal\/21-8-lx-legislatura\">LX Legislatura 2015-2017<\/a><\/p>\n","protected":false},"excerpt":{"rendered":"<p>Fecha de actualizaci\u00f3n: 1 de julio de 2022. Responsable de la Informaci\u00f3n: C.P. Rogelio Torres Mendoza; Director de Administraci\u00f3n y Recursos Humanos del H. Congreso del Estado de Coahuila El perfil de los puestos y el curr\u00edculum de todos los servidores p\u00fablicos. Se except\u00faa la publicaci\u00f3n del curr\u00edculum de los miembros de las corporaciones policiacas; [&hellip;]<\/p>\n","protected":false},"author":3,"featured_media":0,"parent":0,"menu_order":0,"comment_status":"closed","ping_status":"closed","template":"","meta":{"footnotes":""},"categories":[],"tags":[],"class_list":["post-25377","page","type-page","status-publish","hentry"],"_links":{"self":[{"href":"https:\/\/www.congresocoahuila.gob.mx\/portal\/wp-json\/wp\/v2\/pages\/25377","targetHints":{"allow":["GET"]}}],"collection":[{"href":"https:\/\/www.congresocoahuila.gob.mx\/portal\/wp-json\/wp\/v2\/pages"}],"about":[{"href":"https:\/\/www.congresocoahuila.gob.mx\/portal\/wp-json\/wp\/v2\/types\/page"}],"author":[{"embeddable":true,"href":"https:\/\/www.congresocoahuila.gob.mx\/portal\/wp-json\/wp\/v2\/users\/3"}],"replies":[{"embeddable":true,"href":"https:\/\/www.congresocoahuila.gob.mx\/portal\/wp-json\/wp\/v2\/comments?post=25377"}],"version-history":[{"count":62,"href":"https:\/\/www.congresocoahuila.gob.mx\/portal\/wp-json\/wp\/v2\/pages\/25377\/revisions"}],"predecessor-version":[{"id":43796,"href":"https:\/\/www.congresocoahuila.gob.mx\/portal\/wp-json\/wp\/v2\/pages\/25377\/revisions\/43796"}],"wp:attachment":[{"href":"https:\/\/www.congresocoahuila.gob.mx\/portal\/wp-json\/wp\/v2\/media?parent=25377"}],"wp:term":[{"taxonomy":"category","embeddable":true,"href":"https:\/\/www.congresocoahuila.gob.mx\/portal\/wp-json\/wp\/v2\/categories?post=25377"},{"taxonomy":"post_tag","embeddable":true,"href":"https:\/\/www.congresocoahuila.gob.mx\/portal\/wp-json\/wp\/v2\/tags?post=25377"}],"curies":[{"name":"wp","href":"https:\/\/api.w.org\/{rel}","templated":true}]}}