{"id":25388,"date":"2017-04-13T19:12:09","date_gmt":"2017-04-14T00:12:09","guid":{"rendered":"http:\/\/congresocoahuila.gob.mx\/portal\/?page_id=25388"},"modified":"2022-07-05T09:08:05","modified_gmt":"2022-07-05T14:08:05","slug":"articulo-26-16","status":"publish","type":"page","link":"https:\/\/www.congresocoahuila.gob.mx\/portal\/articulo-26-16\/","title":{"rendered":"ART\u00cdCULO 26-16"},"content":{"rendered":"<p><a href=\"https:\/\/www.congresocoahuila.gob.mx\/portal\/articulo-26-16-lxii-legislatura-2021-2023\/\">LXII Legislatura 2021-2023<\/a><br \/>\n<a href=\"http:\/\/congresocoahuila.gob.mx\/portal\/articulo-26-16-lxi\">LXI Legislatura 2018-2020<\/a><br \/>\n<a href=\"http:\/\/congresocoahuila.gob.mx\/portal\/articulo-26-15-lx\">LX\u00a0 Legislatura 2015-2017<\/a><\/p>\n<p>Fecha de actualizaci\u00f3n: 1 de julio de 2022.<br \/>\nResponsable de la Informaci\u00f3n: C.P. C\u00e9sar Alejandro Fern\u00e1ndez Padilla, Director de Contabilidad en la Tesorer\u00eda del Congreso del Estado.<em>\u00a0<\/em><\/p>\n","protected":false},"excerpt":{"rendered":"<p>LXII Legislatura 2021-2023 LXI Legislatura 2018-2020 LX\u00a0 Legislatura 2015-2017 Fecha de actualizaci\u00f3n: 1 de julio de 2022. Responsable de la Informaci\u00f3n: C.P. C\u00e9sar Alejandro Fern\u00e1ndez Padilla, Director de Contabilidad en la Tesorer\u00eda del Congreso del Estado.\u00a0<\/p>\n","protected":false},"author":3,"featured_media":0,"parent":0,"menu_order":0,"comment_status":"closed","ping_status":"closed","template":"","meta":{"footnotes":""},"categories":[],"tags":[],"class_list":["post-25388","page","type-page","status-publish","hentry"],"_links":{"self":[{"href":"https:\/\/www.congresocoahuila.gob.mx\/portal\/wp-json\/wp\/v2\/pages\/25388","targetHints":{"allow":["GET"]}}],"collection":[{"href":"https:\/\/www.congresocoahuila.gob.mx\/portal\/wp-json\/wp\/v2\/pages"}],"about":[{"href":"https:\/\/www.congresocoahuila.gob.mx\/portal\/wp-json\/wp\/v2\/types\/page"}],"author":[{"embeddable":true,"href":"https:\/\/www.congresocoahuila.gob.mx\/portal\/wp-json\/wp\/v2\/users\/3"}],"replies":[{"embeddable":true,"href":"https:\/\/www.congresocoahuila.gob.mx\/portal\/wp-json\/wp\/v2\/comments?post=25388"}],"version-history":[{"count":53,"href":"https:\/\/www.congresocoahuila.gob.mx\/portal\/wp-json\/wp\/v2\/pages\/25388\/revisions"}],"predecessor-version":[{"id":43836,"href":"https:\/\/www.congresocoahuila.gob.mx\/portal\/wp-json\/wp\/v2\/pages\/25388\/revisions\/43836"}],"wp:attachment":[{"href":"https:\/\/www.congresocoahuila.gob.mx\/portal\/wp-json\/wp\/v2\/media?parent=25388"}],"wp:term":[{"taxonomy":"category","embeddable":true,"href":"https:\/\/www.congresocoahuila.gob.mx\/portal\/wp-json\/wp\/v2\/categories?post=25388"},{"taxonomy":"post_tag","embeddable":true,"href":"https:\/\/www.congresocoahuila.gob.mx\/portal\/wp-json\/wp\/v2\/tags?post=25388"}],"curies":[{"name":"wp","href":"https:\/\/api.w.org\/{rel}","templated":true}]}}