{"id":26,"date":"2014-11-12T14:38:31","date_gmt":"2014-11-12T20:38:31","guid":{"rendered":"http:\/\/www.congresocoahuila.gob.mx\/portal\/?page_id=26"},"modified":"2021-08-10T10:46:26","modified_gmt":"2021-08-10T15:46:26","slug":"pleno","status":"publish","type":"page","link":"https:\/\/www.congresocoahuila.gob.mx\/portal\/pleno\/","title":{"rendered":"PLENO LXII LEGISLATURA"},"content":{"rendered":"<ul>\n<li>Se conforma con las veinticinco diputadas y diputados que integran la LXII Legislatura, conforme a la Constituci\u00f3n del Estado.<\/li>\n<\/ul>\n<p>DIP. MAR\u00cdA EUGENIA GUADALUPE CALDER\u00d3N AMEZCUA<br \/>\nDIP. MAR\u00cdA ESPERANZA CHAPA GARC\u00cdA<br \/>\nDIP. JESUS MAR\u00cdA MONTEMAYOR GARZA<br \/>\nDIP. JORGE ANTONIO ABDALA SERNA<br \/>\nDIP. MAR\u00cdA GUADALUPE OYERVIDES VALDEZ<br \/>\nDIP. RICARDO L\u00d3PEZ CAMPOS<br \/>\nDIP. RAUL ONOFRE CONTRERAS<br \/>\nDIP. OLIVIA MART\u00cdNEZ LEYVA<br \/>\nDIP. EDUARDO OLMOS CASTRO<br \/>\nDIP.\u00a0<span style=\"font-size: 12pt;\">MARIO CEPEDA RAM\u00cdREZ*<\/span><br \/>\nDIP. H\u00c9CTOR HUGO D\u00c1VILA PRADO<br \/>\nDIP. EDNA ILEANA D\u00c1VALOS ELIZONDO<br \/>\nDIP. LUZ ELENA GUADALUPE MORALES NU\u00d1EZ<br \/>\nDIP. MAR\u00cdA B\u00c1RBARA CEPEDA BOEHRINGER<br \/>\nDIP. MARTHA LOERA AR\u00c1MBULA<br \/>\nDIP. \u00c1LVARO MOREIRA VALD\u00c9S<br \/>\nDIP. MAYRA LUCILA VALD\u00c9S GONZ\u00c1LEZ<br \/>\nDIP. CLAUDIA ELVIRA RODR\u00cdGUEZ M\u00c1RQUEZ<br \/>\nDIP. TANIA FLORES GUERRA<br \/>\nDIP. LIZBETH OGAZ\u00d3N NAVA<br \/>\nDIP. RODOLFO GERARDO WALSS AURIOLES<br \/>\nDIP. FRANCISCO JAVIER CORTEZ G\u00d3MEZ<br \/>\nDIP. LAURA FRANCISCA AGUILAR TABARES<br \/>\nDIP. TERESA DE JES\u00daS MERAZ GARC\u00cdA<br \/>\nDIP. LUZ NATALIA VIRGIL ORONA<\/p>\n<pre><\/pre>\n<p><a href=\"http:\/\/congresocoahuila.gob.mx\/portal\/pleno-lxi-legislatura\">Consultar Pleno de la LXI Legislatura<\/a><\/p>\n<p style=\"font-weight: 400;\"><a href=\"http:\/\/congresocoahuila.gob.mx\/portal\/pleno-lx-legislatura\">Consultar Pleno de la LX Legislatura.<\/a><\/p>\n","protected":false},"excerpt":{"rendered":"<p>Se conforma con las veinticinco diputadas y diputados que integran la LXII Legislatura, conforme a la Constituci\u00f3n del Estado. DIP. MAR\u00cdA EUGENIA GUADALUPE CALDER\u00d3N AMEZCUA DIP. MAR\u00cdA ESPERANZA CHAPA GARC\u00cdA DIP. JESUS MAR\u00cdA MONTEMAYOR GARZA DIP. JORGE ANTONIO ABDALA SERNA DIP. MAR\u00cdA GUADALUPE OYERVIDES VALDEZ DIP. RICARDO L\u00d3PEZ CAMPOS DIP. RAUL ONOFRE CONTRERAS DIP. OLIVIA [&hellip;]<\/p>\n","protected":false},"author":3,"featured_media":0,"parent":0,"menu_order":0,"comment_status":"open","ping_status":"closed","template":"","meta":{"footnotes":""},"categories":[],"tags":[],"class_list":["post-26","page","type-page","status-publish","hentry"],"_links":{"self":[{"href":"https:\/\/www.congresocoahuila.gob.mx\/portal\/wp-json\/wp\/v2\/pages\/26","targetHints":{"allow":["GET"]}}],"collection":[{"href":"https:\/\/www.congresocoahuila.gob.mx\/portal\/wp-json\/wp\/v2\/pages"}],"about":[{"href":"https:\/\/www.congresocoahuila.gob.mx\/portal\/wp-json\/wp\/v2\/types\/page"}],"author":[{"embeddable":true,"href":"https:\/\/www.congresocoahuila.gob.mx\/portal\/wp-json\/wp\/v2\/users\/3"}],"replies":[{"embeddable":true,"href":"https:\/\/www.congresocoahuila.gob.mx\/portal\/wp-json\/wp\/v2\/comments?post=26"}],"version-history":[{"count":39,"href":"https:\/\/www.congresocoahuila.gob.mx\/portal\/wp-json\/wp\/v2\/pages\/26\/revisions"}],"predecessor-version":[{"id":42084,"href":"https:\/\/www.congresocoahuila.gob.mx\/portal\/wp-json\/wp\/v2\/pages\/26\/revisions\/42084"}],"wp:attachment":[{"href":"https:\/\/www.congresocoahuila.gob.mx\/portal\/wp-json\/wp\/v2\/media?parent=26"}],"wp:term":[{"taxonomy":"category","embeddable":true,"href":"https:\/\/www.congresocoahuila.gob.mx\/portal\/wp-json\/wp\/v2\/categories?post=26"},{"taxonomy":"post_tag","embeddable":true,"href":"https:\/\/www.congresocoahuila.gob.mx\/portal\/wp-json\/wp\/v2\/tags?post=26"}],"curies":[{"name":"wp","href":"https:\/\/api.w.org\/{rel}","templated":true}]}}