{"id":27480,"date":"2017-09-27T12:50:25","date_gmt":"2017-09-27T17:50:25","guid":{"rendered":"http:\/\/congresocoahuila.gob.mx\/portal\/?page_id=27480"},"modified":"2018-04-26T11:19:04","modified_gmt":"2018-04-26T16:19:04","slug":"segundo-periodo-ordinario-de-la-lx-legislatura-2017","status":"publish","type":"page","link":"https:\/\/www.congresocoahuila.gob.mx\/portal\/segundo-periodo-ordinario-de-la-lx-legislatura-2017\/","title":{"rendered":"Segundo Per\u00edodo Ordinario de la LX Legislatura 2017"},"content":{"rendered":"<p><a href=\"https:\/\/congresocoahuila.gob.mx\/transparencia\/ART\/26\/05\/3ER_A_EJERCICIO_CONSTI_2017\/2NDO_P_ORDI\/1_PRIMERA_1_SEP.doc\">Primera Sesi\u00f3n del d\u00eda 01 de Septiembre de 2017<\/a><br \/>\n<a href=\"https:\/\/congresocoahuila.gob.mx\/transparencia\/ART\/26\/05\/3ER_A_EJERCICIO_CONSTI_2017\/2NDO_P_ORDI\/2_SEGUNDA_6_SEP.doc\">Segunda Sesi\u00f3n del d\u00eda 06 de Septiembre de 2017<\/a><br \/>\n<a href=\"https:\/\/congresocoahuila.gob.mx\/transparencia\/ART\/26\/05\/3ER_A_EJERCICIO_CONSTI_2017\/2NDO_P_ORDI\/3_TERCERA_6_SEP.doc\">Tercera Sesi\u00f3n del d\u00eda 06 de Septiembre de 2017<\/a><br \/>\n<a href=\"https:\/\/congresocoahuila.gob.mx\/transparencia\/ART\/26\/05\/3ER_A_EJERCICIO_CONSTI_2017\/2NDO_P_ORDI\/4_CUARTA_12_SEP.doc\">Cuarta Sesi\u00f3n del d\u00eda 12 de Septiembre de 2017<\/a><br \/>\n<a href=\"https:\/\/congresocoahuila.gob.mx\/transparencia\/ART\/26\/05\/3ER_A_EJERCICIO_CONSTI_2017\/2NDO_P_ORDI\/5_QUINTA_12_SEP.doc\">Quinta Sesi\u00f3n del d\u00eda 12 de Septiembre de 2017<\/a><br \/>\nSexta Sesi\u00f3n del d\u00eda\u00a019 de Septiembre de 2017<br \/>\n<a href=\"https:\/\/congresocoahuila.gob.mx\/transparencia\/ART\/26\/05\/3ER_A_EJERCICIO_CONSTI_2017\/2NDO_P_ORDI\/7_SEPTIMA_19_SEP.doc\">S\u00e9ptima Sesi\u00f3n del d\u00eda 19 de Septiembre de 2017<\/a><br \/>\n<a href=\"https:\/\/congresocoahuila.gob.mx\/transparencia\/ART\/26\/05\/3ER_A_EJERCICIO_CONSTI_2017\/2NDO_P_ORDI\/8_OCTAVA_22_SEP.doc\">Octava Sesi\u00f3n del d\u00eda 22 de Septiembre de 2017<\/a><br \/>\n<a href=\"https:\/\/congresocoahuila.gob.mx\/transparencia\/ART\/26\/05\/3ER_A_EJERCICIO_CONSTI_2017\/2NDO_P_ORDI\/9_NOVENA_28_SEP.doc\">Novena Sesi\u00f3n del d\u00eda 28 de Septiembre de 2017<\/a><br \/>\n<a href=\"https:\/\/congresocoahuila.gob.mx\/transparencia\/ART\/26\/05\/3ER_A_EJERCICIO_CONSTI_2017\/2NDO_P_ORDI\/10_DECIMA_28_SEP.doc\">D\u00e9cima Sesi\u00f3n del d\u00eda 28 de Septiembre de 2017<\/a><br \/>\n<a href=\"https:\/\/congresocoahuila.gob.mx\/transparencia\/ART\/26\/05\/3ER_A_EJERCICIO_CONSTI_2017\/2NDO_P_ORDI\/11_UNDECIMA_3_OCT.doc\">Und\u00e9cima Sesi\u00f3n del d\u00eda 03 de Octubre de 2017<\/a><br \/>\n<a href=\"https:\/\/congresocoahuila.gob.mx\/transparencia\/ART\/26\/05\/3ER_A_EJERCICIO_CONSTI_2017\/2NDO_P_ORDI\/12_DUOCEIMA_3_OCT.doc\">Duod\u00e9cima Sesi\u00f3n del d\u00eda 03 de Octubre de 2017<\/a><br \/>\n<a href=\"https:\/\/congresocoahuila.gob.mx\/transparencia\/ART\/26\/05\/3ER_A_EJERCICIO_CONSTI_2017\/2NDO_P_ORDI\/13_DECIMA_TERCERA_10_OCT.doc\">D\u00e9cima Tercera Sesi\u00f3n del d\u00eda 10 de Octubre de 2017<\/a><br \/>\n<a href=\"https:\/\/congresocoahuila.gob.mx\/transparencia\/ART\/26\/05\/3ER_A_EJERCICIO_CONSTI_2017\/2NDO_P_ORDI\/14_DECIMA_CUARTA_17_OCT.doc\">D\u00e9cima Cuarta Sesi\u00f3n del d\u00eda 17 de Octubre de 2017<\/a><br \/>\n<a href=\"https:\/\/congresocoahuila.gob.mx\/transparencia\/ART\/26\/05\/3ER_A_EJERCICIO_CONSTI_2017\/2NDO_P_ORDI\/15_DECIMA_QUINTA_17_OCT.doc\">D\u00e9cima Quinta Sesi\u00f3n del d\u00eda 17 de Octubre de 2017<\/a><br \/>\n<a href=\"https:\/\/congresocoahuila.gob.mx\/transparencia\/ART\/26\/05\/3ER_A_EJERCICIO_CONSTI_2017\/2NDO_P_ORDI\/16_DECIMA_SEXTA_19_OCT.doc\">D\u00e9cima Sexta Sesi\u00f3n del d\u00eda 19 de Octubre de 2017<\/a><br \/>\n<a href=\"https:\/\/congresocoahuila.gob.mx\/transparencia\/ART\/26\/05\/3ER_A_EJERCICIO_CONSTI_2017\/2NDO_P_ORDI\/17_DECIMA_SEPTIMA_26_OCT.doc\">D\u00e9cima S\u00e9ptima Sesi\u00f3n del d\u00eda 26 de Octubre de 2017<\/a><br \/>\n<a href=\"https:\/\/congresocoahuila.gob.mx\/transparencia\/ART\/26\/05\/3ER_A_EJERCICIO_CONSTI_2017\/2NDO_P_ORDI\/19_SESION_01_NOV.pdf\">D\u00e9cima Octava Sesi\u00f3n del d\u00eda 26 de Octubre de 2017<\/a><br \/>\n<a href=\"https:\/\/congresocoahuila.gob.mx\/transparencia\/ART\/26\/05\/3ER_A_EJERCICIO_CONSTI_2017\/2NDO_P_ORDI\/19_SESION_01_NOV.pdf\">D\u00e9cima Novena Sesi\u00f3n del d\u00eda 01 de Noviembre de 2017<\/a><br \/>\n<a href=\"https:\/\/congresocoahuila.gob.mx\/transparencia\/ART\/26\/05\/3ER_A_EJERCICIO_CONSTI_2017\/2NDO_P_ORDI\/20_VIGESIMA_1_NOV.doc\">Vig\u00e9sima Sesi\u00f3n del d\u00eda 01 de Noviembre de 2017<\/a><br \/>\nVig\u00e9sima Primera Sesi\u00f3n del d\u00eda 06 de Noviembre de 2017<br \/>\n<a href=\"https:\/\/congresocoahuila.gob.mx\/transparencia\/ART\/26\/05\/3ER_A_EJERCICIO_CONSTI_2017\/2NDO_P_ORDI\/22_SESION_06_NOV.pdf\">Vig\u00e9sima Segunda Sesi\u00f3n del d\u00eda 06 de Noviembre de 2017<\/a><br \/>\n<a href=\"https:\/\/congresocoahuila.gob.mx\/transparencia\/ART\/26\/05\/3ER_A_EJERCICIO_CONSTI_2017\/2NDO_P_ORDI\/23_SESION_15_NOV.pdf\">Vig\u00e9sima Tercera Sesi\u00f3n del d\u00eda 15 de Noviembre de 2017<\/a><br \/>\n<a href=\"https:\/\/congresocoahuila.gob.mx\/transparencia\/ART\/26\/05\/3ER_A_EJERCICIO_CONSTI_2017\/2NDO_P_ORDI\/24_SESION_15_NOV.pdf\">Vig\u00e9sima Cuarta Sesi\u00f3n del d\u00eda 15 de Noviembre de 2017<\/a><br \/>\n<a href=\"https:\/\/congresocoahuila.gob.mx\/transparencia\/ART\/26\/05\/3ER_A_EJERCICIO_CONSTI_2017\/2NDO_P_ORDI\/25_SESION_22_NOV.pdf\">Vig\u00e9sima Quinta Sesi\u00f3n del d\u00eda 22 de Noviembre de 2017<\/a><br \/>\n<a href=\"https:\/\/congresocoahuila.gob.mx\/transparencia\/ART\/26\/05\/3ER_A_EJERCICIO_CONSTI_2017\/2NDO_P_ORDI\/26_SESION_22_NOV.pdf\">Vig\u00e9sima Sexta Sesi\u00f3n del d\u00eda 22 de Noviembre de 2017<\/a><br \/>\nVig\u00e9sima S\u00e9ptima Sesi\u00f3n del d\u00eda 01 de Diciembre de 2017<br \/>\n<a href=\"https:\/\/congresocoahuila.gob.mx\/transparencia\/ART\/26\/05\/3ER_A_EJERCICIO_CONSTI_2017\/2NDO_P_ORDI\/28_06_DIC_2017.pdf\">Vig\u00e9sima Octava Sesi\u00f3n del d\u00eda 06 de Diciembre de 2017<\/a><br \/>\n<a href=\"https:\/\/congresocoahuila.gob.mx\/transparencia\/ART\/26\/05\/3ER_A_EJERCICIO_CONSTI_2017\/2NDO_P_ORDI\/29_06_DICI_2017.pdf\">Vig\u00e9sima Novena Sesi\u00f3n del d\u00eda 06 de Diciembre de 2017<\/a><br \/>\n<a href=\"https:\/\/congresocoahuila.gob.mx\/transparencia\/ART\/26\/05\/3ER_A_EJERCICIO_CONSTI_2017\/2NDO_P_ORDI\/30_13_DICI_2017.pdf\">Trig\u00e9sima Sesi\u00f3n del d\u00eda 13 de Diciembre de 2017<\/a><br \/>\n<a href=\"https:\/\/congresocoahuila.gob.mx\/transparencia\/ART\/26\/05\/3ER_A_EJERCICIO_CONSTI_2017\/2NDO_P_ORDI\/31_13_DIC_2017.pdf\">Trig\u00e9sima Primera Sesi\u00f3n del d\u00eda 13 de Diciembre de 2017<\/a><br \/>\n<a href=\"https:\/\/congresocoahuila.gob.mx\/transparencia\/ART\/26\/05\/3ER_A_EJERCICIO_CONSTI_2017\/2NDO_P_ORDI\/32_14_DIC_2017.pdf\">Trig\u00e9sima Segunda Sesi\u00f3n del d\u00eda 14 de Diciembre de 2017<\/a><br \/>\n<a href=\"https:\/\/congresocoahuila.gob.mx\/transparencia\/ART\/26\/05\/3ER_A_EJERCICIO_CONSTI_2017\/2NDO_P_ORDI\/33_18_DIC_2017.pdf\">Trig\u00e9sima Tercera Sesi\u00f3n del d\u00eda 18 de Diciembre de 2017<\/a><br \/>\nTrig\u00e9sima Cuarta Sesi\u00f3n del d\u00eda 22 de Diciembre de 2017<br \/>\n<a href=\"https:\/\/congresocoahuila.gob.mx\/transparencia\/ART\/26\/05\/3ER_A_EJERCICIO_CONSTI_2017\/2NDO_P_ORDI\/35_27_DIC_2017.pdf\">Trig\u00e9sima\u00a0Quinta Sesi\u00f3n del d\u00eda 27 de Diciembre de 2017<\/a><br \/>\n<a href=\"https:\/\/congresocoahuila.gob.mx\/transparencia\/ART\/26\/05\/3ER_A_EJERCICIO_CONSTI_2017\/2NDO_P_ORDI\/36_27_DIC_2017.pdf\">Trig\u00e9sima Sexta Sesi\u00f3n del d\u00eda 27 de Diciembre de 2017<\/a><\/p>\n","protected":false},"excerpt":{"rendered":"<p>Primera Sesi\u00f3n del d\u00eda 01 de Septiembre de 2017 Segunda Sesi\u00f3n del d\u00eda 06 de Septiembre de 2017 Tercera Sesi\u00f3n del d\u00eda 06 de Septiembre de 2017 Cuarta Sesi\u00f3n del d\u00eda 12 de Septiembre de 2017 Quinta Sesi\u00f3n del d\u00eda 12 de Septiembre de 2017 Sexta Sesi\u00f3n del d\u00eda\u00a019 de Septiembre de 2017 S\u00e9ptima Sesi\u00f3n [&hellip;]<\/p>\n","protected":false},"author":6,"featured_media":0,"parent":0,"menu_order":0,"comment_status":"closed","ping_status":"closed","template":"","meta":{"footnotes":""},"categories":[],"tags":[],"class_list":["post-27480","page","type-page","status-publish","hentry"],"_links":{"self":[{"href":"https:\/\/www.congresocoahuila.gob.mx\/portal\/wp-json\/wp\/v2\/pages\/27480","targetHints":{"allow":["GET"]}}],"collection":[{"href":"https:\/\/www.congresocoahuila.gob.mx\/portal\/wp-json\/wp\/v2\/pages"}],"about":[{"href":"https:\/\/www.congresocoahuila.gob.mx\/portal\/wp-json\/wp\/v2\/types\/page"}],"author":[{"embeddable":true,"href":"https:\/\/www.congresocoahuila.gob.mx\/portal\/wp-json\/wp\/v2\/users\/6"}],"replies":[{"embeddable":true,"href":"https:\/\/www.congresocoahuila.gob.mx\/portal\/wp-json\/wp\/v2\/comments?post=27480"}],"version-history":[{"count":46,"href":"https:\/\/www.congresocoahuila.gob.mx\/portal\/wp-json\/wp\/v2\/pages\/27480\/revisions"}],"predecessor-version":[{"id":30818,"href":"https:\/\/www.congresocoahuila.gob.mx\/portal\/wp-json\/wp\/v2\/pages\/27480\/revisions\/30818"}],"wp:attachment":[{"href":"https:\/\/www.congresocoahuila.gob.mx\/portal\/wp-json\/wp\/v2\/media?parent=27480"}],"wp:term":[{"taxonomy":"category","embeddable":true,"href":"https:\/\/www.congresocoahuila.gob.mx\/portal\/wp-json\/wp\/v2\/categories?post=27480"},{"taxonomy":"post_tag","embeddable":true,"href":"https:\/\/www.congresocoahuila.gob.mx\/portal\/wp-json\/wp\/v2\/tags?post=27480"}],"curies":[{"name":"wp","href":"https:\/\/api.w.org\/{rel}","templated":true}]}}