{"id":28153,"date":"2017-10-25T23:26:05","date_gmt":"2017-10-26T04:26:05","guid":{"rendered":"http:\/\/congresocoahuila.gob.mx\/portal\/?page_id=28153"},"modified":"2017-11-02T12:31:09","modified_gmt":"2017-11-02T18:31:09","slug":"icai","status":"publish","type":"page","link":"https:\/\/www.congresocoahuila.gob.mx\/portal\/icai\/","title":{"rendered":"ICAI"},"content":{"rendered":"<p><a href=\"http:\/\/congresocoahuila.gob.mx\/portal\/wp-content\/uploads\/2017\/10\/20171026-LISTA-DE-RESULTADOS-EXAMEN-ICAI-APLICADO-POR-LA-UADEC.pdf\">RESULTADOS DE EXAMEN DE ASPIRANTES A OCUPAR EL CARGO DE COMISIONADO DEL INSTITUTO COAHUILENSE SE ACCESO A LA INFORMACI\u00d3N P\u00daBLICA.<\/a><\/p>\n<p><a href=\"http:\/\/congresocoahuila.gob.mx\/portal\/wp-content\/uploads\/2017\/10\/20171026-CALENDARIO-DE-COMPARECENCIAS-ICAI.pdf\">CALENDARIO DE COMPARECENCIAS DE ASPIRANTES A OCUPAR EL CARGO DE COMISIONADO DEL INSTITUTO COAHUILENSE DE ACCESO A LA INFORMACI\u00d3N P\u00daBLICA<\/a>.<\/p>\n<p>CURRICULUM VITAE DE ASPIRANTES A CARGO DE\u00a0COMISIONADO DEL CONSEJO GENERAL DEL INSTITUTO COAHUILENSE DE ACCESO A LA INFORMACI\u00d3N P\u00daBLICA QUE COMPARECER\u00c1N ANTE LA COMISI\u00d3N.<\/p>\n<p><a href=\"http:\/\/congresocoahuila.gob.mx\/portal\/wp-content\/uploads\/2017\/10\/Manuel-Javier-Boone-de-Nova.pdf\">Boone de Nova Manuel Javier<\/a><\/p>\n<p><a href=\"http:\/\/congresocoahuila.gob.mx\/portal\/wp-content\/uploads\/2017\/10\/Francisco-Javier-Diez-de-Urdanivia-del-Valle.pdf\">Diez de Urdanivia del Valle Francisco Javier<\/a><\/p>\n<p><a href=\"http:\/\/congresocoahuila.gob.mx\/portal\/wp-content\/uploads\/2017\/10\/Arturo-Flores-Rodr\u00edguez.pdf\">Flores Rodr\u00edguez Arturo<\/a><\/p>\n<p><a href=\"http:\/\/congresocoahuila.gob.mx\/portal\/wp-content\/uploads\/2017\/10\/Enrique-Flores-Ruiz.pdf\">Flores Ru\u00edz Enrique<\/a><\/p>\n<p><a href=\"http:\/\/congresocoahuila.gob.mx\/portal\/wp-content\/uploads\/2017\/10\/David-Alberto-Hern\u00e1ndez-Mart\u00ednez.pdf\">Hern\u00e1ndez Mart\u00ednez David Alberto<\/a><\/p>\n<p><a href=\"http:\/\/congresocoahuila.gob.mx\/portal\/wp-content\/uploads\/2017\/10\/Marco-Antonio-Kalionchiz-Rodr\u00edguez.pdf\">Kalionchiz Rodr\u00edguez Marco Antonio<\/a><\/p>\n<p><a href=\"http:\/\/congresocoahuila.gob.mx\/portal\/wp-content\/uploads\/2017\/10\/V\u00edctor-Manuel-Luna-Lozano.pdf\">Luna Lozano V\u00edctor Manuel<\/a><\/p>\n<p><a href=\"http:\/\/congresocoahuila.gob.mx\/portal\/wp-content\/uploads\/2017\/10\/Bertha-Icela-Mata-Ort\u00edz.pdf\">Mata Ortiz Bertha Icela<\/a><\/p>\n<p><a href=\"http:\/\/congresocoahuila.gob.mx\/portal\/wp-content\/uploads\/2017\/10\/Miguel-Angel-Medina-Torres.pdf\">Medina Torres Miguel \u00c1ngel<\/a><\/p>\n<p><a href=\"http:\/\/congresocoahuila.gob.mx\/portal\/wp-content\/uploads\/2017\/10\/C\u00e9sar-Abelardo-Mu\u00f1iz-Motas.pdf\">Mu\u00f1iz Motas C\u00e9sar Abelardo<\/a><\/p>\n<p><a href=\"http:\/\/congresocoahuila.gob.mx\/portal\/wp-content\/uploads\/2017\/10\/Laura-Leticia-P\u00e9rez-Ramos.pdf\">P\u00e9rez Ramos Laura Leticia<\/a><\/p>\n<p><a href=\"http:\/\/congresocoahuila.gob.mx\/portal\/wp-content\/uploads\/2017\/10\/Reynaldo-Rosas-Cepeda.pdf\">Rosas Cepeda Reynaldo<\/a><\/p>\n<p><a href=\"http:\/\/congresocoahuila.gob.mx\/portal\/wp-content\/uploads\/2017\/10\/M\u00f3nika-Elizabeth-Zertuche-S\u00e1nchez_.pdf\">Zertuche S\u00e1nchez Monika Elizabeth<\/a><\/p>\n","protected":false},"excerpt":{"rendered":"<p>RESULTADOS DE EXAMEN DE ASPIRANTES A OCUPAR EL CARGO DE COMISIONADO DEL INSTITUTO COAHUILENSE SE ACCESO A LA INFORMACI\u00d3N P\u00daBLICA. CALENDARIO DE COMPARECENCIAS DE ASPIRANTES A OCUPAR EL CARGO DE COMISIONADO DEL INSTITUTO COAHUILENSE DE ACCESO A LA INFORMACI\u00d3N P\u00daBLICA. CURRICULUM VITAE DE ASPIRANTES A CARGO DE\u00a0COMISIONADO DEL CONSEJO GENERAL DEL INSTITUTO COAHUILENSE DE ACCESO [&hellip;]<\/p>\n","protected":false},"author":6,"featured_media":0,"parent":0,"menu_order":0,"comment_status":"closed","ping_status":"closed","template":"","meta":{"footnotes":""},"categories":[],"tags":[],"class_list":["post-28153","page","type-page","status-publish","hentry"],"_links":{"self":[{"href":"https:\/\/www.congresocoahuila.gob.mx\/portal\/wp-json\/wp\/v2\/pages\/28153","targetHints":{"allow":["GET"]}}],"collection":[{"href":"https:\/\/www.congresocoahuila.gob.mx\/portal\/wp-json\/wp\/v2\/pages"}],"about":[{"href":"https:\/\/www.congresocoahuila.gob.mx\/portal\/wp-json\/wp\/v2\/types\/page"}],"author":[{"embeddable":true,"href":"https:\/\/www.congresocoahuila.gob.mx\/portal\/wp-json\/wp\/v2\/users\/6"}],"replies":[{"embeddable":true,"href":"https:\/\/www.congresocoahuila.gob.mx\/portal\/wp-json\/wp\/v2\/comments?post=28153"}],"version-history":[{"count":4,"href":"https:\/\/www.congresocoahuila.gob.mx\/portal\/wp-json\/wp\/v2\/pages\/28153\/revisions"}],"predecessor-version":[{"id":28303,"href":"https:\/\/www.congresocoahuila.gob.mx\/portal\/wp-json\/wp\/v2\/pages\/28153\/revisions\/28303"}],"wp:attachment":[{"href":"https:\/\/www.congresocoahuila.gob.mx\/portal\/wp-json\/wp\/v2\/media?parent=28153"}],"wp:term":[{"taxonomy":"category","embeddable":true,"href":"https:\/\/www.congresocoahuila.gob.mx\/portal\/wp-json\/wp\/v2\/categories?post=28153"},{"taxonomy":"post_tag","embeddable":true,"href":"https:\/\/www.congresocoahuila.gob.mx\/portal\/wp-json\/wp\/v2\/tags?post=28153"}],"curies":[{"name":"wp","href":"https:\/\/api.w.org\/{rel}","templated":true}]}}