{"id":2831,"date":"2014-11-24T11:53:02","date_gmt":"2014-11-24T17:53:02","guid":{"rendered":"http:\/\/www.congresocoahuila.gob.mx\/portal\/?page_id=2831"},"modified":"2022-07-07T12:24:14","modified_gmt":"2022-07-07T17:24:14","slug":"articulo-21-xxxviii","status":"publish","type":"page","link":"https:\/\/www.congresocoahuila.gob.mx\/portal\/articulo-21-xxxviii\/","title":{"rendered":"ART\u00cdCULO 21-XXXVIII"},"content":{"rendered":"<p><strong>ENTREGA DE RECURSOS P\u00daBLICOS<\/strong><\/p>\n<p><a href=\"http:\/\/congresocoahuila.gob.mx\/portal\/21-38-legislatura-lxii\">Legislatura LXII<\/a><br \/>\n<a href=\"http:\/\/congresocoahuila.gob.mx\/portal\/articulo-21-xxxviii-lxi\">Legislatura LXI<\/a><br \/>\n<a title=\"ART\u00cdCULO 21-XXXVIII-\" href=\"http:\/\/congresocoahuila.gob.mx\/portal\/?page_id=14744\">Legislatura LX<\/a><br \/>\n<a title=\"ART\u00cdCULO 21-XXXVIII-LIX\" href=\"http:\/\/congresocoahuila.gob.mx\/portal\/?page_id=13171\">Legisltura LIX<\/a><br \/>\nLegislatura LVIII<\/p>\n<p><strong>Fecha de Actualizaci\u00f3n:<\/strong> 1 de julio de 2022<br \/>\n<strong>Responsable de la Informaci\u00f3n:<\/strong>\u00a0C.P. C\u00e9sar Alejandro Fern\u00e1ndez Padilla,<br \/>\nDirector de Contabilidad en la Tesorer\u00eda del Congreso del Estado.<\/p>\n","protected":false},"excerpt":{"rendered":"<p>ENTREGA DE RECURSOS P\u00daBLICOS Legislatura LXII Legislatura LXI Legislatura LX Legisltura LIX Legislatura LVIII Fecha de Actualizaci\u00f3n: 1 de julio de 2022 Responsable de la Informaci\u00f3n:\u00a0C.P. C\u00e9sar Alejandro Fern\u00e1ndez Padilla, Director de Contabilidad en la Tesorer\u00eda del Congreso del Estado.<\/p>\n","protected":false},"author":3,"featured_media":0,"parent":0,"menu_order":0,"comment_status":"closed","ping_status":"closed","template":"","meta":{"footnotes":""},"categories":[],"tags":[],"class_list":["post-2831","page","type-page","status-publish","hentry"],"_links":{"self":[{"href":"https:\/\/www.congresocoahuila.gob.mx\/portal\/wp-json\/wp\/v2\/pages\/2831","targetHints":{"allow":["GET"]}}],"collection":[{"href":"https:\/\/www.congresocoahuila.gob.mx\/portal\/wp-json\/wp\/v2\/pages"}],"about":[{"href":"https:\/\/www.congresocoahuila.gob.mx\/portal\/wp-json\/wp\/v2\/types\/page"}],"author":[{"embeddable":true,"href":"https:\/\/www.congresocoahuila.gob.mx\/portal\/wp-json\/wp\/v2\/users\/3"}],"replies":[{"embeddable":true,"href":"https:\/\/www.congresocoahuila.gob.mx\/portal\/wp-json\/wp\/v2\/comments?post=2831"}],"version-history":[{"count":55,"href":"https:\/\/www.congresocoahuila.gob.mx\/portal\/wp-json\/wp\/v2\/pages\/2831\/revisions"}],"predecessor-version":[{"id":43872,"href":"https:\/\/www.congresocoahuila.gob.mx\/portal\/wp-json\/wp\/v2\/pages\/2831\/revisions\/43872"}],"wp:attachment":[{"href":"https:\/\/www.congresocoahuila.gob.mx\/portal\/wp-json\/wp\/v2\/media?parent=2831"}],"wp:term":[{"taxonomy":"category","embeddable":true,"href":"https:\/\/www.congresocoahuila.gob.mx\/portal\/wp-json\/wp\/v2\/categories?post=2831"},{"taxonomy":"post_tag","embeddable":true,"href":"https:\/\/www.congresocoahuila.gob.mx\/portal\/wp-json\/wp\/v2\/tags?post=2831"}],"curies":[{"name":"wp","href":"https:\/\/api.w.org\/{rel}","templated":true}]}}