{"id":28537,"date":"2017-11-17T15:13:23","date_gmt":"2017-11-17T21:13:23","guid":{"rendered":"http:\/\/congresocoahuila.gob.mx\/portal\/?page_id=28537"},"modified":"2022-07-04T22:19:37","modified_gmt":"2022-07-05T03:19:37","slug":"21-15","status":"publish","type":"page","link":"https:\/\/www.congresocoahuila.gob.mx\/portal\/21-15\/","title":{"rendered":"21-15"},"content":{"rendered":"<p><a href=\"http:\/\/congresocoahuila.gob.mx\/portal\/21-15-legislatura-lxii-2021-2023\">Legislatura LXII 2021-2023<\/a><br \/>\n<a href=\"http:\/\/congresocoahuila.gob.mx\/portal\/21-15-lxi\">LXI Legislatura 2018-2020<\/a><br \/>\n<a href=\"http:\/\/congresocoahuila.gob.mx\/portal\/21-15-lx\">LX Legislatura 2015-2017<\/a><\/p>\n<p><strong>Fecha de Actualizaci\u00f3n:<\/strong> 1 de julio de 2022<br \/>\n<strong>Responsable de la Informaci\u00f3n:<\/strong>\u00a0C.P. C\u00e9sar Alejandro Fern\u00e1ndez Padilla,<br \/>\nDirector de Contabilidad en la Tesorer\u00eda del Congreso del Estado.<\/p>\n","protected":false},"excerpt":{"rendered":"<p>Legislatura LXII 2021-2023 LXI Legislatura 2018-2020 LX Legislatura 2015-2017 Fecha de Actualizaci\u00f3n: 1 de julio de 2022 Responsable de la Informaci\u00f3n:\u00a0C.P. C\u00e9sar Alejandro Fern\u00e1ndez Padilla, Director de Contabilidad en la Tesorer\u00eda del Congreso del Estado.<\/p>\n","protected":false},"author":3,"featured_media":0,"parent":0,"menu_order":0,"comment_status":"closed","ping_status":"closed","template":"","meta":{"footnotes":""},"categories":[],"tags":[],"class_list":["post-28537","page","type-page","status-publish","hentry"],"_links":{"self":[{"href":"https:\/\/www.congresocoahuila.gob.mx\/portal\/wp-json\/wp\/v2\/pages\/28537","targetHints":{"allow":["GET"]}}],"collection":[{"href":"https:\/\/www.congresocoahuila.gob.mx\/portal\/wp-json\/wp\/v2\/pages"}],"about":[{"href":"https:\/\/www.congresocoahuila.gob.mx\/portal\/wp-json\/wp\/v2\/types\/page"}],"author":[{"embeddable":true,"href":"https:\/\/www.congresocoahuila.gob.mx\/portal\/wp-json\/wp\/v2\/users\/3"}],"replies":[{"embeddable":true,"href":"https:\/\/www.congresocoahuila.gob.mx\/portal\/wp-json\/wp\/v2\/comments?post=28537"}],"version-history":[{"count":47,"href":"https:\/\/www.congresocoahuila.gob.mx\/portal\/wp-json\/wp\/v2\/pages\/28537\/revisions"}],"predecessor-version":[{"id":43803,"href":"https:\/\/www.congresocoahuila.gob.mx\/portal\/wp-json\/wp\/v2\/pages\/28537\/revisions\/43803"}],"wp:attachment":[{"href":"https:\/\/www.congresocoahuila.gob.mx\/portal\/wp-json\/wp\/v2\/media?parent=28537"}],"wp:term":[{"taxonomy":"category","embeddable":true,"href":"https:\/\/www.congresocoahuila.gob.mx\/portal\/wp-json\/wp\/v2\/categories?post=28537"},{"taxonomy":"post_tag","embeddable":true,"href":"https:\/\/www.congresocoahuila.gob.mx\/portal\/wp-json\/wp\/v2\/tags?post=28537"}],"curies":[{"name":"wp","href":"https:\/\/api.w.org\/{rel}","templated":true}]}}